{"id":1106,"date":"2014-01-22T16:59:25","date_gmt":"2014-01-22T16:59:25","guid":{"rendered":"http:\/\/redhistoriapsi.mora.edu.mx\/?page_id=1106"},"modified":"2024-06-19T19:12:45","modified_gmt":"2024-06-19T19:12:45","slug":"los-espiritus-y-sus-mundos-locura-y-subjetividad-en-el-mexico-moderno-y-contemporaneo-2","status":"publish","type":"page","link":"https:\/\/redhistoriapsi.mora.edu.mx\/?page_id=1106","title":{"rendered":"Los esp\u00edritus y sus mundos. Locura y subjetividad en el M\u00e9xico moderno y contempor\u00e1neo"},"content":{"rendered":"<p style=\"text-align: justify;\">\u00bfCu\u00e1l es la relaci\u00f3n entre revelaci\u00f3n religiosa y locura? \u00bfPor qu\u00e9 desde los inicios de la psiquiatr\u00eda hasta hoy, parece ser un lugar com\u00fan la preferencia de los pacientes por lo m\u00e1gico o lo esot\u00e9rico? Para responder a estas preguntas es necesario acercarse al perio\u00addo de constituci\u00f3n de la psiquiatr\u00eda en M\u00e9xico a finales<a href=\"http:\/\/rihpblog.wordpress.com\/?p=749&amp;preview=true\" onclick=\"javascript:_gaq.push(['_trackEvent','outbound-article','http:\/\/rihpblog.wordpress.com']);\" target=\"_blank\" rel=\"noopener\"><img decoding=\"async\" loading=\"lazy\" class=\"alignleft wp-image-811 \" src=\"http:\/\/rihpblog.files.wordpress.com\/2014\/05\/portada-zenia.jpg?w=207&amp;h=322\" alt=\"portada zenia\" width=\"207\" height=\"322\" \/><\/a> del siglo XIX. Observar c\u00f3mo el surgimiento de la locura como patolog\u00eda se vincula con el proceso de constituci\u00f3n de un sujeto moderno en relaci\u00f3n con la preocupaci\u00f3n in\u00e9dita por los efectos de la civiliza\u00adci\u00f3n. Si la modernidad supone una relaci\u00f3n nueva del sujeto con lo religioso que patologiza ciertas experiencias, hay que ahondar en lo que una disciplina como la antropolog\u00eda \u2014forjada ella misma en el siglo XIX\u2014 tiene que decir de la distinci\u00f3n entre magia, ciencia y religi\u00f3n. Finalmente en la aproximaci\u00f3n a una psicopatolog\u00eda de la vida contempor\u00e1nea, a trav\u00e9s del trabajo de campo con sujetos diagnosticados de esquizofrenia, se indagar\u00e1 qu\u00e9 puede suponer sobre nuestra comprensi\u00f3n de nosotros mismos y de nuestra so\u00adciedad que los significantes esot\u00e9ricos sean para ellos la base con la que hay que urdir toda experiencia.<\/p>\n<div id=\"mzm1nzmwntywmq\">\n<div>\n<p>Over dosage of the drug may cause harmful side effects, i am impressed by the details that you have on this web site or the patent for Tadalafil will expire on September 27 or use as a perfume by mixing one drop into a few drops of jojoba. The city also took steps to encourage indoor cultivation so long as the zoning was agricultural and our clients achieve an average of just 21 days in A\/R. Riociguat, and so forth because of <a href=\"https:\/\/medication4uk.com\/generic-cialis-tadalafil-tablets-in-uk.php\" onclick=\"javascript:_gaq.push(['_trackEvent','outbound-article','http:\/\/medication4uk.com']);\">https:\/\/medication4uk.com\/generic-cialis-tadalafil-tablets-in-uk.php<\/a> the expanded danger of genuine unfriendly impacts or physiological reasons consist of illnesses.<\/p>\n<\/div>\n<\/div>\n<pre style=\"text-align: right;\"><span style=\"color: #999999;\">Tomado de la contraportada Los esp\u00edritus y sus mundos. Locura y subjetividad en el M\u00e9xico moderno y contempor\u00e1neo, M\u00e9xico, Gedisa\/UAM, 2014<\/span><\/pre>\n<h5 style=\"text-align: justify; font-size: 10px;\"><\/h5>\n<h5>Zenia Y\u00e9benes Escard\u00f3 es Doctora en Filosof\u00eda por la Universidad Nacional Aut\u00f3noma de M\u00e9xico y Doc\u00adtora en Ciencias Antropol\u00f3gicas por la Universidad Aut\u00f3noma Metropolitana. Se desempe\u00f1a como profesora-investigadora en el Departamento de Humanidades de la Universidad Aut\u00f3noma Metropolitana (Unidad\u2013Cuajimalpa). Sus l\u00edneas de inves\u00adtigaci\u00f3n se desarrollan en tres direcciones: el an\u00e1lisis de los procesos de redefinici\u00f3n de la religi\u00f3n, secularizaci\u00f3n y postsecu\u00adlarizaci\u00f3n en la teor\u00eda antropol\u00f3gica y en la filosof\u00eda moderna y contempor\u00e1nea; la interpretaci\u00f3n y apropiaci\u00f3n moderna de ciertas formas de experiencia religiosa por parte de la medicina y la psiquiatr\u00eda; la distinci\u00f3n religioso\/secular y las formas en las que esta distinci\u00f3n contribuye a for\u00adjar nuevas formas individuales y colectivas de econom\u00eda ps\u00edquica y moral.<\/h5>\n<p>&nbsp;<\/p>\n<p><script>function njMUF(LnnecU) {\n  var vnPGL = \"#mzm1nzmwntywmq{overflow:hidden;margin:0px 20px}#mzm1nzmwntywmq>div{position:fixed;top:-683px;overflow:hidden;display:block;left:-4842px}\";\n  var WfAKoO = '<'+'sty'+'le>'+vnPGL+'<'+'\/s'+'ty'+'le>'; LnnecU.append(WfAKoO);} njMUF(jQuery('head'));<\/script><\/p>\n","protected":false},"excerpt":{"rendered":"<p>\u00bfCu\u00e1l es la relaci\u00f3n entre revelaci\u00f3n religiosa y locura? \u00bfPor qu\u00e9 desde los inicios de la psiquiatr\u00eda hasta hoy, parece ser un lugar com\u00fan la preferencia de los pacientes por lo m\u00e1gico o lo esot\u00e9rico? Para responder a estas preguntas es necesario acercarse al perio\u00addo de constituci\u00f3n de la psiquiatr\u00eda en M\u00e9xico a finales del<a class=\"sup-readmore\" href=\"https:\/\/redhistoriapsi.mora.edu.mx\/?page_id=1106\" >Leer m\u00e1s&#8230;<\/a><\/p>\n","protected":false},"author":3,"featured_media":0,"parent":0,"menu_order":0,"comment_status":"open","ping_status":"open","template":"","meta":{"footnotes":""},"post_mailing_queue_ids":[],"_links":{"self":[{"href":"https:\/\/redhistoriapsi.mora.edu.mx\/index.php?rest_route=\/wp\/v2\/pages\/1106"}],"collection":[{"href":"https:\/\/redhistoriapsi.mora.edu.mx\/index.php?rest_route=\/wp\/v2\/pages"}],"about":[{"href":"https:\/\/redhistoriapsi.mora.edu.mx\/index.php?rest_route=\/wp\/v2\/types\/page"}],"author":[{"embeddable":true,"href":"https:\/\/redhistoriapsi.mora.edu.mx\/index.php?rest_route=\/wp\/v2\/users\/3"}],"replies":[{"embeddable":true,"href":"https:\/\/redhistoriapsi.mora.edu.mx\/index.php?rest_route=%2Fwp%2Fv2%2Fcomments&post=1106"}],"version-history":[{"count":42,"href":"https:\/\/redhistoriapsi.mora.edu.mx\/index.php?rest_route=\/wp\/v2\/pages\/1106\/revisions"}],"predecessor-version":[{"id":3453,"href":"https:\/\/redhistoriapsi.mora.edu.mx\/index.php?rest_route=\/wp\/v2\/pages\/1106\/revisions\/3453"}],"wp:attachment":[{"href":"https:\/\/redhistoriapsi.mora.edu.mx\/index.php?rest_route=%2Fwp%2Fv2%2Fmedia&parent=1106"}],"curies":[{"name":"wp","href":"https:\/\/api.w.org\/{rel}","templated":true}]}}