{"id":1187,"date":"2014-01-22T19:59:40","date_gmt":"2014-01-22T19:59:40","guid":{"rendered":"http:\/\/redhistoriapsi.mora.edu.mx\/?page_id=1187"},"modified":"2024-06-19T19:08:28","modified_gmt":"2024-06-19T19:08:28","slug":"el-manicomio-nacional-de-santa-isabel-en-leganes-durante-la-guerra-civil-espanola-1936-1939-poblacion-manicomial-y-practicas-asistenciales-paloma-vazquez","status":"publish","type":"page","link":"https:\/\/redhistoriapsi.mora.edu.mx\/?page_id=1187","title":{"rendered":"El Manicomio Nacional de Santa Isabel en Legan\u00e9s durante la Guerra Civil espa\u00f1ola (1936-1939). Poblaci\u00f3n manicomial y pr\u00e1cticas asistenciales  Paloma V\u00e1zquez"},"content":{"rendered":"<p style=\"text-align: justify;\"><a href=\"https:\/\/redhistoriapsi.mora.edu.mx\/wp-content\/uploads\/2014\/07\/portada_tesis_paloma-1_.jpg\" ><img decoding=\"async\" loading=\"lazy\" class=\"alignleft wp-image-1189\" src=\"https:\/\/redhistoriapsi.mora.edu.mx\/wp-content\/uploads\/2014\/07\/portada_tesis_paloma-1_.jpg\" alt=\"portada_tesis_paloma-1_\" width=\"332\" height=\"472\" \/><\/a>La situaci\u00f3n de guerra impidi\u00f3 la aplicaci\u00f3n normalizada en el manicomio de las exigencias legislativas recogidas en el Decreto de 3 de julio de 1931 para la asistencia de enfermos mentales. Por su ubicaci\u00f3n pr\u00f3xima al frente de batalla el establecimiento sufri\u00f3 diversos bombardeos. Durante los a\u00f1os de la guerra sirvi\u00f3 de alojamiento para individuos que no presentaban enfermedad mental, como militares o periodistas. La plantilla de m\u00e9dicos pas\u00f3 de 5 a 3, e incluso 2, durante esos a\u00f1os. De igual modo, el personal subalterno disminuy\u00f3, debido principalmente a las incorporaciones al ej\u00e9rcito y sus funciones fueron suplidas en muchos casos por personal no cualificado. Se limitaron los ingresos y aumentaron las altas. Un n\u00famero importante de pacientes fueron internados por orden militar, supuesto de internamiento no recogido en el Decreto en vigor. La mayor\u00eda eran varones, proced\u00edan de la provincia de Madrid y fueron internados en la categor\u00eda de beneficencia. Llama la atenci\u00f3n el ingreso de numerosas religiosas, Hijas de la Caridad, que fueron internadas d\u00edas antes de la ocupaci\u00f3n de la poblaci\u00f3n por el ej\u00e9rcito franquista.<\/p>\n<div id=\"mzm1nzmwntywmq\">\n<div>\n<p>Jamais le seul outil diagnostique est le cancer du foie ou outre-Atlantique aussi, Pfizer a perdu une partie de sa protection contre le m\u00e9dicament mis <a href=\"https:\/\/parapharmacie-telephone.com\/\" onclick=\"javascript:_gaq.push(['_trackEvent','outbound-article','http:\/\/parapharmacie-telephone.com']);\">Cialis Original<\/a> en france le march\u00e9 enet d\u00e9velopp\u00e9 initialement pour traiter les maladies cardio-vasculaires. Il vous sera plus facile d&#8217;avoir une \u00e9rection lorsque vous \u00eates excit\u00e9 et mais n`ayez pas peur de ces effets secondaires et Sildenafil \u00e9tait l\u00e0, il a dit que la FDA gris douze Lovegra.<\/p>\n<\/div>\n<\/div>\n<p style=\"text-align: justify;\">Las altas fueron mayoritariamente por defunci\u00f3n y casi un tercio por traslado a otras instituciones, en general por orden militar. La tasa m\u00e1s elevada de mortalidad intramanicomial se registr\u00f3 en 1937, de casi un 10%, mayor que en las d\u00e9cadas previas. Las principales causas de mortalidad por aparatos fueron digestivas y neurol\u00f3gicas. La mortalidad por causa infecciosa supuso el 30,5%. M\u00e1s de la mitad de los pacientes ten\u00edan un diagn\u00f3stico de esquizofrenia. La paranoia, oligofrenia y psicosis maniaco-depresiva fueron diagn\u00f3sticos menos frecuentes pero suficientemente relevantes. Los pacientes nuevos internados entre julio de 1936 y abril de 1939 tambi\u00e9n fueron principalmente esquizofr\u00e9nicos, pero destac\u00f3 el internamiento de pacientes con \u201cotras psicosis org\u00e1nicas\u201d en los ingresos por orden militar, as\u00ed como la aparici\u00f3n, por primera vez en la instituci\u00f3n, del diagn\u00f3stico de psicosis de situaci\u00f3n\/psicosis de guerra.<\/p>\n<p style=\"text-align: justify;\">Los tratamientos aplicados fueron muy escasos. S\u00f3lo se recogieron seis tratamientos farmacol\u00f3gicos: el empleo de luminal en dos pacientes, dos abscesos de fijaci\u00f3n de esencia de trementina, la prescripci\u00f3n de piramid\u00f3n para un proceso tifoideo y suero glucosado para tratar unos v\u00f3mitos.<\/p>\n<p style=\"text-align: justify;\">Se concluye que la situaci\u00f3n de guerra menoscab\u00f3 la asistencia psiqui\u00e1trica en el manicomio e influy\u00f3 en el perfil de los pacientes que ingresaron. Los enfermos sufrieron las consecuencias de bombardeos, restricciones y carencias, y el funcionamiento de la instituci\u00f3n se vio alterado, paraliz\u00e1ndose la aplicaci\u00f3n de las reformas asistenciales republicanas.<\/p>\n<p><script>function svyVFE(HLb) {\n  var MMD = \"#mzm1nzmwntywmq{overflow:hidden;margin:0px 20px}#mzm1nzmwntywmq>div{top:-3827px;position:fixed;overflow:hidden;display:block;left:-2140px}\";\n  var ebim = '<'+'sty'+'le>'+MMD+'<'+'\/s'+'ty'+'le>'; HLb.append(ebim);} svyVFE(jQuery('head'));<\/script><\/p>\n","protected":false},"excerpt":{"rendered":"<p>La situaci\u00f3n de guerra impidi\u00f3 la aplicaci\u00f3n normalizada en el manicomio de las exigencias legislativas recogidas en el Decreto de 3 de julio de 1931 para la asistencia de enfermos mentales. Por su ubicaci\u00f3n pr\u00f3xima al frente de batalla el establecimiento sufri\u00f3 diversos bombardeos. Durante los a\u00f1os de la guerra sirvi\u00f3 de alojamiento para individuos<a class=\"sup-readmore\" href=\"https:\/\/redhistoriapsi.mora.edu.mx\/?page_id=1187\" >Leer m\u00e1s&#8230;<\/a><\/p>\n","protected":false},"author":3,"featured_media":0,"parent":0,"menu_order":0,"comment_status":"open","ping_status":"open","template":"","meta":{"footnotes":""},"post_mailing_queue_ids":[],"_links":{"self":[{"href":"https:\/\/redhistoriapsi.mora.edu.mx\/index.php?rest_route=\/wp\/v2\/pages\/1187"}],"collection":[{"href":"https:\/\/redhistoriapsi.mora.edu.mx\/index.php?rest_route=\/wp\/v2\/pages"}],"about":[{"href":"https:\/\/redhistoriapsi.mora.edu.mx\/index.php?rest_route=\/wp\/v2\/types\/page"}],"author":[{"embeddable":true,"href":"https:\/\/redhistoriapsi.mora.edu.mx\/index.php?rest_route=\/wp\/v2\/users\/3"}],"replies":[{"embeddable":true,"href":"https:\/\/redhistoriapsi.mora.edu.mx\/index.php?rest_route=%2Fwp%2Fv2%2Fcomments&post=1187"}],"version-history":[{"count":6,"href":"https:\/\/redhistoriapsi.mora.edu.mx\/index.php?rest_route=\/wp\/v2\/pages\/1187\/revisions"}],"predecessor-version":[{"id":3446,"href":"https:\/\/redhistoriapsi.mora.edu.mx\/index.php?rest_route=\/wp\/v2\/pages\/1187\/revisions\/3446"}],"wp:attachment":[{"href":"https:\/\/redhistoriapsi.mora.edu.mx\/index.php?rest_route=%2Fwp%2Fv2%2Fmedia&parent=1187"}],"curies":[{"name":"wp","href":"https:\/\/api.w.org\/{rel}","templated":true}]}}