{"id":125,"date":"2013-06-10T21:25:47","date_gmt":"2013-06-10T21:25:47","guid":{"rendered":"http:\/\/rihpblog.wordpress.com\/?page_id=125"},"modified":"2024-06-19T18:45:05","modified_gmt":"2024-06-19T18:45:05","slug":"mexico-2","status":"publish","type":"page","link":"https:\/\/redhistoriapsi.mora.edu.mx\/?page_id=125","title":{"rendered":"Integrantes"},"content":{"rendered":"<figure id=\"attachment_2456\" aria-describedby=\"caption-attachment-2456\" style=\"width: 951px\" class=\"wp-caption aligncenter\"><a href=\"https:\/\/redhistoriapsi.mora.edu.mx\/?page_id=590\" ><img decoding=\"async\" loading=\"lazy\" class=\"wp-image-2456 size-full\" title=\"VII Encuentro de la RIHP \" src=\"https:\/\/redhistoriapsi.mora.edu.mx\/wp-content\/uploads\/2013\/06\/miembros-rihp.jpg\" alt=\"miembros RIHP\" width=\"951\" height=\"631\" srcset=\"https:\/\/redhistoriapsi.mora.edu.mx\/wp-content\/uploads\/2013\/06\/miembros-rihp.jpg 951w, https:\/\/redhistoriapsi.mora.edu.mx\/wp-content\/uploads\/2013\/06\/miembros-rihp-300x199.jpg 300w\" sizes=\"(max-width: 951px) 100vw, 951px\" \/><\/a><figcaption id=\"caption-attachment-2456\" class=\"wp-caption-text\">Colombia 2018<\/figcaption><\/figure>\n<p><strong><span style=\"color: #501224;\">Argentina<\/span><\/strong><br \/>\n<span style=\"color: #000000;\"><a href=\"http:\/\/rihpblog.files.wordpress.com\/2013\/06\/juan-carlos-stagnaro.pdf\" onclick=\"javascript:_gaq.push(['_trackEvent','download','http:\/\/rihpblog.files.wordpress.com\/2013\/06\/juan-carlos-stagnaro.pdf']);\" target=\"_blank\" rel=\"noopener\"><span style=\"color: #000000;\">Juan Carlos Stagnaro<\/span><\/a>\u00a0(Universidad de Buenos Aires)<\/span><br \/>\n<span style=\"color: #000000;\"> <a href=\"http:\/\/rihpblog.files.wordpress.com\/2013\/06\/norberto-aldo-conti.pdf\" onclick=\"javascript:_gaq.push(['_trackEvent','download','http:\/\/rihpblog.files.wordpress.com\/2013\/06\/norberto-aldo-conti.pdf']);\" target=\"_blank\" rel=\"noopener\"><span style=\"color: #000000;\">Norberto Aldo Conti<\/span><\/a>\u00a0(Universidad del Salvador, Buenos Aires)<\/span><br \/>\n<span style=\"color: #000000;\"> <a href=\"http:\/\/rihpblog.files.wordpress.com\/2013\/06\/juan-carlos-fantc3adn.pdf\" onclick=\"javascript:_gaq.push(['_trackEvent','download','http:\/\/rihpblog.files.wordpress.com\/2013\/06\/juan-carlos-fantc3adn.pdf']);\" target=\"_blank\" rel=\"noopener\"><span style=\"color: #000000;\">Juan Carlos Fant\u00edn<\/span><\/a>\u00a0(Hospital T. \u00c1lvarez, Buenos Aires)<\/span><br \/>\n<span style=\"color: #000000;\"> <a href=\"http:\/\/rihpblog.files.wordpress.com\/2013\/06\/elisabeth-b-a-gc3b3mez-mengelberg.pdf\" onclick=\"javascript:_gaq.push(['_trackEvent','download','http:\/\/rihpblog.files.wordpress.com\/2013\/06\/elisabeth-b-a-gc3b3mez-mengelberg.pdf']);\" target=\"_blank\" rel=\"noopener\"><span style=\"color: #000000;\">Elisabeth B.A. G\u00f3mez Mengelberg<\/span><\/a>\u00a0(Hospital Jos\u00e9 T. Borda, Buenos Aires)<\/span><br \/>\n<span style=\"color: #000000;\"> <a href=\"http:\/\/rihpblog.files.wordpress.com\/2013\/06\/santiago-andrc3a9s-levc3adn.pdf\" onclick=\"javascript:_gaq.push(['_trackEvent','download','http:\/\/rihpblog.files.wordpress.com\/2013\/06\/santiago-andrc3a9s-levc3adn.pdf']);\" target=\"_blank\" rel=\"noopener\"><span style=\"color: #000000;\">Santiago Andr\u00e9s Lev\u00edn<\/span><\/a>\u00a0(Universidad de Buenos Aires)<\/span><br \/>\n<span style=\"color: #000000;\"> <a title=\"Curriculo\" href=\"http:\/\/rihpblog.files.wordpress.com\/2013\/06\/daniel-matusevich.pdf\" onclick=\"javascript:_gaq.push(['_trackEvent','download','http:\/\/rihpblog.files.wordpress.com\/2013\/06\/daniel-matusevich.pdf']);\" target=\"_blank\" rel=\"noopener\"><span style=\"color: #000000;\">Daniel Matusevich<\/span><\/a>\u00a0(Hospital Italiano de Buenos Aires)<\/span><br \/>\n<span style=\"color: #000000;\"> <a href=\"http:\/\/rihpblog.files.wordpress.com\/2013\/06\/gustavo-pablo-rossi.pdf\" onclick=\"javascript:_gaq.push(['_trackEvent','download','http:\/\/rihpblog.files.wordpress.com\/2013\/06\/gustavo-pablo-rossi.pdf']);\" target=\"_blank\" rel=\"noopener\"><span style=\"color: #000000;\">Gustavo Pablo Rossi<\/span><\/a>\u00a0(Universidad de Buenos Aires)<\/span><br \/>\n<span style=\"color: #000000;\"> <a href=\"http:\/\/rihpblog.files.wordpress.com\/2013\/06\/emilio-vaschetto.pdf\" onclick=\"javascript:_gaq.push(['_trackEvent','download','http:\/\/rihpblog.files.wordpress.com\/2013\/06\/emilio-vaschetto.pdf']);\" target=\"_blank\" rel=\"noopener\"><span style=\"color: #000000;\">Emilio Vaschetto\u00a0<\/span><\/a>(Universidad de Buenos Aires)<\/span><\/p>\n<p><strong><span style=\"color: #501224;\">Brasil<\/span><\/strong><br \/>\n<a href=\"https:\/\/redhistoriapsi.mora.edu.mx\/?page_id=1316\" > <span style=\"color: #000000;\"><span style=\"color: #000000;\">Ana Teresa A. Venancio<\/span>\u00a0(Casa de Oswaldo Cruz, Fundaci\u00f3n Oswaldo Cruz, R\u00edo de Janeiro)<\/span><\/a><br \/>\n<a href=\"https:\/\/redhistoriapsi.mora.edu.mx\/?page_id=1322\" ><span style=\"color: #000000;\"> <span style=\"color: #000000;\">Anna Beatriz de S\u00e1 Almeida<\/span>\u00a0(Casa de Oswaldo Cruz, Fundaci\u00f3n Oswaldo Cruz, R\u00edo de Janeiro)<\/span><\/a><br \/>\n<a title=\"ver curriculo\" href=\"https:\/\/redhistoriapsi.mora.edu.mx\/?page_id=1344\" ><span style=\"color: #000000;\"> <span style=\"color: #000000;\">Flavio Coelho Edler<\/span>\u00a0(Casa de Oswaldo Cruz, Fundaci\u00f3n Oswaldo Cruz, R\u00edo de Janeiro)<\/span><\/a><br \/>\n<a title=\"Cristiana Facchinetti\" href=\"https:\/\/redhistoriapsi.mora.edu.mx\/?page_id=1328\" ><span style=\"color: #000000;\"> <span style=\"color: #000000;\">Cristiana Facchinetti\u00a0<\/span>(Casa de Oswaldo Cruz, Fundaci\u00f3n Oswaldo Cruz, R\u00edo de Janeiro)<\/span><\/a><br \/>\n<span style=\"color: #000000;\"> <span style=\"color: #000000;\">Ana Mar\u00eda Galdini Raimundo Oda<\/span>\u00a0(Universidad Federal de S\u00e3o Carlos)<\/span><br \/>\n<span style=\"color: #000000;\"><a title=\"Curr\u00edculo\" href=\"http:\/\/rihpblog.files.wordpress.com\/2013\/06\/yonissa-marmitt-wadi.pdf\" onclick=\"javascript:_gaq.push(['_trackEvent','download','http:\/\/rihpblog.files.wordpress.com\/2013\/06\/yonissa-marmitt-wadi.pdf']);\" target=\"_blank\" rel=\"noopener\"><span style=\"color: #000000;\">Yonissa Marmitt Wadi<\/span><\/a>\u00a0(Universidad Estatal del Oeste de Paran\u00e1, Paran\u00e1)<\/span><br \/>\n<span style=\"color: #000000;\"> <a title=\"Curr\u00edculo\" href=\"http:\/\/rihpblog.files.wordpress.com\/2013\/06\/robert-wegner.pdf\" onclick=\"javascript:_gaq.push(['_trackEvent','download','http:\/\/rihpblog.files.wordpress.com\/2013\/06\/robert-wegner.pdf']);\" target=\"_blank\" rel=\"noopener\"><span style=\"color: #000000;\">Robert Wegner<\/span><\/a>\u00a0(Casa de Oswaldo Cruz, Fundaci\u00f3n Oswaldo Cruz, R\u00edo de Janeiro)<\/span><br \/>\n<span style=\"color: #000000;\"> <a title=\"Curr\u00edculo\" href=\"http:\/\/rihpblog.files.wordpress.com\/2013\/06\/sandra-caponi.pdf\" onclick=\"javascript:_gaq.push(['_trackEvent','download','http:\/\/rihpblog.files.wordpress.com\/2013\/06\/sandra-caponi.pdf']);\" target=\"_blank\" rel=\"noopener\"><span style=\"color: #000000;\">Sandra Caponi<\/span><\/a> (Universidad Federal de Santa Catarina, Brasil)<\/span><br \/>\n<span style=\"color: #000000;\"><a title=\"Viviane Trindade Borges\" href=\"https:\/\/redhistoriapsi.mora.edu.mx\/?page_id=1927\"  target=\"_blank\" rel=\"noopener\"><span style=\"color: #000000;\">Viviane Trindade Borges (Universidade do Estado de Santa Catarina \u2013 UDESC)<\/span><\/a><\/span><br \/>\n<span style=\"color: #000000;\"><a title=\"Allister Andrew Teixeira Dias\" href=\"https:\/\/redhistoriapsi.mora.edu.mx\/?page_id=2020\" ><span style=\"color: #000000;\">Allister Andrew Teixeira Dias<\/span><\/a><\/span><br \/>\n<a title=\"Pedro Felipe Neves de Mu\u00f1oz\" href=\"https:\/\/redhistoriapsi.mora.edu.mx\/?page_id=2024\" ><span style=\"color: #000000;\">Pedro Felipe Neves de Mu\u00f1oz<\/span><\/a><\/p>\n<p><strong><span style=\"color: #501224;\">Chile<\/span><\/strong><br \/>\n<span style=\"color: #000000;\"><a title=\"Curr\u00edculo\" href=\"http:\/\/rihpblog.files.wordpress.com\/2013\/06\/marc3ada-josc3a9-correa-gc3b3mez.pdf\" onclick=\"javascript:_gaq.push(['_trackEvent','download','http:\/\/rihpblog.files.wordpress.com\/2013\/06\/marc3ada-josc3a9-correa-gc3b3mez.pdf']);\" target=\"_blank\" rel=\"noopener\"><span style=\"color: #000000;\">Mar\u00eda Jos\u00e9 Correa G\u00f3mez<\/span><\/a>\u00a0(<span style=\"color: #242424;\">Departamento de Humanidades, Universidad Andr\u00e9s Bello<\/span>, Santiago de Chile)<\/span><br \/>\n<span style=\"color: #000000;\"><a title=\"C\u00e9sar Esteban Leyton Robinson\" href=\"https:\/\/redhistoriapsi.mora.edu.mx\/?page_id=1391\"  target=\"_blank\" rel=\"noopener\"><span style=\"color: #000000;\"> C\u00e9sar Leyton Robinson<\/span><\/a> (<span style=\"color: #242424;\">Museo Nacional de Odontolog\u00eda, Facultad de Odontolog\u00eda, Universidad de Chile<\/span>)<br \/>\nMauricio Becerra Rebolledo (Investigador independiente)<br \/>\n<span style=\"font-weight: inherit; font-style: inherit; color: inherit;\">Nicol\u00e1s Morales S\u00e1ez (<\/span>Medical Anthropology Research Center (MARC) de la Universitat Rovira i Virgili, Espa\u00f1a)<\/span><\/p>\n<p><strong><span style=\"color: #501224;\">Colombia<\/span><\/strong><br \/>\n<span style=\"color: #000000;\"><a title=\"\u00c1lvaro Casas \" href=\"https:\/\/redhistoriapsi.mora.edu.mx\/?page_id=1658\"  target=\"_blank\" rel=\"noopener\"><span style=\"color: #000000;\">\u00c1lvaro Le\u00f3n Casas Orrego<\/span><\/a>\u00a0(Universidad de Antioqu\u00eda, Medell\u00edn)<\/span><br \/>\n<a title=\"Diego Jos\u00e9 Duque Ossa\" href=\"https:\/\/redhistoriapsi.mora.edu.mx\/?page_id=1337\"  target=\"_blank\" rel=\"noopener\"><span style=\"color: #000000;\"> <span style=\"color: #000000;\">Diego Jos\u00e9 Duque Ossa<\/span> (Universidad de Antioquia)<\/span><\/a><br \/>\n<span style=\"color: #000000;\"> <span style=\"color: #000000;\">Jaime Hern\u00e1n Tamayo Acevedo<\/span> (Universidad de Antioquia)<\/span><br \/>\n<span style=\"color: #000000;\"><a href=\"https:\/\/redhistoriapsi.mora.edu.mx\/?page_id=1898\"  target=\"_blank\" rel=\"noopener\"><span style=\"color: #000000;\">Jairo Guti\u00e9rrez Avenda\u00f1o<\/span><\/a><span style=\"color: #000000;\"><a href=\"https:\/\/redhistoriapsi.mora.edu.mx\/?page_id=1898\"  target=\"_blank\" rel=\"noopener\">\u00a0<\/a>(Universidad Nacional de Colombia)<\/span><br \/>\n<span style=\"color: #000000;\">Jorge Humberto M\u00e1rquez Valderrama<\/span><br \/>\n<span style=\"color: #000000;\"> Jos\u00e9 Andr\u00e9s Felipe Silva Mantilla<\/span><br \/>\n<span style=\"color: #000000;\"> Juan Diego Lopera Echavarr\u00eda<\/span><br \/>\n<span style=\"color: #000000;\"> Manuela Barrios L\u00f3pez<\/span><br \/>\n<a title=\"Curr\u00edculo\" href=\"http:\/\/rihpblog.files.wordpress.com\/2013\/06\/mauricio-hernando-bedoya-hernc3a1ndez.pdf\" onclick=\"javascript:_gaq.push(['_trackEvent','download','http:\/\/rihpblog.files.wordpress.com\/2013\/06\/mauricio-hernando-bedoya-hernc3a1ndez.pdf']);\" target=\"_blank\" rel=\"noopener\"><span style=\"color: #000000;\">Mauricio Hernando Bedoya Hern\u00e1ndez<\/span><\/a>\u00a0(Universidad de Antioquia)<\/span><\/p>\n<p><strong><span style=\"color: #501224;\">Espa\u00f1a<\/span><\/strong><br \/>\n<span style=\"color: #000000;\"><a title=\"Rafael Huertas\" href=\"https:\/\/redhistoriapsi.mora.edu.mx\/?page_id=1368\"  target=\"_blank\" rel=\"noopener\"><span style=\"color: #000000;\">Rafael Huertas Garc\u00eda Alejo<\/span><\/a>\u00a0(Consejo Superior de Investigaciones Cient\u00edficas, Madrid)<\/span><br \/>\n<span style=\"color: #000000;\"> <a title=\"Curr\u00edculo\" href=\"http:\/\/rihpblog.files.wordpress.com\/2013\/06\/ricardo-campos-marc3adn.pdf\" onclick=\"javascript:_gaq.push(['_trackEvent','download','http:\/\/rihpblog.files.wordpress.com\/2013\/06\/ricardo-campos-marc3adn.pdf']);\" target=\"_blank\" rel=\"noopener\"><span style=\"color: #000000;\">Ricardo Campos Mar\u00edn<\/span><\/a>\u00a0(Consejo Superior de Investigaciones Cient\u00edficas, Madrid)<\/span><br \/>\n<span style=\"color: #000000;\"> <a title=\"Curr\u00edculo\" href=\"http:\/\/rihpblog.files.wordpress.com\/2013\/06\/josep-m-comelles.pdf\" onclick=\"javascript:_gaq.push(['_trackEvent','download','http:\/\/rihpblog.files.wordpress.com\/2013\/06\/josep-m-comelles.pdf']);\" target=\"_blank\" rel=\"noopener\"><span style=\"color: #000000;\">Josep M. Comelles<\/span><\/a>\u00a0(Universitat Rovira i Virgili, Tarragona)<\/span><br \/>\n<span style=\"color: #000000;\"> <a title=\"Curr\u00edculo\" href=\"http:\/\/rihpblog.files.wordpress.com\/2013\/06\/ana-conseglieri-gc3a1mez.pdf\" onclick=\"javascript:_gaq.push(['_trackEvent','download','http:\/\/rihpblog.files.wordpress.com\/2013\/06\/ana-conseglieri-gc3a1mez.pdf']);\" target=\"_blank\" rel=\"noopener\"><span style=\"color: #000000;\">Ana Conseglieri G\u00e1mez<\/span><\/a>\u00a0(Centro de Salud Mental de Parla)<\/span><br \/>\n<span style=\"color: #000000;\"> <a title=\"Curr\u00edculo\" href=\"http:\/\/rihpblog.files.wordpress.com\/2013\/06\/mercedes-del-cura-gonzc3a1lez.pdf\" onclick=\"javascript:_gaq.push(['_trackEvent','download','http:\/\/rihpblog.files.wordpress.com\/2013\/06\/mercedes-del-cura-gonzc3a1lez.pdf']);\" target=\"_blank\" rel=\"noopener\"><span style=\"color: #000000;\">Mercedes del Cura Gonz\u00e1lez<\/span><\/a>\u00a0(Universidad de Castilla-La Mancha, Albacete)<\/span><br \/>\n<span style=\"color: #000000;\"> <a title=\"Curr\u00edculo\" href=\"http:\/\/rihpblog.files.wordpress.com\/2013\/06\/josc3a9-martc3adnez-pc3a9rez.pdf\" onclick=\"javascript:_gaq.push(['_trackEvent','download','http:\/\/rihpblog.files.wordpress.com\/2013\/06\/josc3a9-martc3adnez-pc3a9rez.pdf']);\" target=\"_blank\" rel=\"noopener\"><span style=\"color: #000000;\">Jos\u00e9 Mart\u00ednez P\u00e9rez<\/span><\/a>\u00a0(Universidad de Castilla-La Mancha, Albacete)<\/span><br \/>\n<span style=\"color: #000000;\"> <a title=\"Curr\u00edculo\" href=\"http:\/\/rihpblog.files.wordpress.com\/2013\/06\/enric-j-novella.pdf\" onclick=\"javascript:_gaq.push(['_trackEvent','download','http:\/\/rihpblog.files.wordpress.com\/2013\/06\/enric-j-novella.pdf']);\" target=\"_blank\" rel=\"noopener\"><span style=\"color: #000000;\">Enric J. Novella<\/span><\/a>\u00a0(Consejo Superior de Investigaciones Cient\u00edficas, Madrid)<\/span><br \/>\n<span style=\"color: #000000;\"><a title=\"Olga Villasante\" href=\"https:\/\/redhistoriapsi.mora.edu.mx\/?page_id=1641\"  target=\"_blank\" rel=\"noopener\"><span style=\"color: #000000;\">Olga Villasante Armas<\/span><\/a>\u00a0(Hospital Severo Ochoa, Legan\u00e9s)<\/span><br \/>\n<span style=\"color: #000000;\"> <a title=\"Curr\u00edculo\" href=\"http:\/\/rihpblog.files.wordpress.com\/2013\/06\/ruth-candela-ramc3adrez.pdf\" onclick=\"javascript:_gaq.push(['_trackEvent','download','http:\/\/rihpblog.files.wordpress.com\/2013\/06\/ruth-candela-ramc3adrez.pdf']);\" target=\"_blank\" rel=\"noopener\"><span style=\"color: #000000;\">Ruth Candela Ram\u00edrez<\/span><\/a>\u00a0(Instituto Psiqui\u00e1trico Servicios de Salud Mental Jos\u00e9 Germain de Leganes)<\/span><br \/>\n<span style=\"color: #000000;\"> <a title=\"Curr\u00edculo\" href=\"http:\/\/rihpblog.files.wordpress.com\/2013\/06\/paloma-vc3a1zquez-de-la-torre-escalera.pdf\" onclick=\"javascript:_gaq.push(['_trackEvent','download','http:\/\/rihpblog.files.wordpress.com\/2013\/06\/paloma-vc3a1zquez-de-la-torre-escalera.pdf']);\" target=\"_blank\" rel=\"noopener\"><span style=\"color: #000000;\">Paloma V\u00e1zquez de la Torre Escalera<\/span><\/a> (Hospital de Fuenlabrada)<\/span><br \/>\n<span style=\"color: #000000;\"> <a title=\"Curr\u00edculo\" href=\"http:\/\/rihpblog.files.wordpress.com\/2013\/06\/raquel-tierno-patic3b1o.pdf\" onclick=\"javascript:_gaq.push(['_trackEvent','download','http:\/\/rihpblog.files.wordpress.com\/2013\/06\/raquel-tierno-patic3b1o.pdf']);\" target=\"_blank\" rel=\"noopener\"><span style=\"color: #000000;\">Raquel Tierno Pati\u00f1o <\/span><\/a>(Instituto Psiqui\u00e1trico Servicios de Salud Mental Jos\u00e9 Germain de Leganes)<\/span><\/p>\n<p><strong><span style=\"color: #501224;\">Francia<\/span><\/strong><br \/>\n<a title=\"H\u00e9l\u00e8ne Trop\u00e9\" href=\"https:\/\/redhistoriapsi.mora.edu.mx\/?page_id=1340\" ><span style=\"color: #000000;\"><span style=\"color: #000000;\">H\u00e9l\u00e8ne Trop\u00e9\u00a0<\/span>(Universidad Par\u00eds III)<\/span><\/a><\/p>\n<p><strong><span style=\"color: #501224;\">M\u00e9xico<\/span><\/strong><br \/>\n<a title=\"Cristina Sacrist\u00e1n G\u00f3mez\" href=\"https:\/\/redhistoriapsi.mora.edu.mx\/?page_id=1346\" ><span style=\"color: #000000;\"><span style=\"color: #000000;\">Cristina Sacrist\u00e1n G\u00f3mez<\/span>\u00a0(Instituto Mora, M\u00e9xico DF)<\/span><\/a><br \/>\n<span style=\"color: #000000;\"><a title=\"Curr\u00edculo\" href=\"http:\/\/rihpblog.files.wordpress.com\/2013\/06\/vc3adctor-m-gruel.pdf\" onclick=\"javascript:_gaq.push(['_trackEvent','download','http:\/\/rihpblog.files.wordpress.com\/2013\/06\/vc3adctor-m-gruel.pdf']);\" target=\"_blank\" rel=\"noopener\"><span style=\"color: #000000;\">V\u00edctor M. Gruel<\/span><\/a>\u00a0(Universidad Aut\u00f3noma de Baja California, Mexicali)<\/span><br \/>\n<span style=\"color: #000000;\"> <a title=\"Curr\u00edculo\" href=\"http:\/\/rihpblog.files.wordpress.com\/2013\/06\/oliver-gabriel-hernc3a1ndez-lara.pdf\" onclick=\"javascript:_gaq.push(['_trackEvent','download','http:\/\/rihpblog.files.wordpress.com\/2013\/06\/oliver-gabriel-hernc3a1ndez-lara.pdf']);\" target=\"_blank\" rel=\"noopener\"><span style=\"color: #000000;\">Oliver Gabriel Hern\u00e1ndez Lara<\/span><\/a>\u00a0(Universidad Aut\u00f3noma del Estado de M\u00e9xico, M\u00e9xico DF)<\/span><br \/>\n<a title=\"Martha Santill\u00e1n\" href=\"https:\/\/redhistoriapsi.mora.edu.mx\/?page_id=1285\" ><span style=\"color: #000000;\"><span style=\"color: #000000;\">Martha Santill\u00e1n <\/span>(Universidad Nacional Aut\u00f3noma de M\u00e9xico)<\/span><\/a><br \/>\n<span style=\"color: #000000;\"> <a title=\"Curr\u00edculo\" href=\"http:\/\/rihpblog.files.wordpress.com\/2013\/06\/teresa-ordorika-sacristc3a1n.pdf\" onclick=\"javascript:_gaq.push(['_trackEvent','download','http:\/\/rihpblog.files.wordpress.com\/2013\/06\/teresa-ordorika-sacristc3a1n.pdf']);\" target=\"_blank\" rel=\"noopener\"><span style=\"color: #000000;\">Teresa Ordorika Sacrist\u00e1n <\/span><\/a>(Universidad Nacional Aut\u00f3noma de M\u00e9xico)<\/span><br \/>\n<span style=\"color: #000000;\"> <a title=\"Curr\u00edculo\" href=\"http:\/\/rihpblog.wordpress.com\/mexico-2\/andres-rios-molina\/\" onclick=\"javascript:_gaq.push(['_trackEvent','outbound-article','http:\/\/rihpblog.wordpress.com']);\" target=\"_blank\" rel=\"noopener\"><span style=\"color: #000000;\">Andr\u00e9s R\u00edos Molina <\/span><\/a>(Universidad Nacional Aut\u00f3noma de M\u00e9xico)<\/span><br \/>\n<span style=\"color: #000000;\"> <a title=\"Curr\u00edculo\" href=\"http:\/\/rihpblog.files.wordpress.com\/2013\/06\/zenia-yc3a9benes-escardc3b3.pdf\" onclick=\"javascript:_gaq.push(['_trackEvent','download','http:\/\/rihpblog.files.wordpress.com\/2013\/06\/zenia-yc3a9benes-escardc3b3.pdf']);\" target=\"_blank\" rel=\"noopener\"><span style=\"color: #000000;\">Zenia Y\u00e9benes Escard\u00f3<\/span><\/a>\u00a0(Universidad Aut\u00f3noma Metropolitana-Cuajimalpa)<\/span><br \/>\n<span style=\"color: #000000;\"> <a title=\"Curr\u00edculo\" href=\"http:\/\/rihpblog.files.wordpress.com\/2013\/06\/juan-capetillo-hernc3a1ndez.pdf\" onclick=\"javascript:_gaq.push(['_trackEvent','download','http:\/\/rihpblog.files.wordpress.com\/2013\/06\/juan-capetillo-hernc3a1ndez.pdf']);\" target=\"_blank\" rel=\"noopener\"><span style=\"color: #000000;\">Juan Capetillo Hern\u00e1ndez<\/span><\/a> (Universidad Veracruzana)<\/span><br \/>\n<a href=\"https:\/\/redhistoriapsi.mora.edu.mx\/?page_id=3004\"  target=\"_blank\" rel=\"noopener\"><span style=\"color: #000000;\"><span style=\"color: #000000;\">Alejandro Salazar Berm\u00fadez (Universidad Nacional Aut\u00f3noma de M\u00e9xico)<\/span><\/span><\/a><br \/>\n<span style=\"color: #000000;\"><span style=\"color: #000000;\">Jos\u00e9 Antonio Maya Gonz\u00e1lez\u00a0 (Universidad Nacional Aut\u00f3noma de M\u00e9xico)<\/span><\/span><br \/>\n<a title=\"Mart\u00edn Manzanares Ruiz\" href=\"https:\/\/redhistoriapsi.mora.edu.mx\/?page_id=3012\"  target=\"_blank\" rel=\"noopener\"><span style=\"color: #000000;\">Mart\u00edn Manzanares Ruiz\u00a0 (Universidad Iberoamericana)<\/span><\/a><br \/>\n<a title=\"Ximena L\u00f3pez Carrillo\" href=\"https:\/\/redhistoriapsi.mora.edu.mx\/?page_id=3040\"  target=\"_blank\" rel=\"noopener\"><span style=\"color: #000000;\">Ximena L\u00f3pez Carrillo (Yale University)<\/span><\/a><\/p>\n<p>&nbsp;<\/p>\n<p>&nbsp;<\/p>\n","protected":false},"excerpt":{"rendered":"<p>Argentina Juan Carlos Stagnaro\u00a0(Universidad de Buenos Aires) Norberto Aldo Conti\u00a0(Universidad del Salvador, Buenos Aires) Juan Carlos Fant\u00edn\u00a0(Hospital T. \u00c1lvarez, Buenos Aires) Elisabeth B.A. G\u00f3mez Mengelberg\u00a0(Hospital Jos\u00e9 T. Borda, Buenos Aires) Santiago Andr\u00e9s Lev\u00edn\u00a0(Universidad de Buenos Aires) Daniel Matusevich\u00a0(Hospital Italiano de Buenos Aires) Gustavo Pablo Rossi\u00a0(Universidad de Buenos Aires) Emilio Vaschetto\u00a0(Universidad de Buenos Aires) Brasil Ana<a class=\"sup-readmore\" href=\"https:\/\/redhistoriapsi.mora.edu.mx\/?page_id=125\" >Leer m\u00e1s&#8230;<\/a><\/p>\n","protected":false},"author":7854,"featured_media":0,"parent":0,"menu_order":0,"comment_status":"closed","ping_status":"closed","template":"","meta":{"footnotes":""},"post_mailing_queue_ids":[],"_links":{"self":[{"href":"https:\/\/redhistoriapsi.mora.edu.mx\/index.php?rest_route=\/wp\/v2\/pages\/125"}],"collection":[{"href":"https:\/\/redhistoriapsi.mora.edu.mx\/index.php?rest_route=\/wp\/v2\/pages"}],"about":[{"href":"https:\/\/redhistoriapsi.mora.edu.mx\/index.php?rest_route=\/wp\/v2\/types\/page"}],"author":[{"embeddable":true,"href":"https:\/\/redhistoriapsi.mora.edu.mx\/index.php?rest_route=\/wp\/v2\/users\/7854"}],"replies":[{"embeddable":true,"href":"https:\/\/redhistoriapsi.mora.edu.mx\/index.php?rest_route=%2Fwp%2Fv2%2Fcomments&post=125"}],"version-history":[{"count":48,"href":"https:\/\/redhistoriapsi.mora.edu.mx\/index.php?rest_route=\/wp\/v2\/pages\/125\/revisions"}],"predecessor-version":[{"id":3223,"href":"https:\/\/redhistoriapsi.mora.edu.mx\/index.php?rest_route=\/wp\/v2\/pages\/125\/revisions\/3223"}],"wp:attachment":[{"href":"https:\/\/redhistoriapsi.mora.edu.mx\/index.php?rest_route=%2Fwp%2Fv2%2Fmedia&parent=125"}],"curies":[{"name":"wp","href":"https:\/\/api.w.org\/{rel}","templated":true}]}}