{"id":1285,"date":"2014-08-28T17:13:21","date_gmt":"2014-08-28T17:13:21","guid":{"rendered":"http:\/\/redhistoriapsi.mora.edu.mx\/?page_id=1285"},"modified":"2024-06-19T19:12:34","modified_gmt":"2024-06-19T19:12:34","slug":"martha-santillan","status":"publish","type":"page","link":"https:\/\/redhistoriapsi.mora.edu.mx\/?page_id=1285","title":{"rendered":"Martha Santill\u00e1n"},"content":{"rendered":"<p><span style=\"color: #501224;\"><strong>Formaci\u00f3n profesional<\/strong><\/span><br \/>\nDoctorado en Historia, FFyL-UNAM, Maestr\u00eda en Estudios Latinoamericanos, FFyL-UNAM, Maestr\u00eda en Humanidades, Universidad An\u00e1huac, Ciencias de la Comunicaci\u00f3n, Universidad An\u00e1huac<\/p>\n<p><span style=\"color: #501224;\"><strong>Experiencia profesional<\/strong><\/span><br \/>\nDocencia desde 1996 en diversas instituciones: Facultad de Filosof\u00eda y Letras, UNAM, Instituto Mora, Instituto Cultural Hel\u00e9nico, Universidad Iberoamericana, Universidad An\u00e1huac. Gesti\u00f3n Administrativa: Coordinadora de la maestr\u00eda en Historia de M\u00e9xico (Instituto Cultural Hel\u00e9nico, 2011-2013).<\/p>\n<p><span style=\"color: #501224;\"><strong>L\u00edneas de investigaci\u00f3n<\/strong><\/span><br \/>\nHistoria social y cultura con perspectiva del g\u00e9nero, siglo XX, Historia del crimen, Historia de las transgresiones<\/p>\n<p><span style=\"color: #501224;\"><strong>Proyectos de investigaci\u00f3n en curso<\/strong><\/span><br \/>\n&#8220;Locura criminal en el M\u00e9xico posrevolucionario. Peritajes m\u00e9dico-legales y la construcci\u00f3n del sujeto peligroso: el debate entre la psiquiatr\u00eda y la criminolog\u00eda (1931-1944)&#8221;<\/p>\n<p><span style=\"color: #501224;\"><strong>Proyectos de investigaci\u00f3n concluidos<\/strong><\/span><br \/>\n&#8220;Delincuencia Femenina. Representaci\u00f3n, pr\u00e1cticas criminales y negociaci\u00f3n judicial, Distrito Federal (1940-1954)&#8221;<\/p>\n<p><span style=\"color: #501224;\"><strong>Publicaciones relevantes<\/strong><\/span><br \/>\n<span style=\"color: #000000;\">\u201c<a href=\"https:\/\/www.academia.edu\/4228373\/Mujeres_Non_Sanctas\" onclick=\"javascript:_gaq.push(['_trackEvent','outbound-article','http:\/\/www.academia.edu']);\" target=\"_blank\" rel=\"noopener\"><span style=\"color: #000000;\">Mujeres non sanctas. Prostituci\u00f3n y delitos sexuales: pr\u00e1cticas criminales en la ciudad de M\u00e9xico, 1940-1950\u201d, en <em>Revista Historia de Social, <\/em>Universidad de\u00a0\u00a0\u00a0 Valencia, 2013<\/span><\/a><\/span><br \/>\n\u201cCrimen y violencia en las calles de la ciudad\u201d, en<em> \u201cInstant\u00e1neas\u201d de la Ciudad de M\u00e9xico. Un \u00e1lbum de 1883-1884<\/em>, Instituto Mora, 2013<br \/>\n\u201cInfanticidas en la ciudad de M\u00e9xico (1940-1950), representaci\u00f3n y realidad\u201d, <em>Presencia y realidades: investigaciones sobre mujeres y perspectiva de g\u00e9nero<\/em>, Universidad de Zacatecas, 2011<br \/>\n<span style=\"color: #000000;\"><a href=\"https:\/\/www.academia.edu\/4348070\/La_Descuartizadora_Roma_Aborto_y_Maternidad._Cd._Mexico_1940\" onclick=\"javascript:_gaq.push(['_trackEvent','outbound-article','http:\/\/www.academia.edu']);\" target=\"_blank\" rel=\"noopener\"><span style=\"color: #000000;\">\u201cLa Descuartizadora de la Roma: aborto y maternidad. Ciudad de M\u00e9xico, d\u00e9cada de los cuarenta\u201d, <em>Nuevas miradas a la historia del delito, la justicia y el castigo<\/em>, Suprema Corte de Justicia, 2011<\/span><\/a><\/span><\/p>\n<p><span style=\"color: #501224;\"><strong>Contacto:<\/strong><\/span> msantillane@gmail.com<\/p>\n","protected":false},"excerpt":{"rendered":"<p>Formaci\u00f3n profesional Doctorado en Historia, FFyL-UNAM, Maestr\u00eda en Estudios Latinoamericanos, FFyL-UNAM, Maestr\u00eda en Humanidades, Universidad An\u00e1huac, Ciencias de la Comunicaci\u00f3n, Universidad An\u00e1huac Experiencia profesional Docencia desde 1996 en diversas instituciones: Facultad de Filosof\u00eda y Letras, UNAM, Instituto Mora, Instituto Cultural Hel\u00e9nico, Universidad Iberoamericana, Universidad An\u00e1huac. Gesti\u00f3n Administrativa: Coordinadora de la maestr\u00eda en Historia de M\u00e9xico<a class=\"sup-readmore\" href=\"https:\/\/redhistoriapsi.mora.edu.mx\/?page_id=1285\" >Leer m\u00e1s&#8230;<\/a><\/p>\n","protected":false},"author":3,"featured_media":0,"parent":0,"menu_order":0,"comment_status":"open","ping_status":"open","template":"","meta":{"footnotes":""},"post_mailing_queue_ids":[],"_links":{"self":[{"href":"https:\/\/redhistoriapsi.mora.edu.mx\/index.php?rest_route=\/wp\/v2\/pages\/1285"}],"collection":[{"href":"https:\/\/redhistoriapsi.mora.edu.mx\/index.php?rest_route=\/wp\/v2\/pages"}],"about":[{"href":"https:\/\/redhistoriapsi.mora.edu.mx\/index.php?rest_route=\/wp\/v2\/types\/page"}],"author":[{"embeddable":true,"href":"https:\/\/redhistoriapsi.mora.edu.mx\/index.php?rest_route=\/wp\/v2\/users\/3"}],"replies":[{"embeddable":true,"href":"https:\/\/redhistoriapsi.mora.edu.mx\/index.php?rest_route=%2Fwp%2Fv2%2Fcomments&post=1285"}],"version-history":[{"count":14,"href":"https:\/\/redhistoriapsi.mora.edu.mx\/index.php?rest_route=\/wp\/v2\/pages\/1285\/revisions"}],"predecessor-version":[{"id":3401,"href":"https:\/\/redhistoriapsi.mora.edu.mx\/index.php?rest_route=\/wp\/v2\/pages\/1285\/revisions\/3401"}],"wp:attachment":[{"href":"https:\/\/redhistoriapsi.mora.edu.mx\/index.php?rest_route=%2Fwp%2Fv2%2Fmedia&parent=1285"}],"curies":[{"name":"wp","href":"https:\/\/api.w.org\/{rel}","templated":true}]}}