{"id":1309,"date":"2014-08-28T18:30:33","date_gmt":"2014-08-28T18:30:33","guid":{"rendered":"http:\/\/redhistoriapsi.mora.edu.mx\/?page_id=1309"},"modified":"2024-06-19T19:00:28","modified_gmt":"2024-06-19T19:00:28","slug":"ana-conseglieri-gamez","status":"publish","type":"page","link":"https:\/\/redhistoriapsi.mora.edu.mx\/?page_id=1309","title":{"rendered":"Ana Conseglieri G\u00e1mez"},"content":{"rendered":"<p><span style=\"color: #501224;\"><strong> Formaci\u00f3n profesional<\/strong><\/span><br \/>\nDoctora en Medicina. T\u00edtulo de doctor con calificaci\u00f3n de sobresaliente Cum Laude otorgado por la Universidad Complutense de Madrid, noviembre de 2013.<\/p>\n<p><span style=\"color: #501224;\"><strong> Experiencia profesional<\/strong><\/span><br \/>\nM\u00e9dico residente de psiquiatr\u00eda desde 2003 hasta 2007 en el IPSSM Jos\u00e9 Germain (Legan\u00e9s).<br \/>\nFacultativo especialista de \u00e1rea de psiquiatr\u00eda en el CSM de Parla en el programa de adultos. Hospital de Parla desde noviembre de 2007.<\/p>\n<p><span style=\"color: #501224;\"><strong> L\u00edneas de investigaci\u00f3n<\/strong><\/span><br \/>\nEl Manicomio Nacional de Legan\u00e9s en la posguerra Espa\u00f1ola.<\/p>\n<p><span style=\"color: #501224;\"><strong> Proyectos de investigaci\u00f3n en curso<\/strong><\/span><br \/>\nColaboradora- investigadora en el proyecto de investigaci\u00f3n: Pr\u00e1cticas asistenciales y estrategias de institucionalizaci\u00f3n de la psiquiatr\u00eda franquista (1939-1960), HAR2012-37754-C02-01; cuyo investigador principal es Ricardo Jos\u00e9 Campos Mar\u00edn (Instituto de Historia. Centro de Ciencias Humanas y Sociales. CSIC). Este proyecto ha sido solicitado en el marco del VI Plan Nacional de Investigaci\u00f3n Cient\u00edfica, Desarrollo e Innovaci\u00f3n Tecnol\u00f3gica 2008-2011, y concedido para el periodo 2013-2016.<\/p>\n<p><span style=\"color: #501224;\"><strong> Proyectos de investigaci\u00f3n concluidos<\/strong><\/span><br \/>\nMinisterio de Ciencia y Tecnolog\u00eda. Direcci\u00f3n General de investigaci\u00f3n: HUM2005-04961-C03-02: \u201cLos estudios nutricionales en Espa\u00f1a durante la guerra civil y la posguerra (1937-1947). La neurolog\u00eda del hambre\u201d.<\/p>\n<p><span style=\"color: #501224;\"><strong> Publicaciones relevantes<\/strong><\/span><br \/>\nCONSEGLIERI, A. (2013), \u201cLas letras de la locura: cartas y dibujos de pacientes en el manicomio de Nacional de Legan\u00e9s (1939-1952)\u201d, en <em>Raz\u00f3n locura y sociedad. Una mirada a la historia desde el siglo XXI<\/em>, Madrid, AEN.<\/p>\n<p>CONSEGLIERI, A. (2013), \u201cManuel Peraita Peraita: director facultativo del manicomio nacional de Legan\u00e9s (1944-1950)\u201d en <em>Raz\u00f3n locura y sociedad. Una mirada a la historia desde el siglo XXI<\/em>, Madrid, AEN.<\/p>\n<p>CONSEGLIERI, A. (2008), \u201cLa introducci\u00f3n de nuevas medidas terap\u00e9uticas: entre la laborterapia y el electroshock en el Manicomio de Santa Isabel\u201d, <em>Frenia<\/em>, 8, 131-160.<\/p>\n<p>CONSEGLIERI, A., VILLASANTE, O. (2008), \u201cUn regicida frustrado: la imbecilidad de Otero seg\u00fan Esquerdo\u201d, en Mart\u00ednez P\u00e9rez, J., Estevez, J., del Cura, M., Blas, L.V. (coordinadores), <em>La gesti\u00f3n de la locura: conocimiento, pr\u00e1cticas y escenarios (Espa\u00f1a, siglos XIX-XX)<\/em>, Cuenca, Ediciones Universidad de Castilla-La Mancha.<\/p>\n<p><span style=\"color: #501224;\"><strong> Contacto<\/strong><\/span><br \/>\nanaconseglieri@hotmail.com<\/p>\n<p>&nbsp;<\/p>\n<p><strong>\u00a0<\/strong><\/p>\n","protected":false},"excerpt":{"rendered":"<p>Formaci\u00f3n profesional Doctora en Medicina. T\u00edtulo de doctor con calificaci\u00f3n de sobresaliente Cum Laude otorgado por la Universidad Complutense de Madrid, noviembre de 2013. Experiencia profesional M\u00e9dico residente de psiquiatr\u00eda desde 2003 hasta 2007 en el IPSSM Jos\u00e9 Germain (Legan\u00e9s). Facultativo especialista de \u00e1rea de psiquiatr\u00eda en el CSM de Parla en el programa de<a class=\"sup-readmore\" href=\"https:\/\/redhistoriapsi.mora.edu.mx\/?page_id=1309\" >Leer m\u00e1s&#8230;<\/a><\/p>\n","protected":false},"author":3,"featured_media":0,"parent":0,"menu_order":0,"comment_status":"open","ping_status":"open","template":"","meta":{"footnotes":""},"post_mailing_queue_ids":[],"_links":{"self":[{"href":"https:\/\/redhistoriapsi.mora.edu.mx\/index.php?rest_route=\/wp\/v2\/pages\/1309"}],"collection":[{"href":"https:\/\/redhistoriapsi.mora.edu.mx\/index.php?rest_route=\/wp\/v2\/pages"}],"about":[{"href":"https:\/\/redhistoriapsi.mora.edu.mx\/index.php?rest_route=\/wp\/v2\/types\/page"}],"author":[{"embeddable":true,"href":"https:\/\/redhistoriapsi.mora.edu.mx\/index.php?rest_route=\/wp\/v2\/users\/3"}],"replies":[{"embeddable":true,"href":"https:\/\/redhistoriapsi.mora.edu.mx\/index.php?rest_route=%2Fwp%2Fv2%2Fcomments&post=1309"}],"version-history":[{"count":3,"href":"https:\/\/redhistoriapsi.mora.edu.mx\/index.php?rest_route=\/wp\/v2\/pages\/1309\/revisions"}],"predecessor-version":[{"id":1312,"href":"https:\/\/redhistoriapsi.mora.edu.mx\/index.php?rest_route=\/wp\/v2\/pages\/1309\/revisions\/1312"}],"wp:attachment":[{"href":"https:\/\/redhistoriapsi.mora.edu.mx\/index.php?rest_route=%2Fwp%2Fv2%2Fmedia&parent=1309"}],"curies":[{"name":"wp","href":"https:\/\/api.w.org\/{rel}","templated":true}]}}