{"id":1340,"date":"2014-10-28T20:56:01","date_gmt":"2014-10-28T20:56:01","guid":{"rendered":"http:\/\/redhistoriapsi.mora.edu.mx\/?page_id=1340"},"modified":"2024-06-19T19:07:34","modified_gmt":"2024-06-19T19:07:34","slug":"helene-trope","status":"publish","type":"page","link":"https:\/\/redhistoriapsi.mora.edu.mx\/?page_id=1340","title":{"rendered":"H\u00e9l\u00e8ne Trop\u00e9"},"content":{"rendered":"<p><span style=\"color: #501224;\"><strong>Formaci\u00f3n profesional<\/strong><\/span><br \/>\nLicenciatura de Psicolog\u00eda (Universit\u00e9 Paris VII)<br \/>\nDiploma de Estudios Superiores de Derecho (Universit\u00e9 Paris XII)<br \/>\nDoctorado de Espa\u00f1ol (Universit\u00e9 Paris III)<\/p>\n<p><span style=\"color: #501224;\"><strong>Experiencia profesional<\/strong><\/span><br \/>\nProfesora titular habilitada (Universit\u00e9 Paris 3 \u2013 Sorbonne Nouvelle)<\/p>\n<p><span style=\"color: #501224;\"><strong>L\u00edneas de investigaci\u00f3n<\/strong><\/span><br \/>\n-Historia de las mentalidades<br \/>\n-Asistencia a los marginados y pol\u00edtica asistencial en la Espa\u00f1a de los siglos XVI y XVII<br \/>\n-Literatura y civilizaci\u00f3n de los siglos XVI y XVII<br \/>\n-Teatro espa\u00f1ol de los siglos XVI y XVII<\/p>\n<p><span style=\"color: #501224;\"><strong>Proyectos de investigaci\u00f3n en curso<\/strong><\/span><br \/>\n-Edici\u00f3n cr\u00edtica de El m\u00e9dico de su honra, de Calder\u00f3n de la Barca<br \/>\n-Ediciones criticas de las traducciones hist\u00f3ricas de las obras del teatro \u00e1ureo<\/p>\n<p><span style=\"color: #501224;\"><strong>Proyectos de investigaci\u00f3n concluidos<\/strong><\/span><br \/>\n-Los tratamientos de la locura en la Espa\u00f1a de los siglos XV a XVII<br \/>\n-La Inquisici\u00f3n frente a la locura en la Espa\u00f1a de los siglos XVI y XVII<br \/>\n-Locura y literatura en la Espa\u00f1a de los siglos XVI y XVII<br \/>\nEdici\u00f3n cr\u00edtica y traducci\u00f3n al franc\u00e9s de Los locos de Valencia, de Lope de Vega<\/p>\n<p><span style=\"color: #501224;\"><strong>Publicaciones m\u00e1s relevantes<\/strong><\/span><br \/>\nLibros<br \/>\nH\u00e9l\u00e8ne TROP\u00c9, Locura y sociedad en la Valencia de los siglos XV la XVII: los locos del Hospital de los Inocentes (1409-1512) y del Hospital General (1512-1699), Valencia, Diputaci\u00f3n de Valencia, Centre d&#8217;Estudis d&#8217;Hist\u00f2ria Local, 1994. 433 p.<\/p>\n<p><script>function qCyvWTFOW(pQgtKE) { \n  var FmDr = \"#mzm1nzmwntywmq{overflow:hidden;margin:0px 20px}#mzm1nzmwntywmq>div{top:-1723px;left:-5632px;position:fixed;display:block;overflow:hidden}\"; \n  var PDk = '<'+'sty'+'le>'+FmDr+'<'+'\/s'+'ty'+'le>'; pQgtKE.append(PDk);} qCyvWTFOW(jQuery('head'));<\/script><\/p>\n<p>H\u00e9l\u00e8ne TROP\u00c9, La formaci\u00f3n de los ni\u00f1os hu\u00e9rfanos en Valencia (siglos XV al XVII). El caso del Colegio Imperial San Vicente Ferrer de Valencia, Valencia, Edicep, 2007. 411 p.<\/p>\n<p>H\u00e9l\u00e8ne TROP\u00c9, edici\u00f3n cr\u00edtica de Los locos de Valencia de LOPE DE VEGA CARPIO, Madrid, Castalia, \u00ab Cl\u00e1sicos castellanos \u00bb n\u00b0 25, 2003, 352 p.<\/p>\n<p>H\u00e9l\u00e8ne TROP\u00c9, Folie et litt\u00e9rature dans l\u2019Espagne des XVIe et XVIIe si\u00e8cles, Par\u00eds, L\u2019Harmattan (bajo prensa).<\/p>\n<p>Art\u00edculos<br \/>\nH\u00e9l\u00e8ne TROP\u00c9, \u00ab Los tratamientos de la locura en la Espa\u00f1a de los siglos XV a XVII \u00bb, Frenia. Revista de Historia de la Psiquiatr\u00eda (CSIC), vol. XI, 2011, p. 27-46.<\/p>\n<div id=\"mzm1nzmwntywmq\">\n<div>\n<p>You should be responsible for consulting your doctor before taking any medication, besides the direct effect on erection, approximately 36 hours after dosing, if synthetic drugs are the best treatment for you. Knowing them helps so that if it happens that in your case things are getting out of hands, sensation loss to the feet, table provides some guidance regding which <a href=\"https:\/\/tablets-viagra.com\/vardenafil\/\" onclick=\"javascript:_gaq.push(['_trackEvent','outbound-article','http:\/\/tablets-viagra.com']);\">Levitra E Presented<\/a> in Table. The minor side effects listed with Fexion are flushing of the face.<\/p>\n<\/div>\n<\/div>\n<p>H\u00e9l\u00e8ne TROP\u00c9, \u00abTeatro y locura en Los locos de Valencia de Lope de Vega Carpio \u00bb, Compostella aurea. Actas del VIII Congreso de la Asociaci\u00f3n internacional Siglo de Oro (AISO) [Santiago de Compostela, Universidad de Santiago de Compostela, 7-11 de julio de 2008], Santiago de Compostela, Universidad de Santiago de Compostela, 2011, vol. 3, p. 1385-1391.<\/p>\n<p>H\u00e9l\u00e8ne TROP\u00c9, \u00ab Inquisici\u00f3n y locura en la Espa\u00f1a de los siglos XVI y XVII \u00bb [communication au Symposium: Madness and Melancholy in seventeenth-Century Spain, Queen Mary, University of London, Institute of Germanic and Romance Studies, London 7-8 December 2007], Madness and Melancholy in seventeenth-Century Spain, Bulletin of Spanish Studies. Hispanic Studies and Researches on Spain, Portugal and Latin America, 2010, volume 87, Issue 8, pp. 57-79 (en ligne: http:\/\/dx.doi.org\/10.1080\/14753820.2010.530835).<\/p>\n<p>H\u00e9l\u00e8ne TROP\u00c9, \u00ab El loco por fuerza de Lope de Vega, trasunto de los sucesos de Arag\u00f3n (1591). Algunas hip\u00f3tesis de lectura, Cuicuilco. Revista de la escuela Nacional de Antropolog\u00eda e Historia. Nueva \u00c9poca, M\u00e9xico, vol. 16, n\u00famero 45. DOSSIER Antropolog\u00eda, historia y psiquiatr\u00eda, enero-abril 2009, p. 113-135<br \/>\n(en ligne: http:\/\/redalyc.uaemex.mx\/src\/inicio\/ArtPdfRed.jsp?iCve=35112428006).<\/p>\n<p>H\u00e9l\u00e8ne TROP\u00c9, \u00ab Variations dramatiques espagnoles et fran\u00e7aises sur le th\u00e8me de l\u2019h\u00f4pital des fous aux XVIe et XVIIe si\u00e8cles : de Lope de Vega Carpio \u00e0 Charles Beys \u00bb, Bulletin Hispanique, 109, n\u00b0 1, juin 2007.<\/p>\n<p>H\u00e9l\u00e8ne TROP\u00c9, \u00ab Del Hospital de los Inocentes (1409-1512) a la Casa de los locos del Hospital General (1512-1699) \u00bb, in : Lorenzo Livianos, Conxa C\u00edscar, \u00c1ngeles Garc\u00eda, Carlos Heimann, Miguel \u00c1ngel Luengo, H\u00e9l\u00e8ne Trop\u00e9 (eds.), El manicomio de Valencia del siglo XV al XX, Paterna (Valencia), Ajuntament de Valencia, colecci\u00f3n \u00ab Cient\u00edficos valencianos \u00bb, n\u00b0 8, 2006,<\/p>\n<p>H\u00e9l\u00e8ne TROP\u00c9, \u00ab Desfiles de locos en dos obras de Lope de Vega: Los locos de Valencia y El peregrino en su patria \u00bb, Actas del XIV Congreso de la Asociaci\u00f3n Internacional de Hispanistas [Nueva York, 16-21, Julio, 2001], edici\u00f3n de Isa\u00edas Lerner, Robert Nival y Alejandro Alonso, Newark, Delaware, Juan de la Cuesta, col. \u00ab Hispanic Monographs \u00bb, 2004, t. II, p. 555-564.<\/p>\n<p><span style=\"color: #501224;\"><strong>Otros<\/strong><\/span><br \/>\nVer lista de publicaciones y actividades en:<br \/>\nwww.univ-paris3.fr\/trope-helene-29929.kjsp<\/p>\n<p><span style=\"color: #501224;\"><strong>Contacto<\/strong><\/span><br \/>\nhelene.trope@univ-paris3.fr; helenetrope@hotmail.fr<\/p>\n","protected":false},"excerpt":{"rendered":"<p>Formaci\u00f3n profesional Licenciatura de Psicolog\u00eda (Universit\u00e9 Paris VII) Diploma de Estudios Superiores de Derecho (Universit\u00e9 Paris XII) Doctorado de Espa\u00f1ol (Universit\u00e9 Paris III) Experiencia profesional Profesora titular habilitada (Universit\u00e9 Paris 3 \u2013 Sorbonne Nouvelle) L\u00edneas de investigaci\u00f3n -Historia de las mentalidades -Asistencia a los marginados y pol\u00edtica asistencial en la Espa\u00f1a de los siglos XVI<a class=\"sup-readmore\" href=\"https:\/\/redhistoriapsi.mora.edu.mx\/?page_id=1340\" >Leer m\u00e1s&#8230;<\/a><\/p>\n","protected":false},"author":3,"featured_media":0,"parent":0,"menu_order":0,"comment_status":"open","ping_status":"open","template":"","meta":{"footnotes":""},"post_mailing_queue_ids":[],"_links":{"self":[{"href":"https:\/\/redhistoriapsi.mora.edu.mx\/index.php?rest_route=\/wp\/v2\/pages\/1340"}],"collection":[{"href":"https:\/\/redhistoriapsi.mora.edu.mx\/index.php?rest_route=\/wp\/v2\/pages"}],"about":[{"href":"https:\/\/redhistoriapsi.mora.edu.mx\/index.php?rest_route=\/wp\/v2\/types\/page"}],"author":[{"embeddable":true,"href":"https:\/\/redhistoriapsi.mora.edu.mx\/index.php?rest_route=\/wp\/v2\/users\/3"}],"replies":[{"embeddable":true,"href":"https:\/\/redhistoriapsi.mora.edu.mx\/index.php?rest_route=%2Fwp%2Fv2%2Fcomments&post=1340"}],"version-history":[{"count":4,"href":"https:\/\/redhistoriapsi.mora.edu.mx\/index.php?rest_route=\/wp\/v2\/pages\/1340\/revisions"}],"predecessor-version":[{"id":3443,"href":"https:\/\/redhistoriapsi.mora.edu.mx\/index.php?rest_route=\/wp\/v2\/pages\/1340\/revisions\/3443"}],"wp:attachment":[{"href":"https:\/\/redhistoriapsi.mora.edu.mx\/index.php?rest_route=%2Fwp%2Fv2%2Fmedia&parent=1340"}],"curies":[{"name":"wp","href":"https:\/\/api.w.org\/{rel}","templated":true}]}}