{"id":1346,"date":"2014-08-29T19:33:40","date_gmt":"2014-08-29T19:33:40","guid":{"rendered":"http:\/\/redhistoriapsi.mora.edu.mx\/?page_id=1346"},"modified":"2024-06-19T19:02:48","modified_gmt":"2024-06-19T19:02:48","slug":"maria-cristina-sacristan-gomez","status":"publish","type":"page","link":"https:\/\/redhistoriapsi.mora.edu.mx\/?page_id=1346","title":{"rendered":"Cristina Sacrist\u00e1n G\u00f3mez"},"content":{"rendered":"<p><span style=\"color: #501224;\"><strong>Formaci\u00f3n profesional<\/strong><\/span><br \/>\nDoctorado en antropolog\u00eda social y cultural (1992-1994), Universitat Rovira i Virgili, Tarragona, Espa\u00f1a. Obtenci\u00f3n del grado: 28 de septiembre de 1999.<br \/>\nMaestr\u00eda en historia (1987-1989), El Colegio de Michoac\u00e1n, Zamora, Michoac\u00e1n, M\u00e9xico. Obtenci\u00f3n del grado: 16 de diciembre de 1991.<br \/>\nLicenciatura en etnohistoria (1981-1985), Escuela Nacional de Antropolog\u00eda e Historia, M\u00e9xico, D.F, M\u00e9xico. Obtenci\u00f3n del t\u00edtulo: 24 de julio de 1987.<\/p>\n<p><span style=\"color: #501224;\"><strong>Experiencia profesional<\/strong><\/span><br \/>\nDirectora de investigaci\u00f3n del Instituto de Investigaciones Dr. Jos\u00e9 Mar\u00eda Luis Mora, a la fecha.<br \/>\nCoordinadora de investigaci\u00f3n del Instituto de Investigaciones Dr. Jos\u00e9 Mar\u00eda Luis Mora de 2005 a 2007.<br \/>\nJefa del \u00e1rea de historia social y cultural del Instituto de Investigaciones Dr. Jos\u00e9 Mar\u00eda Luis Mora de 2001 a 2004.<\/p>\n<p><span style=\"color: #501224;\"><strong> L\u00edneas de investigaci\u00f3n<\/strong><\/span><br \/>\nHistoria de la psiquiatr\u00eda en M\u00e9xico, siglos XIX y XX<\/p>\n<p><span style=\"color: #501224;\"><strong> Proyectos de investigaci\u00f3n en curso<\/strong><\/span><br \/>\n-La influencia de la escuela de Cajal en las neurociencias mexicanas a trav\u00e9s de la vida y la obra de Dionisio Nieto, 1908-1985.<br \/>\n-Locura y modernidad en M\u00e9xico: el caso Raygosa, 1873-1877.<br \/>\n-La profesionalizaci\u00f3n de la psiquiatr\u00eda mexicana: pr\u00e1cticas asistenciales y estrategias de legitimaci\u00f3n, 1860-1995<\/p>\n<p><span style=\"color: #501224;\"><strong> Proyectos de investigaci\u00f3n concluidos<\/strong><\/span><br \/>\nInvestigador en el proyecto colectivo: Una \u201cinstant\u00e1nea\u201d de la ciudad de M\u00e9xico, 1883-1884, financiado por el Gobierno del Distrito Federal y el Banco Nacional de M\u00e9xico. 2012<\/p>\n<p><span style=\"color: #501224;\"><strong>Publicaciones relevantes<\/strong><\/span><br \/>\n<strong>Libros<\/strong><br \/>\n<span style=\"color: #000000;\"><a title=\"ir al libro\" href=\"http:\/\/www.mora.edu.mx\/CristinaSacristan\/CristinaSacristan.pdf\" onclick=\"javascript:_gaq.push(['_trackEvent','download','http:\/\/www.mora.edu.mx\/CristinaSacristan\/CristinaSacristan.pdf']);\"><span style=\"color: #000000;\">Locura y disidencia en el M\u00e9xico Ilustrado, 1760-1810, M\u00e9xico, El Colegio de Michoac\u00e1n, Instituto de Investigaciones Dr. Jos\u00e9 Mar\u00eda Luis Mora, 1994, 281 p\u00e1gs. ISBN 968-6959-18-1.<\/span><\/a><\/span><\/p>\n<p><span style=\"color: #000000;\">Locura e inquisici\u00f3n en Nueva Espa\u00f1a, 1571-1760, M\u00e9xico, Fondo de Cultura Econ\u00f3mica, El Colegio de Michoac\u00e1n, 1992, 159 p\u00e1gs. ISBN 968-16-3772-0.<\/span><\/p>\n<p><span style=\"color: #501224;\"><strong>Art\u00edculos en revistas (recientes)<\/strong><\/span><br \/>\n<span style=\"color: #000000;\">\u201cUn Estado sin memoria. La abolici\u00f3n ideol\u00f3gica de la instituci\u00f3n manicomial en M\u00e9xico, 1945-1968\u201d, <em>VERTEX. Revista argentina de psiquiatr\u00eda<\/em>. Buenos Aires, vol. XXII, no. 98, julio-agosto de 2011, pp. 314-317.<\/span><\/p>\n<p><span style=\"color: #000000;\"><a title=\"ver art\u00edculo\" href=\"http:\/\/www.inprf-cd.org.mx\/pdf\/sm3306\/sm3306473.pdf\" onclick=\"javascript:_gaq.push(['_trackEvent','download','http:\/\/www.inprf-cd.org.mx\/pdf\/sm3306\/sm3306473.pdf']);\"><span style=\"color: #000000;\">\u201cLa contribuci\u00f3n de La Casta\u00f1eda a la profesionalizaci\u00f3n de la psiquiatr\u00eda mexicana, 1910-1968\u201d, <em>Salud Mental. \u00d3rgano oficial del Instituto Nacional de Psiquiatr\u00eda<\/em>, vol. 33, no. 6, noviembre-diciembre de 2010, pp. 473-480. ISSN 0185-3325.<\/span><\/a><\/span><\/p>\n<p><span style=\"color: #000000;\"><a title=\"ir al art\u00edculo\" href=\"http:\/\/e-revista.unioeste.br\/index.php\/espacoplural\/article\/view\/4830\" onclick=\"javascript:_gaq.push(['_trackEvent','outbound-article','http:\/\/e-revista.unioeste.br']);\"><span style=\"color: #000000;\">\u201cSer o no ser modernos. La salud mental en manos del Estado mexicano, 1861-1968\u201d, <em>Revista Espa\u00e7o Plural<\/em>. Centro de Ci\u00eancias Humanas, Educa\u00e7\u00e3o e Letras, Universidade Estadual do Oeste do Paran\u00e1, Brasil, vol. XI, no. 22, enero-junio de 2010, pp. 11-23.ISSN 1518-4196.<\/span><\/a><\/span><\/p>\n<p><span style=\"color: #000000;\">\u201cLa locura se topa con el manicomio. Una historia por contar\u201d, <em>Cuicuilco. Revista de la Escuela Nacional de Antropolog\u00eda e Historia<\/em>, vol. 16, no. 45, enero-abril 2009, pp. 163-188. ISSN 0185-1659.<\/span><\/p>\n<p><span style=\"color: #000000;\"><a title=\"ir al art\u00edculo\" href=\"http:\/\/www.scielo.br\/pdf\/hcsm\/v12n3\/03.pdf\" onclick=\"javascript:_gaq.push(['_trackEvent','download','http:\/\/www.scielo.br\/pdf\/hcsm\/v12n3\/03.pdf']);\"><span style=\"color: #000000;\">\u201cPor el bien de la econom\u00eda nacional. Trabajo terap\u00e9utico y asistencia p\u00fablica en el Manicomio de La Casta\u00f1eda de la ciudad de M\u00e9xico, 1929-1932\u201d, <em>Hist\u00f3ria, Ci\u00eancias, Sa\u00fade, Manguinhos<\/em>, vol. 12, no. 3. Fundaci\u00f3n Oswaldo Cruz, Brasil, septiembre-diciembre de 2005, pp. 675-692. ISSN 0104-5970.<\/span><\/a><\/span><\/p>\n<p><span style=\"color: #000000;\">\u201cHistoriograf\u00eda de la locura y de la psiquiatr\u00eda en M\u00e9xico. De la hagiograf\u00eda a la historia posmoderna\u201d, <em>Frenia. Revista de historia de la psiquiatr\u00eda<\/em>, vol. V, no. 1. Espa\u00f1a, 2005, pp. 7-31. ISSN 1577-7200.<\/span><\/p>\n<p><span style=\"color: #000000;\">\u201cTrabajo, arte y deporte. Un intento de reforma psiqui\u00e1trica en La Casta\u00f1eda durante la gesti\u00f3n de Samuel Ram\u00edrez Moreno, 1929-1932\u201d, <em>Analecta Hist\u00f3rico M\u00e9dica<\/em>. Revista del Departamento de Historia y Filosof\u00eda de la UNAM y de la Sociedad Internacional de Historia de la Medicina, a\u00f1o 2, no. 2, 2004, pp. 211-221.<\/span><\/p>\n<p><span style=\"color: #000000;\"><a title=\"ir al art\u00edculo\" href=\"http:\/\/www.inprf-cd.org.mx\/pdf\/sm2603\/sm260357mkD.pdf\" onclick=\"javascript:_gaq.push(['_trackEvent','download','http:\/\/www.inprf-cd.org.mx\/pdf\/sm2603\/sm260357mkD.pdf']);\"><span style=\"color: #000000;\">\u201cReformando la asistencia psiqui\u00e1trica en M\u00e9xico. La Granja de San Pedro del Monte: los primeros a\u00f1os de una instituci\u00f3n modelo, 1945-1948\u201d, <em>Salud Mental. Revista del Instituto Nacional de Psiquiatr\u00eda<\/em>, vol. 26, no. 3, junio de 2003, pp. 57-65. ISSN 0185-3325.<\/span><\/a><\/span><\/p>\n<p><span style=\"color: #000000;\"><a title=\"ir al art\u00edculo\" href=\"http:\/\/www.frenia-historiapsiquiatria.com\/pdf\/fasciculo%204\/061-entre-curar-y-contener--la-psiquiatria-mexicana-ante-el-desamparo-juridico-1870-1944.pdf\" onclick=\"javascript:_gaq.push(['_trackEvent','download','http:\/\/www.frenia-historiapsiquiatria.com\/pdf\/fasciculo%204\/061-entre-curar-y-contener--la-psiquiatria-mexicana-ante-el-desamparo-juridico-1870-1944.pdf']);\"><span style=\"color: #000000;\">\u201cEntre curar y contener. La psiquiatr\u00eda mexicana ante el desamparo jur\u00eddico, 1870-1944\u201d, <em>Frenia. Revista de historia de la psiquiatr\u00eda<\/em>, vol. II, no. 2, 2002, pp. 61-80. ISSN 1577-7200.<\/span><\/a><\/span><\/p>\n<p><span style=\"color: #000000;\">\u201cUna valoraci\u00f3n sobre el fracaso del manicomio de La Casta\u00f1eda como instituci\u00f3n terap\u00e9utica, 1910-1944\u201d, <em>Secuencia. Revista de historia y ciencias sociales<\/em>, no. 51, septiembre-diciembre 2001, pp. 91-120. ISSN 0186-0348.<\/span><\/p>\n<p><span style=\"color: #000000;\">\u201cConstruyendo la naci\u00f3n en el M\u00e9xico Independiente: una experiencia desde la locura\u201d, <em>Artefacto. Revista de la escuela lacaniana de psicoan\u00e1lisis<\/em>, no.8, febrero de 2001, pp. 155-183. ISSN 0188-4026.<\/span><\/p>\n<p><span style=\"color: #000000;\"><a title=\"ir al art\u00edculo\" href=\"http:\/\/www.colmich.edu.mx\/files\/relaciones\/074\/pdf\/MariaCristinaSacristan.pdf\" onclick=\"javascript:_gaq.push(['_trackEvent','download','http:\/\/www.colmich.edu.mx\/files\/relaciones\/074\/pdf\/MariaCristinaSacristan.pdf']);\"><span style=\"color: #000000;\">\u201c\u00bfQui\u00e9n me meti\u00f3 en el manicomio? El internamiento de enfermos mentales en M\u00e9xico, siglos XIX y XX&#8221;, <em>Relaciones. Estudios de Historia y Sociedad<\/em>, primavera de 1998, vol. XIX, no. 74, pp. 201-233. ISSN 0185-3929.<\/span><\/a><\/span><\/p>\n<p><span style=\"color: #000000;\">&#8220;\u00bfQui peut exercer la tutelle d\u2019un incapable? \u00c9volution depuis le droit romain jusqu\u2019a la codification&#8221;, <em>Ateliers.Anthropologie et histoire<\/em>. R\u00e9flexion sur les cinq continents, 1996, no. 17, pp. 171-184. ISSN 1245-1436.<\/span><\/p>\n<p><span style=\"color: #000000;\">\u201cLocura y justicia en M\u00e9xico en el siglo XIX\u201d, <em>Revista del Residente de Psiquiatr\u00eda<\/em>, julio-septiembre de 1994, a\u00f1o 5, vol. 5, no. 3 pp. 12-17. ISSN 1405-1192.<\/span><\/p>\n<p><span style=\"color: #000000;\"><a title=\"ir al art\u00edculo\" href=\"http:\/\/biblioteca.itam.mx\/estudios\/estudio\/letras32\/notas1\/sec_1.html\" onclick=\"javascript:_gaq.push(['_trackEvent','outbound-article','http:\/\/biblioteca.itam.mx']);\"><span style=\"color: #000000;\">\u201cLocura y realismo m\u00e1gico en Pedro P\u00e1ramo\u201d, <em>Estudios. Filosof\u00eda, historia, letras<\/em>. ITAM, n\u00fam. 32, primavera de 1993, pp. 61-72. ISSN 0185-6383.<\/span><\/a><\/span><\/p>\n<p><span style=\"color: #501224;\"><strong> Otros<\/strong><\/span><br \/>\n<span style=\"color: #000000;\">Miembro del Sistema Nacional de Investigadores<\/span><br \/>\n<span style=\"color: #000000;\"> Participante en el Seminario Interdisciplinario en Salud Mental.<\/span><br \/>\n<span style=\"color: #000000;\"> Participa en los Comit\u00e9s Editoriales de:<\/span><br \/>\n<span style=\"color: #000000;\"> -Asclepio. Revista de historia de la medicina y de la ciencia, publicada por el CSIC de Madrid.<\/span><br \/>\n<span style=\"color: #000000;\"> -Frenia. Revista de historia de la psiquiatr\u00eda, publicaci\u00f3n cient\u00edfica independiente.<\/span><\/p>\n<p><span style=\"color: #501224;\"><strong>Contacto<\/strong><\/span><br \/>\n<span style=\"color: #000000;\">Tel.: (55) 55 98 37 77, ext. 1176 o 1149<\/span><br \/>\n<span style=\"color: #000000;\"> csacristan@mora.edu.mx<\/span><\/p>\n<p>&nbsp;<\/p>\n","protected":false},"excerpt":{"rendered":"<p>Formaci\u00f3n profesional Doctorado en antropolog\u00eda social y cultural (1992-1994), Universitat Rovira i Virgili, Tarragona, Espa\u00f1a. Obtenci\u00f3n del grado: 28 de septiembre de 1999. Maestr\u00eda en historia (1987-1989), El Colegio de Michoac\u00e1n, Zamora, Michoac\u00e1n, M\u00e9xico. Obtenci\u00f3n del grado: 16 de diciembre de 1991. Licenciatura en etnohistoria (1981-1985), Escuela Nacional de Antropolog\u00eda e Historia, M\u00e9xico, D.F, M\u00e9xico.<a class=\"sup-readmore\" href=\"https:\/\/redhistoriapsi.mora.edu.mx\/?page_id=1346\" >Leer m\u00e1s&#8230;<\/a><\/p>\n","protected":false},"author":3,"featured_media":0,"parent":0,"menu_order":0,"comment_status":"open","ping_status":"open","template":"","meta":{"footnotes":""},"post_mailing_queue_ids":[],"_links":{"self":[{"href":"https:\/\/redhistoriapsi.mora.edu.mx\/index.php?rest_route=\/wp\/v2\/pages\/1346"}],"collection":[{"href":"https:\/\/redhistoriapsi.mora.edu.mx\/index.php?rest_route=\/wp\/v2\/pages"}],"about":[{"href":"https:\/\/redhistoriapsi.mora.edu.mx\/index.php?rest_route=\/wp\/v2\/types\/page"}],"author":[{"embeddable":true,"href":"https:\/\/redhistoriapsi.mora.edu.mx\/index.php?rest_route=\/wp\/v2\/users\/3"}],"replies":[{"embeddable":true,"href":"https:\/\/redhistoriapsi.mora.edu.mx\/index.php?rest_route=%2Fwp%2Fv2%2Fcomments&post=1346"}],"version-history":[{"count":6,"href":"https:\/\/redhistoriapsi.mora.edu.mx\/index.php?rest_route=\/wp\/v2\/pages\/1346\/revisions"}],"predecessor-version":[{"id":1649,"href":"https:\/\/redhistoriapsi.mora.edu.mx\/index.php?rest_route=\/wp\/v2\/pages\/1346\/revisions\/1649"}],"wp:attachment":[{"href":"https:\/\/redhistoriapsi.mora.edu.mx\/index.php?rest_route=%2Fwp%2Fv2%2Fmedia&parent=1346"}],"curies":[{"name":"wp","href":"https:\/\/api.w.org\/{rel}","templated":true}]}}