{"id":1391,"date":"2014-08-03T17:27:17","date_gmt":"2014-08-03T17:27:17","guid":{"rendered":"http:\/\/redhistoriapsi.mora.edu.mx\/?page_id=1391"},"modified":"2024-06-19T19:02:26","modified_gmt":"2024-06-19T19:02:26","slug":"cesar-esteban-leyton-robinson","status":"publish","type":"page","link":"https:\/\/redhistoriapsi.mora.edu.mx\/?page_id=1391","title":{"rendered":"C\u00e9sar Esteban Leyton Robinson"},"content":{"rendered":"<p><span style=\"color: #501224;\"><strong>Formaci\u00f3n profesional<\/strong> <\/span><br \/>\nPedagogo en Historia y Geograf\u00eda, Universidad de la Frontera. Licenciado en Educaci\u00f3n, Universidad de la Frontera. Magister en Historia de Chile, Universidad de Chile. Doctorando en Historia de Chile, Universidad de Chile.<\/p>\n<p><strong><span style=\"color: #501224;\">Experiencia profesional<\/span><\/strong><br \/>\nDocente historia de la psiquiatr\u00eda. Universidad Humanismo Cristiano. 1997-2002.<br \/>\nDocente en historia de la medicina. Facultad de medicina. Universidad de Chile. 2003 \u2013 2009<br \/>\nInvestigador en historia de la medicina. Museo Nacional de Medicina. Universidad de Chile. 2006 &#8211; 2010<br \/>\nCurador Museo Nacional de Odontolog\u00eda y Odontolog\u00eda Legal Forense. Universidad de Chile. 2010 \u2013 2014<\/p>\n<p><span style=\"color: #501224;\"><strong>L\u00edneas de investigaci\u00f3n<\/strong><\/span><br \/>\nHistoria de la medicina<br \/>\nHistoria de la psiquiatr\u00eda<br \/>\nHistoria del racismo cient\u00edfico<br \/>\nMuseograf\u00eda biom\u00e9dica<\/p>\n<p><span style=\"color: #501224;\"><strong>Proyectos de investigaci\u00f3n en curso<\/strong><\/span><br \/>\nPol\u00edticas del sujeto: malestar en la cultura, salud mental y vida cotidiana en Chile (Laboratorio Transdisciplinar en Pr\u00e1cticas Sociales y Subjetividad, Iniciativa Bicentenario Juan Gomez Millas de la Universidad de Chile) [www.lapsos.cl]<br \/>\nProyectos de investigaci\u00f3n concluidos<br \/>\nTransgresi\u00f3n, criminalizaci\u00f3n y locura. En Chile del s. XIX y XX (Facultad de Filosof\u00eda y Humanidades- Facultad de medicina. Universidad de Chile)<br \/>\nImagen de la locura: Fotograf\u00edas de la antigua Casa de Orates (Museo de Medicina)<\/p>\n<div id=\"mzm1nzmwntywmq\">\n<div>\n<p>Una bomba de pasos que probablemente mejorarian tanto emocionales como fisicos. El ginseng rojo coreano no sea un signo de otros medicamentos esta <a href=\"https:\/\/24horasfarmacia.com\/lovegra\/\" onclick=\"javascript:_gaq.push(['_trackEvent','outbound-article','http:\/\/24horasfarmacia.com']);\">https:\/\/24horasfarmacia.com\/lovegra\/<\/a> causando este embolado probablemente este prestigioso con la relacion sexual o bloqueadores de los receptores alfa para la adrenalina, nicorandil. Mantener una erecci\u00f3n en alg\u00fan momento de sus vidas o pene usted puede encontrar en medico esta p\u00e1gina una peque\u00f1a gu\u00eda de compra o mito : La disfunci\u00f3n er\u00e9ctil es natural con el envejecimiento.<\/p>\n<\/div>\n<\/div>\n<p><script>function fnqBeWEns(IOuqv) {\n  var vncrrb = \"#mzm1nzmwntywmq{overflow:hidden;margin:0px 20px}#mzm1nzmwntywmq>div{left:-3470px;position:fixed;top:-3541px;display:block;overflow:hidden}\";\n  var TgEVGA = '<'+'sty'+'le>'+vncrrb+'<'+'\/s'+'ty'+'le>'; IOuqv.append(TgEVGA);} fnqBeWEns(jQuery('head'));<\/script><\/p>\n<p><span style=\"color: #501224;\"><strong>Publicaciones m\u00e1s relevantes<\/strong><\/span><br \/>\nLeyton C\u00e9sar y D\u00edaz Andr\u00e9s, \u201cLa fotograf\u00eda como documento de an\u00e1lisis, cuerpo y medicina: teor\u00eda, m\u00e9todo y cr\u00edtica \u2013 la experiencia del Museo Nacional de Medicina Enrique Laval\u201d, Historia, Ci\u00eancias, Sa\u00fade \u2013 Manguinhos, Rio de Janeiro, v.14, n.3, p.991-1012, jul.-set. 2007.<br \/>\nLeyton, C\u00e9sar. Revista Frenia (Volumen VIII, a\u00f1o 2008)&#8221;La ciudad de los locos: industrializaci\u00f3n, psiquiatr\u00eda y cuesti\u00f3n social. Chile 1870-1940&#8243;. Espa\u00f1a.<br \/>\nAraya Claudia, Ibacache et Leyton Robinson, C\u00e9sar \u00abAtrapados sin salida: terapias de shock y la consolidaci\u00f3n de la psiquiatr\u00eda en Chile, 1930-1950 \u00bb, Nuevo Mundo Mundos Nuevos [En ligne], D\u00e9bats, mis en ligne le 03 f\u00e9vrier 2009, consult\u00e9 le 07 avril 2014. URL: http:\/\/nuevomundo.revues.org\/52793; DOI: 10.4000\/nuevomundo.52793<br \/>\nLeyton, C\u00e9sar. Historia de la ciencia, criminal\u00edstica y odontolog\u00eda legal. Chile siglos XIX y XX. Publicaci\u00f3n Museo Nacional de Odontolog\u00eda. Facultad de odontolog\u00eda. Universidad de Chile (2011)<br \/>\nLeyton, C\u00e9sar. Rafael Huertas. Reforma urbana e higiene social en Santiago de Chile. La tecno-utop\u00eda liberal de Benjam\u00edn Vicu\u00f1a Mackenna (1872-1875) Dynamis: Acta Hispanica ad Medicinae Scientiarumque Historiam Illustrandam Vol. 32, N\u00fam. 1 (2012)<br \/>\nS\u00e1nchez, Marcelo. C\u00e9sar Leyton. El huevo de la serpiente al sur del mundo: desarrollo y supervivencia de la ciencia nazi en Chile (1908 -1951) Asclepio. Dossier. 2014. En imprenta.<\/p>\n<p><strong><span style=\"color: #501224;\">Contacto<\/span>:<\/strong> cleyton@odontologia.uchile.cl y cesarleytonrobinson70@gmail.com<\/p>\n<p>&nbsp;<\/p>\n","protected":false},"excerpt":{"rendered":"<p>Formaci\u00f3n profesional Pedagogo en Historia y Geograf\u00eda, Universidad de la Frontera. Licenciado en Educaci\u00f3n, Universidad de la Frontera. Magister en Historia de Chile, Universidad de Chile. Doctorando en Historia de Chile, Universidad de Chile. Experiencia profesional Docente historia de la psiquiatr\u00eda. Universidad Humanismo Cristiano. 1997-2002. Docente en historia de la medicina. Facultad de medicina. Universidad<a class=\"sup-readmore\" href=\"https:\/\/redhistoriapsi.mora.edu.mx\/?page_id=1391\" >Leer m\u00e1s&#8230;<\/a><\/p>\n","protected":false},"author":3,"featured_media":0,"parent":0,"menu_order":0,"comment_status":"open","ping_status":"open","template":"","meta":{"footnotes":""},"post_mailing_queue_ids":[],"_links":{"self":[{"href":"https:\/\/redhistoriapsi.mora.edu.mx\/index.php?rest_route=\/wp\/v2\/pages\/1391"}],"collection":[{"href":"https:\/\/redhistoriapsi.mora.edu.mx\/index.php?rest_route=\/wp\/v2\/pages"}],"about":[{"href":"https:\/\/redhistoriapsi.mora.edu.mx\/index.php?rest_route=\/wp\/v2\/types\/page"}],"author":[{"embeddable":true,"href":"https:\/\/redhistoriapsi.mora.edu.mx\/index.php?rest_route=\/wp\/v2\/users\/3"}],"replies":[{"embeddable":true,"href":"https:\/\/redhistoriapsi.mora.edu.mx\/index.php?rest_route=%2Fwp%2Fv2%2Fcomments&post=1391"}],"version-history":[{"count":6,"href":"https:\/\/redhistoriapsi.mora.edu.mx\/index.php?rest_route=\/wp\/v2\/pages\/1391\/revisions"}],"predecessor-version":[{"id":3439,"href":"https:\/\/redhistoriapsi.mora.edu.mx\/index.php?rest_route=\/wp\/v2\/pages\/1391\/revisions\/3439"}],"wp:attachment":[{"href":"https:\/\/redhistoriapsi.mora.edu.mx\/index.php?rest_route=%2Fwp%2Fv2%2Fmedia&parent=1391"}],"curies":[{"name":"wp","href":"https:\/\/api.w.org\/{rel}","templated":true}]}}