{"id":1500,"date":"2015-01-13T18:43:03","date_gmt":"2015-01-13T18:43:03","guid":{"rendered":"http:\/\/redhistoriapsi.mora.edu.mx\/?page_id=1500"},"modified":"2024-06-19T19:18:45","modified_gmt":"2024-06-19T19:18:45","slug":"trabajos-presentados-en-el-v-encuentro-de-la-rihp-mexico-2014","status":"publish","type":"page","link":"https:\/\/redhistoriapsi.mora.edu.mx\/?page_id=1500","title":{"rendered":"Trabajos presentados en el V Encuentro de la RIHP, M\u00e9xico 2014"},"content":{"rendered":"<p><strong><span style=\"color: #501224;\">Intercambios cient\u00edficos<\/span><\/strong><br \/>\n<strong><em>Reflexiones sobre el impacto de la eugenesia en el campo cient\u00edfico argentino. La biotipolog\u00eda como exponente particular en la psiquiatr\u00eda argentina (1890-1934),\u00a0<\/em><\/strong>Andr\u00e9s Rousseaux y Nicol\u00e1s Pablo Ferraro. <a title=\"Reflexiones sobre el impacto de la eugenesia en el campo cient\u00edfico argentino. La biotipolog\u00eda como exponente particular en la psiquiatr\u00eda argentina (1890-1934)\" href=\"https:\/\/redhistoriapsi.mora.edu.mx\/?page_id=1530\"  target=\"_blank\" rel=\"noopener\">Resumen<\/a><\/p>\n<p><strong><em>Los intercambios cient\u00edficos por la Sociedad Brasile\u00f1a de Neurolog\u00eda Psiquiatr\u00eda y Medicina Legal (1907-1933),\u00a0<\/em><\/strong>Ana Teresa A. Venancio y Ede Concei\u00e7\u00e3o Bispo Cerqueira. <a title=\"Los intercambios cient\u00edficos por la Sociedad Brasile\u00f1a de Neurolog\u00eda Psiquiatr\u00eda y Medicina Legal (1907-1933)\" href=\"https:\/\/redhistoriapsi.mora.edu.mx\/?page_id=1526\"  target=\"_blank\" rel=\"noopener\">Resumen<\/a><\/p>\n<p><strong><em>Los psiquiatras espa\u00f1oles de principios del siglo XX y la introducci\u00f3n del psicoan\u00e1lisis: Enrique Fern\u00e1ndez Sanz y Rafael del Valle y Aldabalde,\u00a0<\/em><\/strong>Silvia Levy Lazcano. <a title=\"Los psiquiatras espa\u00f1oles de principios del siglo\" href=\"https:\/\/redhistoriapsi.mora.edu.mx\/?page_id=1606\"  target=\"_blank\" rel=\"noopener\">Resumen<\/a><\/p>\n<p><strong><em>Medir cabezas, orientar terapias \u00bfUna medicina chilena y prusiana? 1910-1937,\u00a0<\/em><\/strong>C\u00e9sar Leyton y Marcelo S\u00e1nchez. <a title=\"Medir cabezas, orientar terapias \u00bfUna medicina chilena y prusiana? 1910-1937\" href=\"https:\/\/redhistoriapsi.mora.edu.mx\/?page_id=1579\" >Resumen<\/a><\/p>\n<p><strong><em>Individuos doblemente desgraciados: Heitor Carrilho y los referenciales alemanes en la psiquiatr\u00eda forense brasile\u00f1a (1930-1945)<\/em> <\/strong>Allister Andrew Teixeira Dias y Pedro Felipe Neves de Mu\u00f1oz. <a href=\"https:\/\/redhistoriapsi.mora.edu.mx\/?page_id=1552\"  target=\"_blank\" rel=\"noopener\">Resumen<\/a><\/p>\n<p><strong><span style=\"color: #501224;\">Enfermedad mental, modernidad y progreso<\/span><\/strong><br \/>\n<strong><em>Aliena\u00e7\u00e3o mental, ra\u00e7a e progresso no Brasil (1870-1920),\u00a0<\/em><\/strong>Ana Maria Galdini Raimundo Oda. <a title=\"Aliena\u00e7\u00e3o mental, ra\u00e7a e progresso no Brasil\" href=\"https:\/\/redhistoriapsi.mora.edu.mx\/?page_id=1524\"  target=\"_blank\" rel=\"noopener\">Resumen<\/a><\/p>\n<p><strong><em>Pobreza y la locura como enfermedades sociales en la mentalidad civilizatoria de la modernidad colombiana, Antioquia y Cundinamarca 1850 &#8211; 1950,\u00a0<\/em><\/strong>Jairo Guti\u00e9rrez Avenda\u00f1o. <a title=\"Pobreza y la locura \" href=\"https:\/\/redhistoriapsi.mora.edu.mx\/?page_id=1565\"  target=\"_blank\" rel=\"noopener\">Resumen<\/a><\/p>\n<p><strong><em>Modernidad neoliberal y enfermedad mental: la erradicaci\u00f3n de los pobres en la dictadura militar chilena, Santiago 1973-1990<\/em><\/strong>,\u00a0C\u00e9sar Leyton. <a href=\"https:\/\/redhistoriapsi.mora.edu.mx\/?page_id=1532\"  target=\"_blank\" rel=\"noopener\">Resumen<\/a><\/p>\n<p><strong><span style=\"color: #501224;\">Psicopatolog\u00eda<\/span><\/strong><br \/>\n<strong><em>La tradici\u00f3n medieval de la acedia<\/em><\/strong>,\u00a0Norberto Aldo Conti.<a title=\"La tradici\u00f3n medieval de la acedia\" href=\"https:\/\/redhistoriapsi.mora.edu.mx\/?page_id=1620\"  target=\"_blank\" rel=\"noopener\"> Resumen<\/a><\/p>\n<p><strong><em>Ian Hacking y la reescritura del alma. Aportes para una historia de la psiquiatr\u00eda<\/em><\/strong>,\u00a0Zenia Y\u00e9benes Escard\u00f3.\u00a0<a title=\"Ian Hacking y la reescritura del alma\" href=\"https:\/\/redhistoriapsi.mora.edu.mx\/?page_id=1617\"  target=\"_blank\" rel=\"noopener\">Resumen<\/a><\/p>\n<p><strong><em>Un nicho ecol\u00f3gico para la locura<\/em><\/strong>,\u00a0Emilio Vaschetto.\u00a0<a title=\"Un nicho ecol\u00f3gico para la locura\" href=\"https:\/\/redhistoriapsi.mora.edu.mx\/?page_id=1556\"  target=\"_blank\" rel=\"noopener\">Resumen<\/a><\/p>\n<p><strong><span style=\"color: #501224;\">Psiquiatr\u00eda Forense<\/span><\/strong><br \/>\n<strong><em>Peritazgos m\u00e9dico-legales y literatura m\u00e9dica: referentes de la enfermedad mental en Antioquia, siglo XIX y principios del siglo XX<\/em><\/strong>,\u00a0Manuela Barrios.\u00a0<a title=\"Peritazgos m\u00e9dico-legales \" href=\"https:\/\/redhistoriapsi.mora.edu.mx\/?page_id=1582\"  target=\"_blank\" rel=\"noopener\">Resumen<\/a><\/p>\n<p><strong><em>Los simuladores: verdad y poder en la psiquiatr\u00eda de Jos\u00e9 Ingenieros<\/em><\/strong>,\u00a0Sandra Caponi.\u00a0<a title=\"Los simuladores\" href=\"https:\/\/redhistoriapsi.mora.edu.mx\/?page_id=1604\"  target=\"_blank\" rel=\"noopener\">Resumen<\/a><\/p>\n<p><strong><em>Conocimiento h\u00edbrido, conocimiento creativo. Una pericia psiqui\u00e1trica chilena de 1915 entre la degeneraci\u00f3n y el psicoan\u00e1lisis,\u00a0<\/em><\/strong>Marcelo S\u00e1nchez y Mariano Rupperthuz.\u00a0<a title=\"Conocimiento h\u00edbrido\" href=\"https:\/\/redhistoriapsi.mora.edu.mx\/?page_id=1599\"  target=\"_blank\" rel=\"noopener\">Resumen<\/a><\/p>\n<p><em><strong>Locura criminal en el M\u00e9xico posrevolucionario. Peritajes m\u00e9dico-legales y la construcci\u00f3n del sujeto peligroso: el debate entre la psiquiatr\u00eda y la criminolog\u00eda (1931-1944)<\/strong>,\u00a0<\/em>Martha Santill\u00e1n.\u00a0<a title=\"Locura criminal en el M\u00e9xico posrevolucionario\" href=\"https:\/\/redhistoriapsi.mora.edu.mx\/?page_id=1586\"  target=\"_blank\" rel=\"noopener\">Resumen<\/a><\/p>\n<p><strong><span style=\"color: #501224;\">Modelos y pr\u00e1cticas asistenciales<\/span><\/strong><br \/>\n<strong><em>Cuerpo m\u00e9dico, locura e Inquisici\u00f3n en la Espa\u00f1a de los siglos XVI Y XVII,\u00a0<\/em><\/strong>St\u00e9phanie Wekko.\u00a0<a title=\"Cuerpo m\u00e9dico\" href=\"https:\/\/redhistoriapsi.mora.edu.mx\/?page_id=1614\"  target=\"_blank\" rel=\"noopener\">Resumen<\/a><\/p>\n<p><strong><em>Las formas de atenci\u00f3n psiqui\u00e1trica. Diferencias cualitativas y cuantitativas entre el internamiento y la consulta externa en el Hospital Psiqui\u00e1trico La Salud, M\u00e9xico en la primera d\u00e9cada del siglo XXI,\u00a0<\/em><\/strong>Oliver Hern\u00e1ndez Lara.\u00a0<a title=\"Las formas de atenci\u00f3n psiqui\u00e1trica\" href=\"https:\/\/redhistoriapsi.mora.edu.mx\/?page_id=1592\"  target=\"_blank\" rel=\"noopener\">Resumen<\/a><\/p>\n<p><strong><em>Centro de Rehabilitaci\u00f3n en Salud Mental, Xalapa, Veracruz. Una reconstrucci\u00f3n hist\u00f3rica, 1964-2014,\u00a0<\/em><\/strong>Juan Capetillo.\u00a0<a title=\"Centro de Rehabilitaci\u00f3n en Salud Mental\" href=\"https:\/\/redhistoriapsi.mora.edu.mx\/?page_id=1573\"  target=\"_blank\" rel=\"noopener\">Resumen<\/a><\/p>\n<p><strong><span style=\"color: #501224;\">Infancia<\/span><\/strong><br \/>\n<strong><em>El proceso de construcci\u00f3n de la infancia desde una perspectiva socio hist\u00f3rica, pasado y presente en la relaci\u00f3n Estado, familia e infancia en Argentina,\u00a0<\/em><\/strong>Ana Gabriela Nuciforo.\u00a0<a title=\"Construcci\u00f3n socio historica de la infancia, sus interrelaciones con pol\u00edticas p\u00fablicas y agencias de control social\" href=\"https:\/\/redhistoriapsi.mora.edu.mx\/?page_id=1521\"  target=\"_blank\" rel=\"noopener\">Resumen<\/a><\/p>\n<p><strong><em>Circuitos y marcas de anormalidad en el \u201cmenor\u201d delincuente, Buenos Aires 1880-1930,\u00a0<\/em><\/strong>Gustavo Pablo Rossi.\u00a0<a title=\"Circuitos y marcas de anormalidad en el \u201cmenor\u201d delincuente, Buenos Aires 1880-1930\" href=\"https:\/\/redhistoriapsi.mora.edu.mx\/?page_id=1562\" >Resumen<\/a><\/p>\n<p><strong><em>Medicalizaci\u00f3n de la infancia y control social: exploraci\u00f3n preliminar en Medell\u00edn y Oriente cercano,\u00a0<\/em><\/strong>Jorge M\u00e1rquez Valderrama.\u00a0<a title=\"Medicalizaci\u00f3n de la infancia y control social\" href=\"https:\/\/redhistoriapsi.mora.edu.mx\/?page_id=1569\"  target=\"_blank\" rel=\"noopener\">Resumen<\/a><\/p>\n<p><strong><span style=\"color: #501224;\">Narrativas de la locura<\/span><\/strong><br \/>\n<strong><em>La literatura como fuente, la locura como objeto: las ficciones psicopatol\u00f3gicas en la narrativa,\u00a0<\/em><\/strong>Jos\u00e9 Antonio Maya Gonz\u00e1lez.\u00a0<a title=\"La literatura como fuente\" href=\"https:\/\/redhistoriapsi.mora.edu.mx\/?page_id=1571\"  target=\"_blank\" rel=\"noopener\">Resumen<\/a><\/p>\n<p><strong><span style=\"color: #501224;\">De la higiene mental a la salud mental<\/span><\/strong><br \/>\n<strong><em>Higiene racial y catolicismo en la psiquiatr\u00eda espa\u00f1ola del primer franquismo (1939-1960),\u00a0<\/em><\/strong>Ricardo Campos.\u00a0<a title=\"Higiene racial y catolicismo en la psiquiatr\u00eda espa\u00f1ola \" href=\"https:\/\/redhistoriapsi.mora.edu.mx\/?page_id=1597\"  target=\"_blank\" rel=\"noopener\">Resumen<\/a><\/p>\n<p><em><strong>De la higiene a la salud mental: Ideolog\u00eda, discursos y pr\u00e1cticas en la Espa\u00f1a de Franco (1939-1975),\u00a0<\/strong><\/em>Enric J. Novella.\u00a0<a title=\"De la higiene a la salud mental\" href=\"https:\/\/redhistoriapsi.mora.edu.mx\/?page_id=1559\"  target=\"_blank\" rel=\"noopener\">Resumen<\/a><\/p>\n<p><strong><em>Influencias socio-pol\u00edticas en la concepci\u00f3n de salud mental de la OMS de 1950,\u00a0<\/em><\/strong>Juan Diego Lopera.\u00a0<a title=\"Influencias socio-pol\u00edticas en la concepci\u00f3n de salud mental de la OMS de 1950\" href=\"https:\/\/redhistoriapsi.mora.edu.mx\/?page_id=1576\" >Resumen<\/a><\/p>\n<p><em><strong>Formaci\u00f3n del discurso en salud mental en la primera mitad del siglo XX,\u00a0<\/strong><\/em>M\u00f3nica Mojica Perilla.\u00a0<a title=\"Formaci\u00f3n del discurso en salud mental \" href=\"https:\/\/redhistoriapsi.mora.edu.mx\/?page_id=1589\"  target=\"_blank\" rel=\"noopener\">Resumen<\/a><\/p>\n<p><strong><span style=\"color: #501224;\">Historiando el manicomio<\/span><\/strong><br \/>\n<strong><em>Diagn\u00f3stico y tratamiento de la locura en el Manicomio Departamental de Antioquia a principios del siglo XX,\u00a0<\/em><\/strong>Jos\u00e9 Andr\u00e9s Felipe Silva Mantilla.\u00a0<a href=\"https:\/\/redhistoriapsi.mora.edu.mx\/?page_id=1528\"  target=\"_blank\" rel=\"noopener\">Resumen<\/a><\/p>\n<p><em><strong>Un manicomio en conflicto. Funcionamiento y organizaci\u00f3n interna de la Casa de Santa Isabel de Legan\u00e9s durante la Guerra Civil y primeras d\u00e9cadas de la posguerra espa\u00f1ola (1936-1952)<\/strong>,\u00a0<\/em>Paloma V\u00e1zquez de la Torre Escalera y Ana Conseglieri G\u00e1mez.\u00a0<a title=\"Un manicomio en conflicto\" href=\"https:\/\/redhistoriapsi.mora.edu.mx\/?page_id=1609\"  target=\"_blank\" rel=\"noopener\">Resumen<\/a><\/p>\n<p><em><strong>Los pacientes del Manicomio La Casta\u00f1eda y sus diagn\u00f3sticos (M\u00e9xico, 1910-1968). Un an\u00e1lisis desde la historia cuantitativa,\u00a0<\/strong><\/em>Andr\u00e9s R\u00edos y Teresa Ordorika Sacrist\u00e1n.\u00a0Resumen<\/p>\n<p><em><strong><span style=\"color: #000000;\"><span style=\"color: #000000;\">Diagn\u00f3sticos psiqui\u00e1tricos en pacientes cr\u00f3nicas. El caso del Hospital Esteves de Lomas de Zamora, Buenos Aires (1908-1971)<\/span><\/span>\u00a0<\/strong><\/em>Aida Alejandra Golcman.\u00a0<a title=\"Diagn\u00f3sticos psiqui\u00e1tricos en pacientes cr\u00f3nicas. El caso del Hospital Esteves de Lomas de Zamora, Buenos Aires (1908-1971)\" href=\"https:\/\/redhistoriapsi.mora.edu.mx\/?page_id=1514\"  target=\"_blank\" rel=\"noopener\">Resumen<\/a><\/p>\n<p><strong><span style=\"color: #501224;\">Institucionalizaci\u00f3n de la psiquiatr\u00eda<\/span><\/strong><br \/>\n<strong><em>Rutas de la psiquiatr\u00eda en Colombia: Muratori y Ancizar, dos acontecimientos textuales 1793, 1851,\u00a0<\/em><\/strong>\u00c1lvaro Le\u00f3n Casas Orrego.\u00a0<a title=\"Rutas de la psiquiatr\u00eda en Colombia\" href=\"https:\/\/redhistoriapsi.mora.edu.mx\/?page_id=1612\"  target=\"_blank\" rel=\"noopener\">Resumen<\/a><\/p>\n<p><strong><em>Jos\u00e9 Torres Orozco (1890-1925), precursor de la psiquiatr\u00eda en Michoac\u00e1n, M\u00e9xico,\u00a0<\/em><\/strong>Jos\u00e9 Eduardo Pallares Campos.\u00a0<a title=\"Jos\u00e9 Torres Orozco (1890-1925)\" href=\"https:\/\/redhistoriapsi.mora.edu.mx\/?page_id=1634\"  target=\"_blank\" rel=\"noopener\">Resumen<\/a><\/p>\n<p><strong><em>La paralizaci\u00f3n del proceso de formaci\u00f3n de \u201cenfermeros psiqui\u00e1tricos\u201d durante la posguerra espa\u00f1ola,\u00a0<\/em><\/strong>Olga Villasante.\u00a0<a title=\"La paralizaci\u00f3n \" href=\"https:\/\/redhistoriapsi.mora.edu.mx\/?page_id=1631\"  target=\"_blank\" rel=\"noopener\">Resumen<\/a><\/p>\n<p><em><strong>Barcelona 1942: psiquiatr\u00eda para despu\u00e9s de una guerra,\u00a0<\/strong><\/em>Rafael Huertas Garc\u00eda-Alejo.\u00a0<a title=\"Barcelona 1942\" href=\"https:\/\/redhistoriapsi.mora.edu.mx\/?page_id=1594\"  target=\"_blank\" rel=\"noopener\">Resumen<\/a><\/p>\n","protected":false},"excerpt":{"rendered":"<p>Intercambios cient\u00edficos Reflexiones sobre el impacto de la eugenesia en el campo cient\u00edfico argentino. La biotipolog\u00eda como exponente particular en la psiquiatr\u00eda argentina (1890-1934),\u00a0Andr\u00e9s Rousseaux y Nicol\u00e1s Pablo Ferraro. Resumen Los intercambios cient\u00edficos por la Sociedad Brasile\u00f1a de Neurolog\u00eda Psiquiatr\u00eda y Medicina Legal (1907-1933),\u00a0Ana Teresa A. Venancio y Ede Concei\u00e7\u00e3o Bispo Cerqueira. Resumen Los psiquiatras<a class=\"sup-readmore\" href=\"https:\/\/redhistoriapsi.mora.edu.mx\/?page_id=1500\" >Leer m\u00e1s&#8230;<\/a><\/p>\n","protected":false},"author":3,"featured_media":0,"parent":0,"menu_order":0,"comment_status":"open","ping_status":"open","template":"","meta":{"footnotes":""},"post_mailing_queue_ids":[],"_links":{"self":[{"href":"https:\/\/redhistoriapsi.mora.edu.mx\/index.php?rest_route=\/wp\/v2\/pages\/1500"}],"collection":[{"href":"https:\/\/redhistoriapsi.mora.edu.mx\/index.php?rest_route=\/wp\/v2\/pages"}],"about":[{"href":"https:\/\/redhistoriapsi.mora.edu.mx\/index.php?rest_route=\/wp\/v2\/types\/page"}],"author":[{"embeddable":true,"href":"https:\/\/redhistoriapsi.mora.edu.mx\/index.php?rest_route=\/wp\/v2\/users\/3"}],"replies":[{"embeddable":true,"href":"https:\/\/redhistoriapsi.mora.edu.mx\/index.php?rest_route=%2Fwp%2Fv2%2Fcomments&post=1500"}],"version-history":[{"count":38,"href":"https:\/\/redhistoriapsi.mora.edu.mx\/index.php?rest_route=\/wp\/v2\/pages\/1500\/revisions"}],"predecessor-version":[{"id":3396,"href":"https:\/\/redhistoriapsi.mora.edu.mx\/index.php?rest_route=\/wp\/v2\/pages\/1500\/revisions\/3396"}],"wp:attachment":[{"href":"https:\/\/redhistoriapsi.mora.edu.mx\/index.php?rest_route=%2Fwp%2Fv2%2Fmedia&parent=1500"}],"curies":[{"name":"wp","href":"https:\/\/api.w.org\/{rel}","templated":true}]}}