{"id":1514,"date":"2015-01-13T19:15:23","date_gmt":"2015-01-13T19:15:23","guid":{"rendered":"http:\/\/redhistoriapsi.mora.edu.mx\/?page_id=1514"},"modified":"2024-06-19T19:05:35","modified_gmt":"2024-06-19T19:05:35","slug":"diagnosticos-psiquiatricos-en-pacientes-cronicas-el-caso-del-hospital-esteves-de-lomas-de-zamora-buenos-aires-1908-1971","status":"publish","type":"page","link":"https:\/\/redhistoriapsi.mora.edu.mx\/?page_id=1514","title":{"rendered":"Diagn\u00f3sticos psiqui\u00e1tricos en pacientes cr\u00f3nicas. El caso del Hospital Esteves de Lomas de Zamora, Buenos Aires (1908-1971)"},"content":{"rendered":"<p style=\"text-align: justify;\">El objetivo de esta ponencia es mostrar, a partir de la historia cuantitativa, los rasgos de la poblaci\u00f3n de una instituci\u00f3n hospitalaria de las afueras de Buenos Aires, durante las primeras siete d\u00e9cadas del siglo XX. Esta poblaci\u00f3n tuvo ciertos rasgos particulares: el 99% de las pacientes eran mujeres y se trat\u00f3 de un hospital creado para pacientes cr\u00f3nicas.\u00a0 Trabajamos a partir de una base de datos creada con 4058 historias cl\u00ednicas y tomamos particularmente el 30% de las mismas para desarrollar nuestra investigaci\u00f3n.<\/p>\n<p style=\"text-align: justify;\">Algunos de los datos personales de las pacientes que se registraron en los expedientes m\u00e9dicos fueron su procedencia, a\u00f1o de ingreso, nacionalidad, ocupaci\u00f3n y a\u00f1o de defunci\u00f3n.\u00a0 Particularmente nos centramos en los primeros diagn\u00f3sticos manifestados en estos registros: a partir de un primer encuentro entre la mujer que llegaba a la instituci\u00f3n y el m\u00e9dico, \u00e9ste eleg\u00eda un diagn\u00f3stico y la \u201cconvert\u00eda\u201d en una paciente mental. Tomamos como caso de estudio los cuadros de demencia precoz y esquizofrenia que fueron las patolog\u00edas m\u00e1s diagnosticadas en el Hospital Esteves. Consideramos que \u00a0analizar la poblaci\u00f3n de esta instituci\u00f3n, conforma una posible puerta de entrada para entender la formaci\u00f3n del \u201cojo cl\u00ednico\u201d de los psiquiatras del centro del pa\u00eds \u00a0entre 1908 y 1971.<\/p>\n<p style=\"text-align: justify;\">Las historias cl\u00ednicas de estas pacientes son historias de silencios, pues no es posible armar sus derroteros de vida, m\u00e1s bien, estos documentos nos permiten hacer un collage con retazos de historias rotas para as\u00ed esbozar peque\u00f1os rasgos y marcas de cientos de mujeres que transitaron la mayor parte de sus vidas en una instituci\u00f3n hospitalaria. Sus singularidades y subjetividades desaparecieron al ingresar al Esteves y se convirtieron en un \u201csello diagn\u00f3stico\u201d, o un c\u00famulo de s\u00edntomas que no llegaban a adquirir una identidad nosol\u00f3gica. En esta ponencia tambi\u00e9n describiremos algunas de las limitaciones que se presentaron en el trabajo con este tipo de fuentes.<\/p>\n<p>\u00a0Aida Alejandra Golcman (ISES-CONICET\/IIH-UNAM)<\/p>\n","protected":false},"excerpt":{"rendered":"<p>El objetivo de esta ponencia es mostrar, a partir de la historia cuantitativa, los rasgos de la poblaci\u00f3n de una instituci\u00f3n hospitalaria de las afueras de Buenos Aires, durante las primeras siete d\u00e9cadas del siglo XX. Esta poblaci\u00f3n tuvo ciertos rasgos particulares: el 99% de las pacientes eran mujeres y se trat\u00f3 de un hospital<a class=\"sup-readmore\" href=\"https:\/\/redhistoriapsi.mora.edu.mx\/?page_id=1514\" >Leer m\u00e1s&#8230;<\/a><\/p>\n","protected":false},"author":3,"featured_media":0,"parent":0,"menu_order":0,"comment_status":"open","ping_status":"open","template":"","meta":{"footnotes":""},"post_mailing_queue_ids":[],"_links":{"self":[{"href":"https:\/\/redhistoriapsi.mora.edu.mx\/index.php?rest_route=\/wp\/v2\/pages\/1514"}],"collection":[{"href":"https:\/\/redhistoriapsi.mora.edu.mx\/index.php?rest_route=\/wp\/v2\/pages"}],"about":[{"href":"https:\/\/redhistoriapsi.mora.edu.mx\/index.php?rest_route=\/wp\/v2\/types\/page"}],"author":[{"embeddable":true,"href":"https:\/\/redhistoriapsi.mora.edu.mx\/index.php?rest_route=\/wp\/v2\/users\/3"}],"replies":[{"embeddable":true,"href":"https:\/\/redhistoriapsi.mora.edu.mx\/index.php?rest_route=%2Fwp%2Fv2%2Fcomments&post=1514"}],"version-history":[{"count":2,"href":"https:\/\/redhistoriapsi.mora.edu.mx\/index.php?rest_route=\/wp\/v2\/pages\/1514\/revisions"}],"predecessor-version":[{"id":1516,"href":"https:\/\/redhistoriapsi.mora.edu.mx\/index.php?rest_route=\/wp\/v2\/pages\/1514\/revisions\/1516"}],"wp:attachment":[{"href":"https:\/\/redhistoriapsi.mora.edu.mx\/index.php?rest_route=%2Fwp%2Fv2%2Fmedia&parent=1514"}],"curies":[{"name":"wp","href":"https:\/\/api.w.org\/{rel}","templated":true}]}}