{"id":1524,"date":"2015-01-13T20:05:13","date_gmt":"2015-01-13T20:05:13","guid":{"rendered":"http:\/\/redhistoriapsi.mora.edu.mx\/?page_id=1524"},"modified":"2024-06-19T18:59:41","modified_gmt":"2024-06-19T18:59:41","slug":"alienacao-mental-raca-e-progresso-no-brasil","status":"publish","type":"page","link":"https:\/\/redhistoriapsi.mora.edu.mx\/?page_id=1524","title":{"rendered":"Aliena\u00e7\u00e3o mental, ra\u00e7a e progresso no Brasil"},"content":{"rendered":"<p style=\"text-align: justify;\">Ao longo do s\u00e9culo XIX, muitos m\u00e9dicos consideravam que as vicissitudes do progresso, a superpopula\u00e7\u00e3o das grandes cidades, a dissolu\u00e7\u00e3o dos costumes, a pobreza urbana e o esgotamento f\u00edsico e mental dos tempos modernos seriam causas de aumento da frequ\u00eancia das enfermidades mentais, e que existiriam certas \u201cpatologias do progresso\u201d. Adicionalmente, no caso do Brasil, a exist\u00eancia da escravid\u00e3o africana (at\u00e9 1888), a associa\u00e7\u00e3o entre mesti\u00e7agem e degeneresc\u00eancia e a cren\u00e7a na inferioridade mental inata dos negros tinham implica\u00e7\u00f5es nas concep\u00e7\u00f5es m\u00e9dicas sobre as especificidades mentais dos habitantes da jovem na\u00e7\u00e3o.<br \/>\nEsta comunica\u00e7\u00e3o apresenta os resultados preliminares de pesquisa sobre a forma\u00e7\u00e3o das ideias m\u00e9dicas a respeito das rela\u00e7\u00f5es entre loucura, civiliza\u00e7\u00e3o e progresso, bem como sobre o entrela\u00e7amento proposto entre aliena\u00e7\u00e3o mental, ra\u00e7a e escravid\u00e3o\/liberdade, tendo como fontes principais textos m\u00e9dicos publicados no per\u00edodo entre 1870 e 1920.<\/p>\n<p style=\"text-align: right;\">Ana Maria Galdini Raimundo Oda<br \/>\nUniversidade Estadual de Campinas, SP, Brasil<\/p>\n","protected":false},"excerpt":{"rendered":"<p>Ao longo do s\u00e9culo XIX, muitos m\u00e9dicos consideravam que as vicissitudes do progresso, a superpopula\u00e7\u00e3o das grandes cidades, a dissolu\u00e7\u00e3o dos costumes, a pobreza urbana e o esgotamento f\u00edsico e mental dos tempos modernos seriam causas de aumento da frequ\u00eancia das enfermidades mentais, e que existiriam certas \u201cpatologias do progresso\u201d. Adicionalmente, no caso do Brasil,<a class=\"sup-readmore\" href=\"https:\/\/redhistoriapsi.mora.edu.mx\/?page_id=1524\" >Leer m\u00e1s&#8230;<\/a><\/p>\n","protected":false},"author":3,"featured_media":0,"parent":0,"menu_order":0,"comment_status":"open","ping_status":"closed","template":"","meta":{"footnotes":""},"post_mailing_queue_ids":[],"_links":{"self":[{"href":"https:\/\/redhistoriapsi.mora.edu.mx\/index.php?rest_route=\/wp\/v2\/pages\/1524"}],"collection":[{"href":"https:\/\/redhistoriapsi.mora.edu.mx\/index.php?rest_route=\/wp\/v2\/pages"}],"about":[{"href":"https:\/\/redhistoriapsi.mora.edu.mx\/index.php?rest_route=\/wp\/v2\/types\/page"}],"author":[{"embeddable":true,"href":"https:\/\/redhistoriapsi.mora.edu.mx\/index.php?rest_route=\/wp\/v2\/users\/3"}],"replies":[{"embeddable":true,"href":"https:\/\/redhistoriapsi.mora.edu.mx\/index.php?rest_route=%2Fwp%2Fv2%2Fcomments&post=1524"}],"version-history":[{"count":1,"href":"https:\/\/redhistoriapsi.mora.edu.mx\/index.php?rest_route=\/wp\/v2\/pages\/1524\/revisions"}],"predecessor-version":[{"id":1525,"href":"https:\/\/redhistoriapsi.mora.edu.mx\/index.php?rest_route=\/wp\/v2\/pages\/1524\/revisions\/1525"}],"wp:attachment":[{"href":"https:\/\/redhistoriapsi.mora.edu.mx\/index.php?rest_route=%2Fwp%2Fv2%2Fmedia&parent=1524"}],"curies":[{"name":"wp","href":"https:\/\/api.w.org\/{rel}","templated":true}]}}