{"id":1526,"date":"2015-01-13T20:14:23","date_gmt":"2015-01-13T20:14:23","guid":{"rendered":"http:\/\/redhistoriapsi.mora.edu.mx\/?page_id=1526"},"modified":"2024-06-19T19:12:56","modified_gmt":"2024-06-19T19:12:56","slug":"los-intercambios-cientificos-por-la-sociedad-brasilena-de-neurologia-psiquiatria-y-medicina-legal-1907-1933","status":"publish","type":"page","link":"https:\/\/redhistoriapsi.mora.edu.mx\/?page_id=1526","title":{"rendered":"Los intercambios cient\u00edficos por la Sociedad Brasile\u00f1a de Neurolog\u00eda Psiquiatr\u00eda y Medicina Legal (1907-1933)"},"content":{"rendered":"<p>Este trabalho apresenta o modo como a Sociedade Brasileira de Psiquiatria, Neurologia e Medicina Legal \u2013 agremia\u00e7\u00e3o criada em 1907 e importante na institucionaliza\u00e7\u00e3o da psiquiatria no Brasil nas tr\u00eas primeiras d\u00e9cadas do s\u00e9culo XX \u2013 incentivou e participou dos interc\u00e2mbios cient\u00edficos\u00a0 sobre os saberes que\u00a0 lhe nomeavam. \u00a0Sabemos da explicita ades\u00e3o \u00e0s id\u00e9ias do psiquiatra alem\u00e3o \u00c9mil Kraepelin por parte de psiquiatra expressivo do per\u00edodo, Juliano Moreira (1873-1933), presidente da referida Sociedade desde sua funda\u00e7\u00e3o at\u00e9 1933. Contudo, a partir da an\u00e1lise do peri\u00f3dico desta institui\u00e7\u00e3o e, principalmente das atas das reuni\u00f5es\u00a0 nele publicadas, \u00a0observamos que na Sociedade tamb\u00e9m circularam outros saberes e\u00a0 correntes te\u00f3ricas que n\u00e3o apenas a teoria kraepeliniana.<\/p>\n<p>De um lado tais interc\u00e2mbios propiciavam a difus\u00e3o das id\u00e9ias de m\u00e9dicos brasileiros em pa\u00edses latino-americanos e europeus que se fazia por meio, principalmente, da participa\u00e7\u00e3o em congressos e em sociedades cient\u00edficas de outros pa\u00edses internacionais, ou com e publica\u00e7\u00e3o de artigos em peri\u00f3dicos internacionais. Por outro lado, a apropria\u00e7\u00e3o das id\u00e9ias cient\u00edficas estrangeiras se dava tamb\u00e9m por estas atua\u00e7\u00f5es; somando-se \u00e0 leitura de obras nas l\u00ednguas originais (alem\u00e3o e franc\u00eas, principalmente, mas tamb\u00e9m ingl\u00eas e italiano), \u00e0s visitas a universidades e cl\u00ednicas psiqui\u00e1tricas europ\u00e9ias, e tamb\u00e9m \u00e0 visita de m\u00e9dicos estrangeiros ao Brasil: o psic\u00f3logo franc\u00eas George Dumas em 1908, 1917 e 1925; o neurologista alem\u00e3o Max Nonne\u00a0(1861-1959), o franc\u00eas Joseph Babinski\u00a0(1857-1932) e o portugu\u00eas Egas Muniz\u00a0(1874-1955), que aqui estiveram respectivamente em 1922, 1925 e 1928; ainda em 1928, temos a visita neuropatologista alem\u00e3o Alfons Maria Jakob\u00a0(1884-1931), professor de neurologia e chefe do laborat\u00f3rio da Universidade de Hamburgo.<\/p>\n<p>Embora os interc\u00e2mbios cient\u00edficos tenham ocorrido principalmente com os c\u00edrculos psiqui\u00e1tricos europeus, eles foram ampliados a partir de 1928 para outros pa\u00edses, como Estados Unidos da Am\u00e9rica, Canad\u00e1 e Jap\u00e3o. Como podemos observar as visitas cient\u00edficas articuladas pela Sociedade propiciaram a circula\u00e7\u00e3o, principalmente, das id\u00e9ias de neurologistas, a partir de 1922.\u00a0 A an\u00e1lise ent\u00e3o empreendia permite compreender os modos como os interc\u00e2mbios cient\u00edficos participaram do desenvolvimento e redefini\u00e7\u00f5es da ci\u00eancia psiqui\u00e1trica brasileira, produzida e agenciada por seus atores na cidade do Rio de Janeiro.<\/p>\n<p style=\"text-align: right; padding-left: 30px;\">Ana Teresa A. Venancio, Doutora em Antropologia Social pelo Museu Nacional da Universidade do Estado do Rio de Janeiro; pesquisadora e professora do Programa de P\u00f3s-Gradua\u00e7\u00e3o em Hist\u00f3ria das\u00a0 Ci\u00eancias e\u00a0 da Sa\u00fade da\u00a0 Casa de Oswaldo Cruz\/Fiocruz (Brasil)<\/p>\n<p style=\"text-align: right; padding-left: 30px;\">Ede Concei\u00e7\u00e3o Bispo Cerqueira,<strong>\u00a0<\/strong>Historiadora pela Universidade do Estado da Bahia; mestre pelo Programa de P\u00f3s-Gradua\u00e7\u00e3o em Hist\u00f3ria das Ci\u00eancias e\u00a0 da Sa\u00fade da\u00a0 Casa de Oswaldo Cruz\/Fiocruz (Brasil)<\/p>\n","protected":false},"excerpt":{"rendered":"<p>Este trabalho apresenta o modo como a Sociedade Brasileira de Psiquiatria, Neurologia e Medicina Legal \u2013 agremia\u00e7\u00e3o criada em 1907 e importante na institucionaliza\u00e7\u00e3o da psiquiatria no Brasil nas tr\u00eas primeiras d\u00e9cadas do s\u00e9culo XX \u2013 incentivou e participou dos interc\u00e2mbios cient\u00edficos\u00a0 sobre os saberes que\u00a0 lhe nomeavam. \u00a0Sabemos da explicita ades\u00e3o \u00e0s id\u00e9ias do<a class=\"sup-readmore\" href=\"https:\/\/redhistoriapsi.mora.edu.mx\/?page_id=1526\" >Leer m\u00e1s&#8230;<\/a><\/p>\n","protected":false},"author":3,"featured_media":0,"parent":0,"menu_order":0,"comment_status":"open","ping_status":"open","template":"","meta":{"footnotes":""},"post_mailing_queue_ids":[],"_links":{"self":[{"href":"https:\/\/redhistoriapsi.mora.edu.mx\/index.php?rest_route=\/wp\/v2\/pages\/1526"}],"collection":[{"href":"https:\/\/redhistoriapsi.mora.edu.mx\/index.php?rest_route=\/wp\/v2\/pages"}],"about":[{"href":"https:\/\/redhistoriapsi.mora.edu.mx\/index.php?rest_route=\/wp\/v2\/types\/page"}],"author":[{"embeddable":true,"href":"https:\/\/redhistoriapsi.mora.edu.mx\/index.php?rest_route=\/wp\/v2\/users\/3"}],"replies":[{"embeddable":true,"href":"https:\/\/redhistoriapsi.mora.edu.mx\/index.php?rest_route=%2Fwp%2Fv2%2Fcomments&post=1526"}],"version-history":[{"count":1,"href":"https:\/\/redhistoriapsi.mora.edu.mx\/index.php?rest_route=\/wp\/v2\/pages\/1526\/revisions"}],"predecessor-version":[{"id":1527,"href":"https:\/\/redhistoriapsi.mora.edu.mx\/index.php?rest_route=\/wp\/v2\/pages\/1526\/revisions\/1527"}],"wp:attachment":[{"href":"https:\/\/redhistoriapsi.mora.edu.mx\/index.php?rest_route=%2Fwp%2Fv2%2Fmedia&parent=1526"}],"curies":[{"name":"wp","href":"https:\/\/api.w.org\/{rel}","templated":true}]}}