{"id":1530,"date":"2015-01-13T20:21:12","date_gmt":"2015-01-13T20:21:12","guid":{"rendered":"http:\/\/redhistoriapsi.mora.edu.mx\/?page_id=1530"},"modified":"2024-06-19T19:18:23","modified_gmt":"2024-06-19T19:18:23","slug":"reflexiones-sobre-el-impacto-de-la-eugenesia-en-el-campo-cientifico-argentino-la-biotipologia-como-exponente-particular-en-la-psiquiatria-argentina-1890-1934","status":"publish","type":"page","link":"https:\/\/redhistoriapsi.mora.edu.mx\/?page_id=1530","title":{"rendered":"Reflexiones sobre el impacto de la eugenesia en el campo cient\u00edfico argentino. La biotipolog\u00eda como exponente particular en la psiquiatr\u00eda argentina (1890-1934)"},"content":{"rendered":"<p style=\"text-align: justify;\">El objetivo del siguiente trabajo radica en dar cuenta de la repercusi\u00f3n de la teor\u00eda eugen\u00e9sica en la formaci\u00f3n del campo cient\u00edfico argentino, con particular \u00e9nfasis en la psiquiatr\u00eda. Nuestro recorrido comienza con una breve definici\u00f3n de los lineamientos fundamentales de la eugenesia como corriente pol\u00edtico-cultural. Luego realizamos una descripci\u00f3n de la situaci\u00f3n del campo intelectual argentino en la que se introduce la eugenesia a fines del siglo XIX. Posteriormente hacemos una cr\u00f3nica del desarrollo institucional que este movimiento alcanz\u00f3 en nuestro pa\u00eds hasta la d\u00e9cada del \u201930. Finalmente, nos detenemos en el caso de Christfried Jakob, destacado referente de la psiquiatr\u00eda local, quien sin ser miembro activo del movimiento eugen\u00e9sico, comulg\u00f3 con uno de sus conceptos fundamentales, la biotipolog\u00eda, demostrando de esta manera el arraigo que estas concepciones llegaron a tener en el campo cient\u00edfico nacional.<\/p>\n<p style=\"text-align: right; padding-left: 60px;\">Andr\u00e9s Rousseaux. M\u00e9dico Psiquiatra. Jefe de Residentes del Hospital Braulio Moyano. Miembro del Capitulo de Historia y Epistemolog\u00eda de APSA<\/p>\n<p style=\"text-align: right; padding-left: 90px;\">Nicol\u00e1s Pablo Ferraro. Docente de la materia Historia Social General de la carrera de Historia, Facultad de Filosof\u00eda y Letras-Universidad de Buenos Aires<\/p>\n","protected":false},"excerpt":{"rendered":"<p>El objetivo del siguiente trabajo radica en dar cuenta de la repercusi\u00f3n de la teor\u00eda eugen\u00e9sica en la formaci\u00f3n del campo cient\u00edfico argentino, con particular \u00e9nfasis en la psiquiatr\u00eda. Nuestro recorrido comienza con una breve definici\u00f3n de los lineamientos fundamentales de la eugenesia como corriente pol\u00edtico-cultural. Luego realizamos una descripci\u00f3n de la situaci\u00f3n del campo<a class=\"sup-readmore\" href=\"https:\/\/redhistoriapsi.mora.edu.mx\/?page_id=1530\" >Leer m\u00e1s&#8230;<\/a><\/p>\n","protected":false},"author":3,"featured_media":0,"parent":0,"menu_order":0,"comment_status":"open","ping_status":"open","template":"","meta":{"footnotes":""},"post_mailing_queue_ids":[],"_links":{"self":[{"href":"https:\/\/redhistoriapsi.mora.edu.mx\/index.php?rest_route=\/wp\/v2\/pages\/1530"}],"collection":[{"href":"https:\/\/redhistoriapsi.mora.edu.mx\/index.php?rest_route=\/wp\/v2\/pages"}],"about":[{"href":"https:\/\/redhistoriapsi.mora.edu.mx\/index.php?rest_route=\/wp\/v2\/types\/page"}],"author":[{"embeddable":true,"href":"https:\/\/redhistoriapsi.mora.edu.mx\/index.php?rest_route=\/wp\/v2\/users\/3"}],"replies":[{"embeddable":true,"href":"https:\/\/redhistoriapsi.mora.edu.mx\/index.php?rest_route=%2Fwp%2Fv2%2Fcomments&post=1530"}],"version-history":[{"count":1,"href":"https:\/\/redhistoriapsi.mora.edu.mx\/index.php?rest_route=\/wp\/v2\/pages\/1530\/revisions"}],"predecessor-version":[{"id":1531,"href":"https:\/\/redhistoriapsi.mora.edu.mx\/index.php?rest_route=\/wp\/v2\/pages\/1530\/revisions\/1531"}],"wp:attachment":[{"href":"https:\/\/redhistoriapsi.mora.edu.mx\/index.php?rest_route=%2Fwp%2Fv2%2Fmedia&parent=1530"}],"curies":[{"name":"wp","href":"https:\/\/api.w.org\/{rel}","templated":true}]}}