{"id":1532,"date":"2015-01-13T20:28:24","date_gmt":"2015-01-13T20:28:24","guid":{"rendered":"http:\/\/redhistoriapsi.mora.edu.mx\/?page_id=1532"},"modified":"2024-06-19T19:15:49","modified_gmt":"2024-06-19T19:15:49","slug":"modernidad-neoliberal-y-enfermedad-mental-la-erradicacion-de-los-pobres-en-la-dictadura-militar-chilena-santiago-1973-1990","status":"publish","type":"page","link":"https:\/\/redhistoriapsi.mora.edu.mx\/?page_id=1532","title":{"rendered":"Modernidad neoliberal y enfermedad mental: la erradicaci\u00f3n de los pobres en la dictadura militar chilena, Santiago 1973-1990"},"content":{"rendered":"<p style=\"text-align: justify;\">A fines de la segunda mitad del siglo XX, Chile vive uno de los momentos m\u00e1s desgarrados de su historia pol\u00edtica, el golpe militar y su dictadura (1973-1990). En el cual, las elites tradicionales generaron una pol\u00edtica de genocidio sobre un segmento de la poblaci\u00f3n, que pod\u00eda manifestarse a futuro, como una oposici\u00f3n al nuevo modelo econ\u00f3mico fundando bajo este r\u00e9gimen castrense, el neoliberalismo. Despu\u00e9s de la aplicaci\u00f3n de instituciones y pr\u00e1cticas de exterminio, como campos de concentraci\u00f3n, centros de torturas y una pol\u00edtica de desaparici\u00f3n forzada sobre los militantes de partidos de izquierda y sus familiares. Viene una segunda fase del modelo, reordenar la ciudad en una estrategia de segregaci\u00f3n y control econ\u00f3mico del espacio urbano, conocido como proyecto de erradicaci\u00f3n de la pobreza.<\/p>\n<p style=\"text-align: justify;\">El desplazamiento de los pobres en forma masiva, de las zonas ricas urbanas, gener\u00f3 un negocio inmobiliario cimentado en la segregaci\u00f3n urbana. A esto se suma la deportaci\u00f3n\u00a0 en <em>comunas conteiner<\/em>, estrategia geopol\u00edtica militar, una especie de <em>apartheid<\/em> o gueto social, que desfavoreci\u00f3 la organizaci\u00f3n poblacional, provocando la ruptura del \u201clazo social\u201d de estas comunidades extra\u00f1adas.<\/p>\n<p style=\"text-align: justify;\">La naturalizaci\u00f3n de la vida en guetos, que volvi\u00f3 a restablecer la dictadura, fue el punto de partida para generar situaciones de violencia del modelo econ\u00f3mico. Esto favoreci\u00f3 un creciente aumento de problemas sociales, en torno a la violencia intrafamiliar, drogas y delincuencia. Pero sobre todo, la emergencia de enfermedades mentales, producto no solo del contexto represivo que ejerc\u00eda la dictadura concerniente a estas poblaciones, sino que adem\u00e1s, debido a la implementaci\u00f3n de reformas econ\u00f3micas neoliberales radicales, en su primera fase. La privatizaci\u00f3n de los derechos b\u00e1sicos (agua, salud, vivienda, educaci\u00f3n, espacio p\u00fablico y trabajo) Y el desmantelamiento del Estado benefactor y su protecci\u00f3n social, que en nuestra perspectiva, ser\u00edan los causantes de duplicar las enfermedades ps\u00edquicas en \u201cenjambres epid\u00e9micos end\u00e9micos\u201d entre\u00a0 1973 &#8211; 1990.<\/p>\n<p>La hip\u00f3tesis de trabajo es, que este contexto de represi\u00f3n pol\u00edtica y de adecuaci\u00f3n al modelo econ\u00f3mico, aument\u00f3 dram\u00e1ticamente las enfermedades mentales contempor\u00e1neas en Chile. Manifestadas en una primera instancia, en un grupo de poblaci\u00f3n sometida a esta violencia pol\u00edtica directa (erradicaci\u00f3n, exilio, tortura, prisi\u00f3n) y que posteriormente, se expandi\u00f3, a toda la poblaci\u00f3n en general, en este proceso de modernidad econ\u00f3mica autoritaria. Estas enfermedades mentales, se conforman hoy en d\u00eda, como un fen\u00f3meno social importante, dentro del modelo neoliberal chileno. Su an\u00e1lisis y comprensi\u00f3n, es el objetivo de la propuesta presentada.<\/p>\n<p style=\"text-align: right;\">C\u00e9sar Leyton, Universidad de Chile<\/p>\n","protected":false},"excerpt":{"rendered":"<p>A fines de la segunda mitad del siglo XX, Chile vive uno de los momentos m\u00e1s desgarrados de su historia pol\u00edtica, el golpe militar y su dictadura (1973-1990). En el cual, las elites tradicionales generaron una pol\u00edtica de genocidio sobre un segmento de la poblaci\u00f3n, que pod\u00eda manifestarse a futuro, como una oposici\u00f3n al nuevo<a class=\"sup-readmore\" href=\"https:\/\/redhistoriapsi.mora.edu.mx\/?page_id=1532\" >Leer m\u00e1s&#8230;<\/a><\/p>\n","protected":false},"author":3,"featured_media":0,"parent":0,"menu_order":0,"comment_status":"open","ping_status":"open","template":"","meta":{"footnotes":""},"post_mailing_queue_ids":[],"_links":{"self":[{"href":"https:\/\/redhistoriapsi.mora.edu.mx\/index.php?rest_route=\/wp\/v2\/pages\/1532"}],"collection":[{"href":"https:\/\/redhistoriapsi.mora.edu.mx\/index.php?rest_route=\/wp\/v2\/pages"}],"about":[{"href":"https:\/\/redhistoriapsi.mora.edu.mx\/index.php?rest_route=\/wp\/v2\/types\/page"}],"author":[{"embeddable":true,"href":"https:\/\/redhistoriapsi.mora.edu.mx\/index.php?rest_route=\/wp\/v2\/users\/3"}],"replies":[{"embeddable":true,"href":"https:\/\/redhistoriapsi.mora.edu.mx\/index.php?rest_route=%2Fwp%2Fv2%2Fcomments&post=1532"}],"version-history":[{"count":1,"href":"https:\/\/redhistoriapsi.mora.edu.mx\/index.php?rest_route=\/wp\/v2\/pages\/1532\/revisions"}],"predecessor-version":[{"id":1533,"href":"https:\/\/redhistoriapsi.mora.edu.mx\/index.php?rest_route=\/wp\/v2\/pages\/1532\/revisions\/1533"}],"wp:attachment":[{"href":"https:\/\/redhistoriapsi.mora.edu.mx\/index.php?rest_route=%2Fwp%2Fv2%2Fmedia&parent=1532"}],"curies":[{"name":"wp","href":"https:\/\/api.w.org\/{rel}","templated":true}]}}