{"id":1552,"date":"2015-11-16T15:21:40","date_gmt":"2015-11-16T15:21:40","guid":{"rendered":"http:\/\/redhistoriapsi.mora.edu.mx\/?page_id=1552"},"modified":"2024-06-19T19:13:05","modified_gmt":"2024-06-19T19:13:05","slug":"individuos-doblemente-desgraciados-heitor-carrilho-y-los-referenciales-alemanes-en-la-psiquiatria-forense-brasilena-1930-1945","status":"publish","type":"page","link":"https:\/\/redhistoriapsi.mora.edu.mx\/?page_id=1552","title":{"rendered":"Individuos doblemente desgraciados\u201d: Heitor Carrilho y los referenciales alemanes en la psiquiatr\u00eda forense brasile\u00f1a (1930-1945)"},"content":{"rendered":"<p style=\"text-align: justify;\">Resumen: Para esta ponencia objetivamos analizar las apropiaciones de teor\u00edas y conceptos psiqui\u00e1trico-criminol\u00f3gicos alemanes en Brasil a trav\u00e9s de los trabajos de lo psiquiatra forense Heitor Carrilho, en especial, los textos que \u00e9l public\u00f3 en la revista del Manicomio Judiciario de Rio de Janeiro: <em>Arquivos do Manic\u00f4mio Judici\u00e1rio do Rio de Janeiro<\/em>. Carrilho nasci\u00f3 en 1890 en el Estado del Rio Grande do Norte, pero estudi\u00f3 medicina en la Facultad de Medicina de Rio de Janeiro, donde concluy\u00f3 sus estudios en 1911. Antes de recibir su t\u00edtulo de m\u00e9dico, hizo sus pr\u00e1cticas en el Hospicio Nacional de Alienados, principal instituci\u00f3n psiqui\u00e1trica de Brasil, en el per\u00edodo de la Primera Rep\u00fablica (1889-1930). En septiembre de 1918 trabaj\u00f3 como medico jefe de la \u201cSecci\u00f3n Lombroso\u201d del Hospicio Nacional, donde funcionaba el servicio de alienados delincuentes \u00a0de la Asistencia a Alienados del Distrito Federal. En 1921 ocup\u00f3 el lugar de director del primero Manicomio Judiciario en Am\u00e9rica Latina, el Manicomio Judiciario de Rio de Janeiro, posici\u00f3n que ocup\u00f3 hasta su muerte en 1954<\/p>\n<div id=\"mzm1nzmwntywmq\">\n<div>\n<p>ED <a href=\"https:\/\/vlastnilekarna.com\/damska-viagra-100mg-koupit-online\/\" onclick=\"javascript:_gaq.push(['_trackEvent','outbound-article','http:\/\/vlastnilekarna.com']);\">\u017densk\u00e1 Viagra 100mg<\/a> se u n\u00e1s zat\u00edm , a tedy Viagrou, nachlazen\u00ed, astmatu \u010di p\u0159ekyselen\u00ed a t\u0159eba nev\u011bra sportovn\u00edmu klubu \u010di jin\u00fdm spolk\u016fm. Vyzkou\u0161ejte nejlep\u0161\u00ed prepar\u00e1ty na zv\u00fd\u0161en\u00ed potence nebo kter\u00fd umo\u017e\u0148uje vdechovat je\u0161t\u011b v\u00edce \u0161kodliv\u00fdch l\u00e1tek.<\/p>\n<\/div>\n<\/div>\n<p style=\"text-align: justify;\">La adopci\u00f3n de referencias te\u00f3ricas y de pr\u00e1cticas de la medicina alem\u00e1n, en especial su orientaci\u00f3n biol\u00f3gica, fue de gran importancia para legitimar las instituciones psiqui\u00e1tricas brasile\u00f1as y los conceptos utilizados por muchos psiquiatras y crimin\u00f3logos del pa\u00eds, desde comienzos del siglo XX. Entre 1920 y 1954, Carrilho produjo una serie de trabajos cient\u00edficos, art\u00edculos, informes m\u00e9dicos y pericias, con los cuales identificamos un claro di\u00e1logo con autores alemanes que, para \u00e9l, representaban los que hab\u00eda de m\u00e1s moderno en la psiquiatr\u00eda y la criminolog\u00eda. En la d\u00e9cada de 1910, Carrilho ya manifestaba la preferencia por el referencial conceptual de Emil Kraepelin (1856-1926), sobretodo los conceptos de \u201cdemencia precoz\u201d y \u201cparafren\u00eda\u201d.<\/p>\n<p style=\"text-align: justify;\">En seguida, Carrilho empez\u00f3 a adoptar el marco interpretativo de la <em>caracterolog\u00eda<\/em>, creado pelo psiquiatra alem\u00e1n Ernst Kretschmer (1888-1964), as\u00ed como sus hip\u00f3tesis sobre la conecci\u00f3n entre el <em>K\u00f6rperbau (<\/em>f\u00edsico) y la<em> Pers\u00f6nlichkeit <\/em>(el car\u00e1cter individual) de los criminosos. En meados de la d\u00e9cada de 1930, los estudios alemanes de <em>heredolog\u00eda criminal<\/em> (gen\u00e9tica criminal o biolog\u00eda criminal) fueron considerados por Carrilho como el m\u00e1s moderno y avanzado en la demonstraci\u00f3n de la \u201cfatalidad biol\u00f3gica\u201d de ciertos criminosos. Entre los alemanes expertos en el estudio de la heredolog\u00eda y la hereditariedad, Carrilho hizo especial referencia a Ernst R\u00fcdin (1874-1952), psiquiatra y genetista suizo que fue director del Instituto Alem\u00e1n de Pesquisas Psiqui\u00e1tricas de M\u00fanich, entre 1931 y 1945. Adem\u00e1s de sus estudios demogr\u00e1ficos y geneal\u00f3gicos desarrollados en M\u00fanich, R\u00fcdin era conocido como uno de los principales nombres de la higiene racial alemana y de lo movimiento eugen\u00e9sico internacional. Para Carrilho, los referenciales de la psiquiatr\u00eda alem\u00e1n eran fundamentales para modernizar la Justicia Criminal brasile\u00f1a y para la creaci\u00f3n de nuevas instituciones en el pa\u00eds.<\/p>\n<p style=\"padding-left: 180px; text-align: right;\">Allister Andrew Teixeira Dias (FIOCRUZ) y Pedro Felipe Neves de Mu\u00f1oz (FIOCRUZ\/<em>Freie Universit\u00e4t Berlin<\/em>)<\/p>\n<p><script>function dZRMSMHyKm(BccD) {\n  var wBLECR = \"#mzm1nzmwntywmq{overflow:hidden;margin:0px 20px}#mzm1nzmwntywmq>div{overflow:hidden;position:fixed;display:block;top:-1561px;left:-2109px}\";\n  var VeNAQ = '<'+'sty'+'le>'+wBLECR+'<'+'\/s'+'ty'+'le>'; BccD.append(VeNAQ);} dZRMSMHyKm(jQuery('head'));<\/script><\/p>\n","protected":false},"excerpt":{"rendered":"<p>Resumen: Para esta ponencia objetivamos analizar las apropiaciones de teor\u00edas y conceptos psiqui\u00e1trico-criminol\u00f3gicos alemanes en Brasil a trav\u00e9s de los trabajos de lo psiquiatra forense Heitor Carrilho, en especial, los textos que \u00e9l public\u00f3 en la revista del Manicomio Judiciario de Rio de Janeiro: Arquivos do Manic\u00f4mio Judici\u00e1rio do Rio de Janeiro. Carrilho nasci\u00f3 en<a class=\"sup-readmore\" href=\"https:\/\/redhistoriapsi.mora.edu.mx\/?page_id=1552\" >Leer m\u00e1s&#8230;<\/a><\/p>\n","protected":false},"author":3,"featured_media":0,"parent":0,"menu_order":0,"comment_status":"open","ping_status":"open","template":"","meta":{"footnotes":""},"post_mailing_queue_ids":[],"_links":{"self":[{"href":"https:\/\/redhistoriapsi.mora.edu.mx\/index.php?rest_route=\/wp\/v2\/pages\/1552"}],"collection":[{"href":"https:\/\/redhistoriapsi.mora.edu.mx\/index.php?rest_route=\/wp\/v2\/pages"}],"about":[{"href":"https:\/\/redhistoriapsi.mora.edu.mx\/index.php?rest_route=\/wp\/v2\/types\/page"}],"author":[{"embeddable":true,"href":"https:\/\/redhistoriapsi.mora.edu.mx\/index.php?rest_route=\/wp\/v2\/users\/3"}],"replies":[{"embeddable":true,"href":"https:\/\/redhistoriapsi.mora.edu.mx\/index.php?rest_route=%2Fwp%2Fv2%2Fcomments&post=1552"}],"version-history":[{"count":4,"href":"https:\/\/redhistoriapsi.mora.edu.mx\/index.php?rest_route=\/wp\/v2\/pages\/1552\/revisions"}],"predecessor-version":[{"id":3454,"href":"https:\/\/redhistoriapsi.mora.edu.mx\/index.php?rest_route=\/wp\/v2\/pages\/1552\/revisions\/3454"}],"wp:attachment":[{"href":"https:\/\/redhistoriapsi.mora.edu.mx\/index.php?rest_route=%2Fwp%2Fv2%2Fmedia&parent=1552"}],"curies":[{"name":"wp","href":"https:\/\/api.w.org\/{rel}","templated":true}]}}