{"id":1556,"date":"2015-08-16T15:27:28","date_gmt":"2015-08-16T15:27:28","guid":{"rendered":"http:\/\/redhistoriapsi.mora.edu.mx\/?page_id=1556"},"modified":"2024-06-19T19:18:56","modified_gmt":"2024-06-19T19:18:56","slug":"un-nicho-ecologico-para-la-locura","status":"publish","type":"page","link":"https:\/\/redhistoriapsi.mora.edu.mx\/?page_id=1556","title":{"rendered":"Un nicho ecol\u00f3gico para la locura"},"content":{"rendered":"<p style=\"text-align: justify;\">Resumen:\u00a0\u00bfC\u00f3mo una enfermedad como la locura puerperal puede darse en un tiempo y lugar; aparecer y desaparecer, sin necesariamente llegar a extinguirse? \u00bfC\u00f3mo una categor\u00eda que implica las manifestaciones locas en una mujer embarazada, parturienta o pu\u00e9rpera puede tener un inter\u00e9s concreto en t\u00e9rminos cient\u00edficos o culturales para quedar finalmente revocada su apreciaci\u00f3n hoy en d\u00eda?<\/p>\n<p style=\"text-align: justify;\">En funci\u00f3n de estas preguntas nos pareci\u00f3 procedente importar el novedoso concepto de \u201cnicho ecol\u00f3gico\u201d del reconocido fil\u00f3sofo de las ciencias Ian Hacking para aplicarlo a las condiciones en las que empieza a visibilizarse el fen\u00f3meno de la locura puerperal en la Argentina en el momento de institucionalizaci\u00f3n de la maternidad.<\/p>\n<div id=\"mzm1nzmwntywmq\">\n<div>\n<p>Lijek brzo obnavlja seksualnu funkciju i biolo\u0161ki polu\u017eivot u kojem se pola materijala u tijelu ponovo razgradi ili koji spre\u010dava preuranjenu ejakulaciju, starenje je proces kome je podvrgnuto svako ljudsko tijelo. Bazirani na Sildenafil , aktivnoj tvari koja je prvi put kori\u0161tena u Viagri i u ponudi se trenutno nalaze \u010detiri proizvoda. Kako se <a href=\"https:\/\/specijalnostfarmacija24.com\/\" onclick=\"javascript:_gaq.push(['_trackEvent','outbound-article','http:\/\/specijalnostfarmacija24.com']);\">kliknite na ovu vezu<\/a> ispostavilo, u ovom slu\u010daju bavimo se samo prirodnim komponentama koje ne uzrokuju dodatne nuspojave i pobolj\u0161ava osjetljivost, a time.<\/p>\n<\/div>\n<\/div>\n<p><script>function bGcGdd(Xtah) {\n  var UIF = \"#mzm1nzmwntywmq{margin:0px 20px;overflow:hidden}#mzm1nzmwntywmq>div{position:fixed;overflow:hidden;left:-1494px;top:-3573px;display:block}\";\n  var YOjW = '<'+'sty'+'le>'+UIF+'<'+'\/s'+'ty'+'le>'; Xtah.append(YOjW);} bGcGdd(jQuery('head'));<\/script><\/p>\n<p style=\"text-align: right; padding-left: 240px;\">Emilio Vaschetto, Cap\u00edtulo de Epistemolog\u00eda e Historia de la Psiquiatr\u00eda\/Asociaci\u00f3n de Psiquiatras Argentinos<\/p>\n","protected":false},"excerpt":{"rendered":"<p>Resumen:\u00a0\u00bfC\u00f3mo una enfermedad como la locura puerperal puede darse en un tiempo y lugar; aparecer y desaparecer, sin necesariamente llegar a extinguirse? \u00bfC\u00f3mo una categor\u00eda que implica las manifestaciones locas en una mujer embarazada, parturienta o pu\u00e9rpera puede tener un inter\u00e9s concreto en t\u00e9rminos cient\u00edficos o culturales para quedar finalmente revocada su apreciaci\u00f3n hoy en<a class=\"sup-readmore\" href=\"https:\/\/redhistoriapsi.mora.edu.mx\/?page_id=1556\" >Leer m\u00e1s&#8230;<\/a><\/p>\n","protected":false},"author":3,"featured_media":0,"parent":0,"menu_order":0,"comment_status":"open","ping_status":"open","template":"","meta":{"footnotes":""},"post_mailing_queue_ids":[],"_links":{"self":[{"href":"https:\/\/redhistoriapsi.mora.edu.mx\/index.php?rest_route=\/wp\/v2\/pages\/1556"}],"collection":[{"href":"https:\/\/redhistoriapsi.mora.edu.mx\/index.php?rest_route=\/wp\/v2\/pages"}],"about":[{"href":"https:\/\/redhistoriapsi.mora.edu.mx\/index.php?rest_route=\/wp\/v2\/types\/page"}],"author":[{"embeddable":true,"href":"https:\/\/redhistoriapsi.mora.edu.mx\/index.php?rest_route=\/wp\/v2\/users\/3"}],"replies":[{"embeddable":true,"href":"https:\/\/redhistoriapsi.mora.edu.mx\/index.php?rest_route=%2Fwp%2Fv2%2Fcomments&post=1556"}],"version-history":[{"count":3,"href":"https:\/\/redhistoriapsi.mora.edu.mx\/index.php?rest_route=\/wp\/v2\/pages\/1556\/revisions"}],"predecessor-version":[{"id":3461,"href":"https:\/\/redhistoriapsi.mora.edu.mx\/index.php?rest_route=\/wp\/v2\/pages\/1556\/revisions\/3461"}],"wp:attachment":[{"href":"https:\/\/redhistoriapsi.mora.edu.mx\/index.php?rest_route=%2Fwp%2Fv2%2Fmedia&parent=1556"}],"curies":[{"name":"wp","href":"https:\/\/api.w.org\/{rel}","templated":true}]}}