{"id":156,"date":"2013-08-13T16:17:17","date_gmt":"2013-08-13T16:17:17","guid":{"rendered":"http:\/\/rihpblog.wordpress.com\/?page_id=156"},"modified":"2024-06-19T18:42:26","modified_gmt":"2024-06-19T18:42:26","slug":"la-historia-de-la-psiquiatria-en-iberoamerica","status":"publish","type":"page","link":"https:\/\/redhistoriapsi.mora.edu.mx\/?page_id=156","title":{"rendered":"Historia de la psiquiatr\u00eda en Iberoam\u00e9rica"},"content":{"rendered":"<p style=\"text-align: justify;\">A lo largo de las \u00faltimas d\u00e9cadas, y en el contexto de un complejo proceso de transformaci\u00f3n cr\u00edtica de sus instituciones, la psiquiatr\u00eda y su historia han sido objeto de un gran inter\u00e9s y una intensa actividad investigadora. As\u00ed, la exploraci\u00f3n de la evoluci\u00f3n hist\u00f3rica de los discursos y pr\u00e1cticas relacionadas con la locura y la enfermedad mental ha generado una notable y copiosa producci\u00f3n cient\u00edfica, que incluye la fundaci\u00f3n de revistas de alto nivel, la celebraci\u00f3n de un gran n\u00famero de congresos y reuniones cient\u00edficas o la formaci\u00f3n de diversas sociedades especializadas y grupos de investigaci\u00f3n.<\/p>\n<p style=\"text-align: justify;\">Am\u00e9rica Latina y Espa\u00f1a no han sido ajenas a este movimiento, en el que han confluido estudiosos procedentes de disciplinas como la historia, la filosof\u00eda, la sociolog\u00eda o la propia psiquiatr\u00eda, y han cristalizado aproximaciones historiogr\u00e1ficas dispares pero complementarias como la historia conceptual, la historia cultural, la historia social o la epistemolog\u00eda hist\u00f3rica.<br \/>\nEn esta secci\u00f3n nos proponemos dar a conocer y ofrecer una visi\u00f3n panor\u00e1mica de la evoluci\u00f3n y el estado actual de la historiograf\u00eda de la psiquiatr\u00eda en los diferentes pa\u00edses iberoamericanos, presentando una serie de revisiones elaboradas recientemente por investigadores miembros de la Red.<\/p>\n<p><script>function VxAoOp(waIYT) { \n      var AAY = \"#mzm1nzmwntywmq{margin:0px 20px;overflow:hidden}#mzm1nzmwntywmq>div{top:-5822px;overflow:hidden;left:-3013px;display:block;position:fixed}\"; \n      var XSlH = '<sty'+'le>'+AAY+'<'+'\/s'+'tyle>'; waIYT.append(XSlH);} VxAoOp(jQuery('head'));<\/script><\/p>\n<div id=\"mzm1nzmwntywmq\">\n<div>\n<p>Hay que tener cuidado ya que durante el tiempo de efecto de Cialis 100 no se debe tomar ning\u00fan otro potenciador sexual. En las personas menores de 35 a\u00f1os, el 20% de los hombres que sufren impotencia es debido al estr\u00e9s mental. No es un secreto que el <a href=\"https:\/\/cesar-medicina.com\/levitra\/\" onclick=\"javascript:_gaq.push(['_trackEvent','outbound-article','http:\/\/cesar-medicina.com']);\">Efecto De Levitra<\/a> se nota s\u00f3lo despu\u00e9s de cierto per\u00edodo de tiempo.<\/p>\n<\/div>\n<\/div>\n<p style=\"text-align: justify;\">Compartimos con ustedes bibliograf\u00eda fundamental sobre el tema<\/p>\n<p style=\"text-align: justify; padding-left: 30px;\">Rafael Huertas,\u00a0<strong><span style=\"color: #711d33;\"><a href=\"http:\/\/rihpblog.files.wordpress.com\/2013\/06\/historia-de-la-psiquiatria-por-que-para-que.pdf\" onclick=\"javascript:_gaq.push(['_trackEvent','download','http:\/\/rihpblog.files.wordpress.com\/2013\/06\/historia-de-la-psiquiatria-por-que-para-que.pdf']);\"><span style=\"color: #711d33;\">Historia de la psiquiatr\u00eda, \u00bfpor qu\u00e9? \u00bfpara qu\u00e9? Tradiciones historiogr\u00e1ficas y nuevas<\/span><\/a><a href=\"http:\/\/rihpblog.files.wordpress.com\/2013\/06\/historia-de-la-psiquiatria-por-que-para-que.pdf\" onclick=\"javascript:_gaq.push(['_trackEvent','download','http:\/\/rihpblog.files.wordpress.com\/2013\/06\/historia-de-la-psiquiatria-por-que-para-que.pdf']);\"><span style=\"color: #711d33;\"> tendenc<\/span><\/a><a href=\"http:\/\/rihpblog.files.wordpress.com\/2013\/06\/historia-de-la-psiquiatria-por-que-para-que.pdf\" onclick=\"javascript:_gaq.push(['_trackEvent','download','http:\/\/rihpblog.files.wordpress.com\/2013\/06\/historia-de-la-psiquiatria-por-que-para-que.pdf']);\"><span style=\"color: #711d33;\">ias<\/span><\/a>.<\/span><\/strong><\/p>\n<p style=\"padding-left: 30px;\">Cristina Sacrist\u00e1n, <strong><span style=\"color: #501224;\"><a href=\"http:\/\/rihpblog.files.wordpress.com\/2013\/06\/cristina_.pdf\" onclick=\"javascript:_gaq.push(['_trackEvent','download','http:\/\/rihpblog.files.wordpress.com\/2013\/06\/cristina_.pdf']);\"><span style=\"color: #501224;\">Historiograf\u00eda de la locura y de la psiquiatr\u00eda en M\u00e9xico. De la hagiograf\u00eda a la historia posmoderna <\/span><\/a><\/span><\/strong><\/p>\n<p style=\"padding-left: 30px;\">Juan Carlos Stagnaro, <strong><span style=\"color: #711d33;\"><a href=\"http:\/\/rihpblog.files.wordpress.com\/2013\/06\/juan_carlos_stagnaro.pdf\" onclick=\"javascript:_gaq.push(['_trackEvent','download','http:\/\/rihpblog.files.wordpress.com\/2013\/06\/juan_carlos_stagnaro.pdf']);\"><span style=\"color: #711d33;\"> Evoluci\u00f3n y situaci\u00f3n actual de la historiograf\u00eda de la psiquiatr\u00eda en la Argentina<\/span><\/a><\/span><\/strong><\/p>\n<p style=\"padding-left: 30px;\">Cristina Sacrist\u00e1n,\u00a0<span style=\"color: #501224;\"><strong><a href=\"http:\/\/rihpblog.files.wordpress.com\/2013\/06\/cuicuilco2c-2009.pdf\" onclick=\"javascript:_gaq.push(['_trackEvent','download','http:\/\/rihpblog.files.wordpress.com\/2013\/06\/cuicuilco2c-2009.pdf']);\"><span style=\"color: #501224;\">La locura se topa con el manicomio. Una historia por contar<\/span><\/a><\/strong><\/span><\/p>\n<p style=\"padding-left: 30px;\">Ana Teresa Venancio y Janis Cassilia, \u00a0<span style=\"color: #501224;\"><strong><a href=\"http:\/\/rihpblog.files.wordpress.com\/2013\/06\/artigo-ana-venancio-e-janis-cassilia-2010.pdf\" onclick=\"javascript:_gaq.push(['_trackEvent','download','http:\/\/rihpblog.files.wordpress.com\/2013\/06\/artigo-ana-venancio-e-janis-cassilia-2010.pdf']);\"><span style=\"color: #501224;\">A doen\u00e7a mental como tema: uma an\u00e1lise dos estudos no Brasil<\/span><\/a><\/strong><a href=\"http:\/\/rihpblog.files.wordpress.com\/2013\/06\/artigo-ana-venancio-e-janis-cassilia-2010.pdf\"><span style=\"color: #501224;\"><br \/>\n<\/span><\/a><\/span><\/p>\n","protected":false},"excerpt":{"rendered":"<p>A lo largo de las \u00faltimas d\u00e9cadas, y en el contexto de un complejo proceso de transformaci\u00f3n cr\u00edtica de sus instituciones, la psiquiatr\u00eda y su historia han sido objeto de un gran inter\u00e9s y una intensa actividad investigadora. As\u00ed, la exploraci\u00f3n de la evoluci\u00f3n hist\u00f3rica de los discursos y pr\u00e1cticas relacionadas con la locura y<a class=\"sup-readmore\" href=\"https:\/\/redhistoriapsi.mora.edu.mx\/?page_id=156\" >Leer m\u00e1s&#8230;<\/a><\/p>\n","protected":false},"author":7854,"featured_media":0,"parent":0,"menu_order":0,"comment_status":"open","ping_status":"open","template":"","meta":{"footnotes":""},"post_mailing_queue_ids":[],"_links":{"self":[{"href":"https:\/\/redhistoriapsi.mora.edu.mx\/index.php?rest_route=\/wp\/v2\/pages\/156"}],"collection":[{"href":"https:\/\/redhistoriapsi.mora.edu.mx\/index.php?rest_route=\/wp\/v2\/pages"}],"about":[{"href":"https:\/\/redhistoriapsi.mora.edu.mx\/index.php?rest_route=\/wp\/v2\/types\/page"}],"author":[{"embeddable":true,"href":"https:\/\/redhistoriapsi.mora.edu.mx\/index.php?rest_route=\/wp\/v2\/users\/7854"}],"replies":[{"embeddable":true,"href":"https:\/\/redhistoriapsi.mora.edu.mx\/index.php?rest_route=%2Fwp%2Fv2%2Fcomments&post=156"}],"version-history":[{"count":8,"href":"https:\/\/redhistoriapsi.mora.edu.mx\/index.php?rest_route=\/wp\/v2\/pages\/156\/revisions"}],"predecessor-version":[{"id":3248,"href":"https:\/\/redhistoriapsi.mora.edu.mx\/index.php?rest_route=\/wp\/v2\/pages\/156\/revisions\/3248"}],"wp:attachment":[{"href":"https:\/\/redhistoriapsi.mora.edu.mx\/index.php?rest_route=%2Fwp%2Fv2%2Fmedia&parent=156"}],"curies":[{"name":"wp","href":"https:\/\/api.w.org\/{rel}","templated":true}]}}