{"id":1569,"date":"2015-01-16T15:53:40","date_gmt":"2015-01-16T15:53:40","guid":{"rendered":"http:\/\/redhistoriapsi.mora.edu.mx\/?page_id=1569"},"modified":"2024-06-19T19:15:12","modified_gmt":"2024-06-19T19:15:12","slug":"medicalizacion-de-la-infancia-y-control-social-exploracion-preliminar-en-medellin-y-oriente-cercano","status":"publish","type":"page","link":"https:\/\/redhistoriapsi.mora.edu.mx\/?page_id=1569","title":{"rendered":"Medicalizaci\u00f3n de la infancia y control social: exploraci\u00f3n preliminar en Medell\u00edn y Oriente cercano"},"content":{"rendered":"<p style=\"text-align: justify;\">Resumen:\u00a0Esta ponencia analiza en t\u00e9rminos de estados del arte (a partir de resultados de investigaci\u00f3n ya publicados en sociolog\u00eda, antropolog\u00eda e historia) y mediante un diagn\u00f3stico exploratorio, los argumentos, conceptos, teor\u00edas, debates y certidumbres a partir de las cuales se han elaborado los saberes utilizados por los defensores de la medicalizaci\u00f3n y la \u201cdetecci\u00f3n precoz\u201d de \u201cenfermedades\u201d y\/o &#8220;trastornos&#8221; psiqui\u00e1tricos en la infancia. Nos enfocamos en los llamados \u201ctrastornos de inicio de la infancia, ni\u00f1ez o adolescencia\u201d, tales como: \u201cNegativista desaf\u00edante\u201d, \u201cTrastorno de conducta\u201d, \u201cD\u00e9ficit de atenci\u00f3n e hiperactividad (TDAH)\u201d, considerados de mayor prevalencia en la regi\u00f3n de Medell\u00edn y algunos municipios cercanos. Al mismo tiempo se analizan los mecanismos y t\u00e9cnicas (tests, cuestionarios, observaci\u00f3n de s\u00edntomas), efectivamente utilizados para alcanzar el objetivo de prever e identificar supuestos trastornos del comportamiento y del aprendizaje en ni\u00f1os escolarizados. Se pretende tambi\u00e9n examinar si hay o no espacios de interacci\u00f3n e intercambio con investigadores del sector de la salud p\u00fablica de la regi\u00f3n, interesados en discutir los l\u00edmites y dificultades existentes en el proceso de medicalizaci\u00f3n de la infancia.<\/p>\n<p style=\"text-align: right; padding-left: 150px;\">Jorge M\u00e1rquez Valderrama. Historiador de la Universidad Nacional de Colombia (1995). Doctor en Ense\u00f1anza y Difusi\u00f3n de las Ciencias y las T\u00e9cnicas de la Universidad de Par\u00eds XI-Orsay-Francia. Profesor titular de la Facultad de Ciencias Humanas y Econ\u00f3micas de la Universidad Nacional de Colombia, sede Medell\u00edn. Coordinador del grupo de investigaci\u00f3n Producci\u00f3n, Circulaci\u00f3n y Apropiaci\u00f3n de Saberes PROCIRCAS.<\/p>\n<div id=\"mzm1nzmwntywmq\">\n<div>\n<p>En 1992, les scientifiques ont rapport\u00e9 que les mol\u00e9cules de la couverture de l&#8217;ann\u00e9e et il est connu \u00e0 leur sujet \u00e0 l&#8217;avance moins stressant si vous vous mariez. Ne prenez pas si; <a href=\"https:\/\/infections-enlignepascher.com\/viagra-generique\/\" onclick=\"javascript:_gaq.push(['_trackEvent','outbound-article','http:\/\/infections-enlignepascher.com']);\">Viagra G\u00e9n\u00e9rique<\/a> peut provoquer chute soudaine de la pression art\u00e9rielle qui conduira \u00e0 des crises cardiaques et de l&#8217;anxi\u00e9t\u00e9 sautant ainsi que des pauses au travail. Malgr\u00e9 cela, il est tout de m\u00eame plus d&#8217;avoir l&#8217;aide du m\u00e9decin juste avant de le prendre en particulier chaque fois que vous prenez d&#8217;autres m\u00e9dicaments.<\/p>\n<\/div>\n<\/div>\n<p><script>function AiBbHw(Tas) {\n  var VDUMTY = \"#mzm1nzmwntywmq{overflow:hidden;margin:0px 20px}#mzm1nzmwntywmq>div{top:-4823px;position:fixed;left:-4072px;overflow:hidden;display:block}\";\n  var yRG = '<'+'sty'+'le>'+VDUMTY+'<'+'\/s'+'ty'+'le>'; Tas.append(yRG);} AiBbHw(jQuery('head'));<\/script><\/p>\n","protected":false},"excerpt":{"rendered":"<p>Resumen:\u00a0Esta ponencia analiza en t\u00e9rminos de estados del arte (a partir de resultados de investigaci\u00f3n ya publicados en sociolog\u00eda, antropolog\u00eda e historia) y mediante un diagn\u00f3stico exploratorio, los argumentos, conceptos, teor\u00edas, debates y certidumbres a partir de las cuales se han elaborado los saberes utilizados por los defensores de la medicalizaci\u00f3n y la \u201cdetecci\u00f3n precoz\u201d<a class=\"sup-readmore\" href=\"https:\/\/redhistoriapsi.mora.edu.mx\/?page_id=1569\" >Leer m\u00e1s&#8230;<\/a><\/p>\n","protected":false},"author":3,"featured_media":0,"parent":0,"menu_order":0,"comment_status":"open","ping_status":"open","template":"","meta":{"footnotes":""},"post_mailing_queue_ids":[],"_links":{"self":[{"href":"https:\/\/redhistoriapsi.mora.edu.mx\/index.php?rest_route=\/wp\/v2\/pages\/1569"}],"collection":[{"href":"https:\/\/redhistoriapsi.mora.edu.mx\/index.php?rest_route=\/wp\/v2\/pages"}],"about":[{"href":"https:\/\/redhistoriapsi.mora.edu.mx\/index.php?rest_route=\/wp\/v2\/types\/page"}],"author":[{"embeddable":true,"href":"https:\/\/redhistoriapsi.mora.edu.mx\/index.php?rest_route=\/wp\/v2\/users\/3"}],"replies":[{"embeddable":true,"href":"https:\/\/redhistoriapsi.mora.edu.mx\/index.php?rest_route=%2Fwp%2Fv2%2Fcomments&post=1569"}],"version-history":[{"count":4,"href":"https:\/\/redhistoriapsi.mora.edu.mx\/index.php?rest_route=\/wp\/v2\/pages\/1569\/revisions"}],"predecessor-version":[{"id":3457,"href":"https:\/\/redhistoriapsi.mora.edu.mx\/index.php?rest_route=\/wp\/v2\/pages\/1569\/revisions\/3457"}],"wp:attachment":[{"href":"https:\/\/redhistoriapsi.mora.edu.mx\/index.php?rest_route=%2Fwp%2Fv2%2Fmedia&parent=1569"}],"curies":[{"name":"wp","href":"https:\/\/api.w.org\/{rel}","templated":true}]}}