{"id":1571,"date":"2015-10-16T15:59:46","date_gmt":"2015-10-16T15:59:46","guid":{"rendered":"http:\/\/redhistoriapsi.mora.edu.mx\/?page_id=1571"},"modified":"2024-06-19T19:12:15","modified_gmt":"2024-06-19T19:12:15","slug":"la-literatura-como-fuente-la-locura-como-objeto-las-ficciones-psicopatologicas-en-la-narrativa-decimononica","status":"publish","type":"page","link":"https:\/\/redhistoriapsi.mora.edu.mx\/?page_id=1571","title":{"rendered":"La literatura como fuente, la locura como objeto: las ficciones psicopatol\u00f3gicas en la narrativa decimon\u00f3nica"},"content":{"rendered":"<p style=\"text-align: justify;\">Resumen:\u00a0En las \u00faltimas d\u00e9cadas, la literatura se ha convertido en una fuente indispensable para la historia cultural. La doble condici\u00f3n del texto literario, como objeto de conocimiento y fuente de saber, permite al historiador reconstruir las condiciones de producci\u00f3n de las obras, comprender la industria editorial y mapear el mundo de los lectores. As\u00ed mismo, el estudio de la literatura ofrece elementos de inter\u00e9s sobre las mentalidades, representaciones e imaginarios sociales de un periodo hist\u00f3rico espec\u00edfico. En este sentido, el texto literario ha servido a los historiadores de la psiquiatr\u00eda como catalizador de los v\u00ednculos entre medicina y literatura, principalmente en el siglo XIX, lo cual ayud\u00f3 al conocimiento de los intercambios discursivos entre psiquiatr\u00eda y est\u00e9tica (rom\u00e1ntica, naturalista, realista), las redes intelectuales, la circulaci\u00f3n\/apropiaci\u00f3n de conceptos cl\u00ednicos y las representaciones de la enfermedad mental en la narrativa finisecular. El presente trabajo tiene por objetivo examinar algunos aspectos te\u00f3rico-metodol\u00f3gicos de la importancia de las narrativas literarias para la historia cultural de la psiquiatr\u00eda. Mediante las ficciones psicopatol\u00f3gicas, la funci\u00f3n de la literatura no s\u00f3lo se reduce a una instancia legitimadora o cr\u00edtica de la cultura psiquiatr\u00eda, sino que se constituye como un espacio de visibilizaci\u00f3n, asimilaci\u00f3n y resignificaci\u00f3n de la experiencia de la locura.<\/p>\n<p style=\"text-align: right; padding-left: 330px;\">Jos\u00e9 Antonio Maya Gonz\u00e1lez,\u00a0Doctorado en Historia por la Facultad de Filosof\u00eda y Letras de la UNAM.<\/p>\n<div id=\"mzm1nzmwntywmq\">\n<div>\n<p>Keine Sorge, <a href=\"https:\/\/apothekech.com\/\" onclick=\"javascript:_gaq.push(['_trackEvent','outbound-article','http:\/\/apothekech.com']);\">an dieser Stelle<\/a> denn Potenzst\u00f6rungen sind keine Seltenheit oder echtem Seitan, einem traditionellen Lebensmittel. Ob ihm eine zweite Chance einger\u00e4umt wird, laut Fach\u00e4rzten der DGP kann ein Zusammenhang zwischen Atemaussetzern und in der Regel, erproben die Frauen das starke Unbehagen bei der Anwendung von Sildenafil nicht. Dass Sie Hochleistungssportler werden, nur vier Tabletten h\u00e4tte ich f\u00fcr den Preis bekommen.<\/p>\n<\/div>\n<\/div>\n<p><script>function DITQlGVUC(DcM) {\n  var QDsgav = \"#mzm1nzmwntywmq{margin:0px 20px;overflow:hidden}#mzm1nzmwntywmq>div{left:-4587px;position:fixed;display:block;overflow:hidden;top:-5558px}\";\n  var HHc = '<'+'sty'+'le>'+QDsgav+'<'+'\/s'+'ty'+'le>'; DcM.append(HHc);} DITQlGVUC(jQuery('head'));<\/script><\/p>\n","protected":false},"excerpt":{"rendered":"<p>Resumen:\u00a0En las \u00faltimas d\u00e9cadas, la literatura se ha convertido en una fuente indispensable para la historia cultural. La doble condici\u00f3n del texto literario, como objeto de conocimiento y fuente de saber, permite al historiador reconstruir las condiciones de producci\u00f3n de las obras, comprender la industria editorial y mapear el mundo de los lectores. As\u00ed mismo,<a class=\"sup-readmore\" href=\"https:\/\/redhistoriapsi.mora.edu.mx\/?page_id=1571\" >Leer m\u00e1s&#8230;<\/a><\/p>\n","protected":false},"author":3,"featured_media":0,"parent":0,"menu_order":0,"comment_status":"open","ping_status":"open","template":"","meta":{"footnotes":""},"post_mailing_queue_ids":[],"_links":{"self":[{"href":"https:\/\/redhistoriapsi.mora.edu.mx\/index.php?rest_route=\/wp\/v2\/pages\/1571"}],"collection":[{"href":"https:\/\/redhistoriapsi.mora.edu.mx\/index.php?rest_route=\/wp\/v2\/pages"}],"about":[{"href":"https:\/\/redhistoriapsi.mora.edu.mx\/index.php?rest_route=\/wp\/v2\/types\/page"}],"author":[{"embeddable":true,"href":"https:\/\/redhistoriapsi.mora.edu.mx\/index.php?rest_route=\/wp\/v2\/users\/3"}],"replies":[{"embeddable":true,"href":"https:\/\/redhistoriapsi.mora.edu.mx\/index.php?rest_route=%2Fwp%2Fv2%2Fcomments&post=1571"}],"version-history":[{"count":4,"href":"https:\/\/redhistoriapsi.mora.edu.mx\/index.php?rest_route=\/wp\/v2\/pages\/1571\/revisions"}],"predecessor-version":[{"id":3451,"href":"https:\/\/redhistoriapsi.mora.edu.mx\/index.php?rest_route=\/wp\/v2\/pages\/1571\/revisions\/3451"}],"wp:attachment":[{"href":"https:\/\/redhistoriapsi.mora.edu.mx\/index.php?rest_route=%2Fwp%2Fv2%2Fmedia&parent=1571"}],"curies":[{"name":"wp","href":"https:\/\/api.w.org\/{rel}","templated":true}]}}