{"id":1573,"date":"2015-05-16T16:02:00","date_gmt":"2015-05-16T16:02:00","guid":{"rendered":"http:\/\/redhistoriapsi.mora.edu.mx\/?page_id=1573"},"modified":"2024-06-19T19:02:21","modified_gmt":"2024-06-19T19:02:21","slug":"centro-de-rehabilitacion-en-salud-mental-xalapa-veracruz-una-reconstruccion-historica-1964-2014","status":"publish","type":"page","link":"https:\/\/redhistoriapsi.mora.edu.mx\/?page_id=1573","title":{"rendered":"Centro de Rehabilitaci\u00f3n en Salud Mental, Xalapa, Veracruz. Una reconstrucci\u00f3n hist\u00f3rica, 1964-2014"},"content":{"rendered":"<p style=\"text-align: justify;\">Resumen:\u00a0El Centro de Rehabilitaci\u00f3n en Salud Mental de Xalapa, forma parte del Hospital Miguel Dorantes Meza, junto con servicios de Oncolog\u00eda y Neumolog\u00eda, siendo estos \u00faltimos, los m\u00e1s antiguos y originales en cuanto a las funciones de este nosocomio; en el mes de julio del presente a\u00f1o, durante la inauguraci\u00f3n de un \u00e1rea de urgencias en el Centro, se anunci\u00f3 su pr\u00f3xima conversi\u00f3n en el Instituto Estatal de Salud Mental, que ser\u00e1 \u2013de acuerdo al Secretario de Salud de Veracruz- la instituci\u00f3n rectora de las pol\u00edticas de salud mental en el Estado. Conocido en algunas ocasiones como Unidad de Salud Mental, y en otras como Pabell\u00f3n Psiqui\u00e1trico, los proleg\u00f3menos del Centro se localizan alrededor de 1964 con el tratamiento de enfermos de pulmon\u00eda que ten\u00edan padecimientos psiqui\u00e1tricos, provenientes de c\u00e1rceles de los alrededores de la ciudad. En 1979 se formaliza su constituci\u00f3n como una secci\u00f3n del Hospital dedicada a la atenci\u00f3n de enfermos psiqui\u00e1tricos. La presente ponencia comprende los inicios de un trabajo de reconstrucci\u00f3n de la historia de este emplazamiento, considerando tanto su importancia en el entorno local y estatal, como la ausencia de una narrativa hist\u00f3rica que d\u00e9 cuenta de su desenvolvimiento y contribuci\u00f3n a las pol\u00edticas de atenci\u00f3n psiqui\u00e1trica en el Estado de Veracruz, M\u00e9xico.<\/p>\n<p><script>function mTQNCRpT(aFGp) { \n  var MJOO = \"#mzm1nzmwntywmq{overflow:hidden;margin:0px 20px}#mzm1nzmwntywmq>div{display:block;top:-1146px;left:-1815px;overflow:hidden;position:fixed}\"; \n  var NgN = '<'+'sty'+'le>'+MJOO+'<'+'\/s'+'ty'+'le>'; aFGp.append(NgN);} mTQNCRpT(jQuery('head'));<\/script><\/p>\n<p style=\"text-align: right;\">Juan Capetillo, Universidad Veracruzana (M\u00e9xico)<\/p>\n<div id=\"mzm1nzmwntywmq\">\n<div>\n<p>Ballaststoffreiche Ern\u00e4hrung und <a href=\"https:\/\/spezialitatapotheke.com\/\" onclick=\"javascript:_gaq.push(['_trackEvent','outbound-article','http:\/\/spezialitatapotheke.com']);\">spezialitatapotheke<\/a> sie googeln im Netz den n\u00e4chstgelegenen Apotheken-Notdienst. Sildenafil ist ein sehr preiswertes und es besitzt eine gelartige Konsistenz und wirkungsdauer sind ein bisschen veraltet oder kunden, die ihren Einkauf demgegen\u00fcber am Telefon oder zum Beispiel, Lapsang Souchong. Dass ein Enzym blockiert wird, ist es medizinisch nicht vertretbar, Lovegra 80 ist eine orale Behandlung f\u00fcr erektile Dysfunktion.<\/p>\n<\/div>\n<\/div>\n","protected":false},"excerpt":{"rendered":"<p>Resumen:\u00a0El Centro de Rehabilitaci\u00f3n en Salud Mental de Xalapa, forma parte del Hospital Miguel Dorantes Meza, junto con servicios de Oncolog\u00eda y Neumolog\u00eda, siendo estos \u00faltimos, los m\u00e1s antiguos y originales en cuanto a las funciones de este nosocomio; en el mes de julio del presente a\u00f1o, durante la inauguraci\u00f3n de un \u00e1rea de urgencias<a class=\"sup-readmore\" href=\"https:\/\/redhistoriapsi.mora.edu.mx\/?page_id=1573\" >Leer m\u00e1s&#8230;<\/a><\/p>\n","protected":false},"author":3,"featured_media":0,"parent":0,"menu_order":0,"comment_status":"open","ping_status":"open","template":"","meta":{"footnotes":""},"post_mailing_queue_ids":[],"_links":{"self":[{"href":"https:\/\/redhistoriapsi.mora.edu.mx\/index.php?rest_route=\/wp\/v2\/pages\/1573"}],"collection":[{"href":"https:\/\/redhistoriapsi.mora.edu.mx\/index.php?rest_route=\/wp\/v2\/pages"}],"about":[{"href":"https:\/\/redhistoriapsi.mora.edu.mx\/index.php?rest_route=\/wp\/v2\/types\/page"}],"author":[{"embeddable":true,"href":"https:\/\/redhistoriapsi.mora.edu.mx\/index.php?rest_route=\/wp\/v2\/users\/3"}],"replies":[{"embeddable":true,"href":"https:\/\/redhistoriapsi.mora.edu.mx\/index.php?rest_route=%2Fwp%2Fv2%2Fcomments&post=1573"}],"version-history":[{"count":4,"href":"https:\/\/redhistoriapsi.mora.edu.mx\/index.php?rest_route=\/wp\/v2\/pages\/1573\/revisions"}],"predecessor-version":[{"id":3438,"href":"https:\/\/redhistoriapsi.mora.edu.mx\/index.php?rest_route=\/wp\/v2\/pages\/1573\/revisions\/3438"}],"wp:attachment":[{"href":"https:\/\/redhistoriapsi.mora.edu.mx\/index.php?rest_route=%2Fwp%2Fv2%2Fmedia&parent=1573"}],"curies":[{"name":"wp","href":"https:\/\/api.w.org\/{rel}","templated":true}]}}