{"id":1576,"date":"2015-01-16T16:47:44","date_gmt":"2015-01-16T16:47:44","guid":{"rendered":"http:\/\/redhistoriapsi.mora.edu.mx\/?page_id=1576"},"modified":"2024-06-19T19:09:51","modified_gmt":"2024-06-19T19:09:51","slug":"influencias-socio-politicas-en-la-concepcion-de-salud-mental-de-la-oms-de-1950","status":"publish","type":"page","link":"https:\/\/redhistoriapsi.mora.edu.mx\/?page_id=1576","title":{"rendered":"Influencias socio-pol\u00edticas en la concepci\u00f3n de salud mental de la OMS de 1950"},"content":{"rendered":"<p style=\"text-align: justify;\">Resumen:\u00a0La presente ponencia analiza algunas de las condiciones socio-pol\u00edticas que influyeron en la definici\u00f3n del concepto de salud mental en 1950 por el Comit\u00e9 de Expertos en Higiene Mental de la Organizaci\u00f3n Mundial de la Salud (OMS), concepci\u00f3n que contin\u00faa vigente pese a las innumerables cr\u00edticas de las que ha sido objeto desde m\u00faltiples perspectivas. Se destaca que el concepto de salud mental deriva, en gran medida, de intereses sociopol\u00edticos expresados por la Organizaci\u00f3n de las Naciones Unidas (ONU) desde el momento de su constituci\u00f3n en 1945, referidas fundamentalmente al prop\u00f3sito de mantener relaciones armoniosas entre los pueblos y las personas con el fin de evitar nuevas guerras. De esta manera, el concepto de salud mental oficial de la OMS no aparece como una producci\u00f3n del desarrollo cient\u00edfico del discurso psiqui\u00e1trico o psicol\u00f3gico, sino m\u00e1s bien como una pretensi\u00f3n normativa de regulaci\u00f3n de las conductas y modos de ser, acordes con las condiciones sociopol\u00edticas del momento.<\/p>\n<p style=\"text-align: right; padding-left: 300px;\">Juan Diego Lopera Echavarr\u00eda,\u00a0Psic\u00f3logo, Mag\u00edster en Filosof\u00eda y Doctor en Ciencias Sociales\u00a0Universidad de Antioquia,\u00a0Universidad EAFIT.<\/p>\n<p style=\"text-align: right;\">\n","protected":false},"excerpt":{"rendered":"<p>Resumen:\u00a0La presente ponencia analiza algunas de las condiciones socio-pol\u00edticas que influyeron en la definici\u00f3n del concepto de salud mental en 1950 por el Comit\u00e9 de Expertos en Higiene Mental de la Organizaci\u00f3n Mundial de la Salud (OMS), concepci\u00f3n que contin\u00faa vigente pese a las innumerables cr\u00edticas de las que ha sido objeto desde m\u00faltiples perspectivas.<a class=\"sup-readmore\" href=\"https:\/\/redhistoriapsi.mora.edu.mx\/?page_id=1576\" >Leer m\u00e1s&#8230;<\/a><\/p>\n","protected":false},"author":3,"featured_media":0,"parent":0,"menu_order":0,"comment_status":"open","ping_status":"open","template":"","meta":{"footnotes":""},"post_mailing_queue_ids":[],"_links":{"self":[{"href":"https:\/\/redhistoriapsi.mora.edu.mx\/index.php?rest_route=\/wp\/v2\/pages\/1576"}],"collection":[{"href":"https:\/\/redhistoriapsi.mora.edu.mx\/index.php?rest_route=\/wp\/v2\/pages"}],"about":[{"href":"https:\/\/redhistoriapsi.mora.edu.mx\/index.php?rest_route=\/wp\/v2\/types\/page"}],"author":[{"embeddable":true,"href":"https:\/\/redhistoriapsi.mora.edu.mx\/index.php?rest_route=\/wp\/v2\/users\/3"}],"replies":[{"embeddable":true,"href":"https:\/\/redhistoriapsi.mora.edu.mx\/index.php?rest_route=%2Fwp%2Fv2%2Fcomments&post=1576"}],"version-history":[{"count":1,"href":"https:\/\/redhistoriapsi.mora.edu.mx\/index.php?rest_route=\/wp\/v2\/pages\/1576\/revisions"}],"predecessor-version":[{"id":1577,"href":"https:\/\/redhistoriapsi.mora.edu.mx\/index.php?rest_route=\/wp\/v2\/pages\/1576\/revisions\/1577"}],"wp:attachment":[{"href":"https:\/\/redhistoriapsi.mora.edu.mx\/index.php?rest_route=%2Fwp%2Fv2%2Fmedia&parent=1576"}],"curies":[{"name":"wp","href":"https:\/\/api.w.org\/{rel}","templated":true}]}}