{"id":1579,"date":"2015-01-16T16:51:24","date_gmt":"2015-01-16T16:51:24","guid":{"rendered":"http:\/\/redhistoriapsi.mora.edu.mx\/?page_id=1579"},"modified":"2024-06-19T19:15:38","modified_gmt":"2024-06-19T19:15:38","slug":"medir-cabezas-orientar-terapias-una-medicina-chilena-y-prusiana-1910-1937","status":"publish","type":"page","link":"https:\/\/redhistoriapsi.mora.edu.mx\/?page_id=1579","title":{"rendered":"Medir cabezas, orientar terapias \u00bfUna medicina chilena y prusiana? 1910-1937"},"content":{"rendered":"<p style=\"text-align: justify;\">Resumen:A finales de d\u00e9cada de 1930 los anatomo pat\u00f3logos Juvenal Barrientos y Edgardo Schirmer de la Casa de Orates de Santiago de Chile implementaron un vasto programa de clasificaci\u00f3n craneom\u00e9trica y racial destinado orientar las terapias adecuadas a cada grupo cr\u00e1neo-racial de la poblaci\u00f3n manicomial. El proyecto qued\u00f3 plasmado en la publicaci\u00f3n del trabajo \u201cLa norma anterior de la cabeza\u201d, en el volumen correspondiente a las actas de la Jornadas Neuro psiqui\u00e1tricas de 1937 realizadas en Santiago de Chile.<\/p>\n<p style=\"text-align: justify;\">A partir de un proyecto firmemente anclado en el determinismo biol\u00f3gico y en el constitucionalismo de fuentes diversas (Kretschmer, Pende, Davenport, entre otros), este trabajo intenta descubrir los vectores principales\u00a0 a trav\u00e9s de los que se form\u00f3 una masa cr\u00edtica de profesionales de la salud afines a las propuestas m\u00e9dico psiqui\u00e1tricas afines al nacionalsocialismo alem\u00e1n.<\/p>\n<p style=\"text-align: justify;\">Desde cuestiones estructurales propias de la sociedad chilena del siglo XIX, como las de una temprana colonia alemana establecida en el sur de Chile a partir de 1849 y el fuerte anclaje de las instituciones educacionales y militares chilenas en la tradici\u00f3n prusiana, hasta las influencias directa de figuras de importancia mundial en la Higiene Racial como Otto Aichel y Max Westenhoffer en el siglo XX, el trabajo intenta mostrar como una parte del desarrollo biol\u00f3gico, m\u00e9dico y psiqui\u00e1trico chileno pueden caracterizarse como parte de una medicina pursianizada, racista y determinista biol\u00f3gica.<\/p>\n<p style=\"text-align: right; padding-left: 180px;\">\u00a0C\u00e9sar Leyton, Museo Nacional de Odontolog\u00eda y Ciencias Legales, Facultad de Odontolog\u00eda y Marcelo S\u00e1nchez, Centro de Estudios Culturales Latinoamericanos,Universidad de Chile (Chile)<\/p>\n","protected":false},"excerpt":{"rendered":"<p>Resumen:A finales de d\u00e9cada de 1930 los anatomo pat\u00f3logos Juvenal Barrientos y Edgardo Schirmer de la Casa de Orates de Santiago de Chile implementaron un vasto programa de clasificaci\u00f3n craneom\u00e9trica y racial destinado orientar las terapias adecuadas a cada grupo cr\u00e1neo-racial de la poblaci\u00f3n manicomial. El proyecto qued\u00f3 plasmado en la publicaci\u00f3n del trabajo \u201cLa<a class=\"sup-readmore\" href=\"https:\/\/redhistoriapsi.mora.edu.mx\/?page_id=1579\" >Leer m\u00e1s&#8230;<\/a><\/p>\n","protected":false},"author":3,"featured_media":0,"parent":0,"menu_order":0,"comment_status":"open","ping_status":"open","template":"","meta":{"footnotes":""},"post_mailing_queue_ids":[],"_links":{"self":[{"href":"https:\/\/redhistoriapsi.mora.edu.mx\/index.php?rest_route=\/wp\/v2\/pages\/1579"}],"collection":[{"href":"https:\/\/redhistoriapsi.mora.edu.mx\/index.php?rest_route=\/wp\/v2\/pages"}],"about":[{"href":"https:\/\/redhistoriapsi.mora.edu.mx\/index.php?rest_route=\/wp\/v2\/types\/page"}],"author":[{"embeddable":true,"href":"https:\/\/redhistoriapsi.mora.edu.mx\/index.php?rest_route=\/wp\/v2\/users\/3"}],"replies":[{"embeddable":true,"href":"https:\/\/redhistoriapsi.mora.edu.mx\/index.php?rest_route=%2Fwp%2Fv2%2Fcomments&post=1579"}],"version-history":[{"count":1,"href":"https:\/\/redhistoriapsi.mora.edu.mx\/index.php?rest_route=\/wp\/v2\/pages\/1579\/revisions"}],"predecessor-version":[{"id":1580,"href":"https:\/\/redhistoriapsi.mora.edu.mx\/index.php?rest_route=\/wp\/v2\/pages\/1579\/revisions\/1580"}],"wp:attachment":[{"href":"https:\/\/redhistoriapsi.mora.edu.mx\/index.php?rest_route=%2Fwp%2Fv2%2Fmedia&parent=1579"}],"curies":[{"name":"wp","href":"https:\/\/api.w.org\/{rel}","templated":true}]}}