{"id":1582,"date":"2015-01-16T17:19:45","date_gmt":"2015-01-16T17:19:45","guid":{"rendered":"http:\/\/redhistoriapsi.mora.edu.mx\/?page_id=1582"},"modified":"2024-06-19T19:16:58","modified_gmt":"2024-06-19T19:16:58","slug":"peritazgos-medico-legales-y-literaturamedica-referentes-de-la-enfermedad-mental-enantioquia-siglo-xix-y-principio-del-siglo-xx","status":"publish","type":"page","link":"https:\/\/redhistoriapsi.mora.edu.mx\/?page_id=1582","title":{"rendered":"Peritazgos m\u00e9dico-legales y literatura m\u00e9dica: referentes de la enfermedad mental enAntioquia siglo XIX y principio del siglo XX"},"content":{"rendered":"<p style=\"text-align: justify;\">Resumen:\u00a0Un an\u00e1lisis hist\u00f3rico de la medicalizaci\u00f3n de la justicia, entendida como el proceso de apropiaci\u00f3n del discurso m\u00e9dico en los peritazgos legales realizados sobre individuos en los que se sospechaba \u201cdemencia\u201d, permite desentra\u00f1ar los efectos del lenguaje medico relacionado con la producci\u00f3n acad\u00e9mica y \u201ccient\u00edfica\u201d en referencia a la locura. La b\u00fasqueda por un inter\u00e9s te\u00f3rico en los m\u00e9dicos con relaci\u00f3n a dicha producci\u00f3n, la correlaci\u00f3n entre las teor\u00edas y los supuestos en sus publicaciones y los puntos de fuga en el ejercicio mismo de la pr\u00e1ctica. Estas son algunas cuestiones que dan luces de la visi\u00f3n que en Antioquia Colombia durante el siglo XIX y principios del XX, se ten\u00eda acerca de la alienaci\u00f3n mental.<\/p>\n<p style=\"text-align: right; padding-left: 180px;\">Manuela Barrios L., joven Investigadora Colciencias,\u00a0Grupo Historia de la Salud\u00a0Universidad de Antioquia<\/p>\n<p>&nbsp;<\/p>\n<p>&nbsp;<\/p>\n","protected":false},"excerpt":{"rendered":"<p>Resumen:\u00a0Un an\u00e1lisis hist\u00f3rico de la medicalizaci\u00f3n de la justicia, entendida como el proceso de apropiaci\u00f3n del discurso m\u00e9dico en los peritazgos legales realizados sobre individuos en los que se sospechaba \u201cdemencia\u201d, permite desentra\u00f1ar los efectos del lenguaje medico relacionado con la producci\u00f3n acad\u00e9mica y \u201ccient\u00edfica\u201d en referencia a la locura. La b\u00fasqueda por un inter\u00e9s<a class=\"sup-readmore\" href=\"https:\/\/redhistoriapsi.mora.edu.mx\/?page_id=1582\" >Leer m\u00e1s&#8230;<\/a><\/p>\n","protected":false},"author":3,"featured_media":0,"parent":0,"menu_order":0,"comment_status":"open","ping_status":"open","template":"","meta":{"footnotes":""},"post_mailing_queue_ids":[],"_links":{"self":[{"href":"https:\/\/redhistoriapsi.mora.edu.mx\/index.php?rest_route=\/wp\/v2\/pages\/1582"}],"collection":[{"href":"https:\/\/redhistoriapsi.mora.edu.mx\/index.php?rest_route=\/wp\/v2\/pages"}],"about":[{"href":"https:\/\/redhistoriapsi.mora.edu.mx\/index.php?rest_route=\/wp\/v2\/types\/page"}],"author":[{"embeddable":true,"href":"https:\/\/redhistoriapsi.mora.edu.mx\/index.php?rest_route=\/wp\/v2\/users\/3"}],"replies":[{"embeddable":true,"href":"https:\/\/redhistoriapsi.mora.edu.mx\/index.php?rest_route=%2Fwp%2Fv2%2Fcomments&post=1582"}],"version-history":[{"count":2,"href":"https:\/\/redhistoriapsi.mora.edu.mx\/index.php?rest_route=\/wp\/v2\/pages\/1582\/revisions"}],"predecessor-version":[{"id":1584,"href":"https:\/\/redhistoriapsi.mora.edu.mx\/index.php?rest_route=\/wp\/v2\/pages\/1582\/revisions\/1584"}],"wp:attachment":[{"href":"https:\/\/redhistoriapsi.mora.edu.mx\/index.php?rest_route=%2Fwp%2Fv2%2Fmedia&parent=1582"}],"curies":[{"name":"wp","href":"https:\/\/api.w.org\/{rel}","templated":true}]}}