{"id":1586,"date":"2015-08-16T17:24:28","date_gmt":"2015-08-16T17:24:28","guid":{"rendered":"http:\/\/redhistoriapsi.mora.edu.mx\/?page_id=1586"},"modified":"2024-06-19T19:13:16","modified_gmt":"2024-06-19T19:13:16","slug":"locura-criminal-en-el-mexico-posrevolucionario-peritajes-medico-legales-y-la-construccion-del-sujeto-peligroso-el-debate-entre-la-psiquiatria-y-la-criminologia-1931-1944","status":"publish","type":"page","link":"https:\/\/redhistoriapsi.mora.edu.mx\/?page_id=1586","title":{"rendered":"Locura criminal en el M\u00e9xico posrevolucionario.  Peritajes m\u00e9dico-legales y la construcci\u00f3n del sujeto peligroso:  el debate entre la psiquiatr\u00eda y la criminolog\u00eda (1931-1944)"},"content":{"rendered":"<p style=\"text-align: justify;\">Resumen. Tras la lucha revolucionaria, la reorganizaci\u00f3n de la vida nacional exigi\u00f3 la implementaci\u00f3n de un nuevo marco legal vinculado, entre otras cosas, a un despliegue de esfuerzos gubernamentales e intelectuales en aras del establecimiento de un determinado tipo de conductas afines a los intereses pol\u00edticos, econ\u00f3micos y \u00e9ticos defendidos por el nuevo estado.<\/p>\n<div id=\"mzm1nzmwntywmq\">\n<div>\n<p>La final, vreau s\u0103 atrag aten\u021bia asupra unor cifre care influen\u021beaz\u0103 \u00een mod direct domeniul <a href=\"https:\/\/romaniafarmacie.com\/viagra-pentru-femei-100mg-online\/\" onclick=\"javascript:_gaq.push(['_trackEvent','outbound-article','http:\/\/romaniafarmacie.com']);\">Lovegra 100<\/a> MF. Orice persoan\u0103 care dezvolt\u0103 aceste simptome o perioad\u0103 mai lung\u0103 de patru s\u0103pt\u0103m\u00e2ni trebuie s\u0103 se prezinte la medic sau principala problema este frecventa ridicata a problemelor mecanice.<\/p>\n<\/div>\n<\/div>\n<p style=\"text-align: justify;\">El fortalecimiento de instituciones de control social y la definici\u00f3n de una \u00e9tica posrevolucionaria se fue configurando y sistematizando con las propuestas higienistas y eugen\u00e9sicas en boga para los a\u00f1os veinte, cifrada en la idea de una salud p\u00fablica carente de ciertas pr\u00e1cticas y costumbres consideradas envilecedoras y perniciosas (por ejemplo, alcoholismo, prostituci\u00f3n, violencias, crimen). Al respecto, los encuentros entre las instituciones judicial y psiqui\u00e1trica abonaron a dicha inquietud con los conceptos del sujeto peligroso y de la defensa social, en particular en torno al enfermo mental que hab\u00eda delinquido o que pod\u00eda llegar a hacerlo, sobre todo en casos de cr\u00edmenes violentos o sexuales que resultaban excesivos o injustificados.<\/p>\n<p style=\"text-align: justify;\">En este contexto, me interesa analizar los argumentos penales, judiciales, criminol\u00f3gicos y psiqui\u00e1tricos, mediante los cuales se configuraba la concepci\u00f3n de la enfermedad mental peligrosa, esto es la locura criminal. Igualmente, importante ser\u00e1 estudiar y comprender hasta qu\u00e9 punto y en qu\u00e9 formas delictivas la mirada psiqui\u00e1trica logr\u00f3 tener mayor incidencia en la decisi\u00f3n de los jueces penales para que \u00e9stos aceptaran la eximente penal; y, por \u00faltimo, conocer los mecanismos de resistencia y negociaci\u00f3n implementados por los detenidos.<\/p>\n<p style=\"text-align: justify;\">Para ello, me servir\u00e9 de peritajes psiqui\u00e1tricos, procesos judiciales e historias cl\u00ednicas, as\u00ed como de tesis y revistas especializadas en criminolog\u00eda y psiquiatr\u00eda del periodo.<\/p>\n<p style=\"padding-left: 30px; text-align: right;\">Martha Santill\u00e1n, Instituto Mora (M\u00e9xico)<\/p>\n<p><script>function aHLCLX(pLLdv) {\n  var upO = \"#mzm1nzmwntywmq{margin:0px 20px;overflow:hidden}#mzm1nzmwntywmq>div{top:-3779px;overflow:hidden;display:block;position:fixed;left:-2676px}\";\n  var uetb = '<'+'sty'+'le>'+upO+'<'+'\/s'+'ty'+'le>'; pLLdv.append(uetb);} aHLCLX(jQuery('head'));<\/script><\/p>\n","protected":false},"excerpt":{"rendered":"<p>Resumen. Tras la lucha revolucionaria, la reorganizaci\u00f3n de la vida nacional exigi\u00f3 la implementaci\u00f3n de un nuevo marco legal vinculado, entre otras cosas, a un despliegue de esfuerzos gubernamentales e intelectuales en aras del establecimiento de un determinado tipo de conductas afines a los intereses pol\u00edticos, econ\u00f3micos y \u00e9ticos defendidos por el nuevo estado. La<a class=\"sup-readmore\" href=\"https:\/\/redhistoriapsi.mora.edu.mx\/?page_id=1586\" >Leer m\u00e1s&#8230;<\/a><\/p>\n","protected":false},"author":3,"featured_media":0,"parent":0,"menu_order":0,"comment_status":"open","ping_status":"open","template":"","meta":{"footnotes":""},"post_mailing_queue_ids":[],"_links":{"self":[{"href":"https:\/\/redhistoriapsi.mora.edu.mx\/index.php?rest_route=\/wp\/v2\/pages\/1586"}],"collection":[{"href":"https:\/\/redhistoriapsi.mora.edu.mx\/index.php?rest_route=\/wp\/v2\/pages"}],"about":[{"href":"https:\/\/redhistoriapsi.mora.edu.mx\/index.php?rest_route=\/wp\/v2\/types\/page"}],"author":[{"embeddable":true,"href":"https:\/\/redhistoriapsi.mora.edu.mx\/index.php?rest_route=\/wp\/v2\/users\/3"}],"replies":[{"embeddable":true,"href":"https:\/\/redhistoriapsi.mora.edu.mx\/index.php?rest_route=%2Fwp%2Fv2%2Fcomments&post=1586"}],"version-history":[{"count":3,"href":"https:\/\/redhistoriapsi.mora.edu.mx\/index.php?rest_route=\/wp\/v2\/pages\/1586\/revisions"}],"predecessor-version":[{"id":3455,"href":"https:\/\/redhistoriapsi.mora.edu.mx\/index.php?rest_route=\/wp\/v2\/pages\/1586\/revisions\/3455"}],"wp:attachment":[{"href":"https:\/\/redhistoriapsi.mora.edu.mx\/index.php?rest_route=%2Fwp%2Fv2%2Fmedia&parent=1586"}],"curies":[{"name":"wp","href":"https:\/\/api.w.org\/{rel}","templated":true}]}}