{"id":1589,"date":"2015-01-16T17:38:26","date_gmt":"2015-01-16T17:38:26","guid":{"rendered":"http:\/\/redhistoriapsi.mora.edu.mx\/?page_id=1589"},"modified":"2024-06-19T19:07:23","modified_gmt":"2024-06-19T19:07:23","slug":"formacion-del-discurso-en-salud-mental-en-la-primera-mitad-del-siglo-xx","status":"publish","type":"page","link":"https:\/\/redhistoriapsi.mora.edu.mx\/?page_id=1589","title":{"rendered":"Formaci\u00f3n del discurso en salud mental en la primera mitad del siglo XX"},"content":{"rendered":"<p style=\"text-align: justify;\">Resumen.\u00a0La formaci\u00f3n del discurso en salud mental durante la primera mitad del siglo XX tiene en el Movimiento de Higiene Mental y en el Comit\u00e9 Nacional de Higiene Mental sus principales influencias. Como depositarios de un estilo de pensamiento biom\u00e9dico, los dos entes mencionados tomaron la vocer\u00eda en el campo de la salud mental, el cual para la \u00e9poca bajo estudio,\u00a0 adolec\u00eda de una clara diferenciaci\u00f3n conceptual. Con el objeto de comprender la influencia que ejerci\u00f3 este estilo de pensamiento en la formaci\u00f3n del discurso en salud mental durante la primera mitad del siglo XX, se desarroll\u00f3 una revisi\u00f3n de literatura de la \u00e9poca, empleando para tal fin una propuesta te\u00f3rica que combin\u00f3 el an\u00e1lisis del discurso de Michel Foucault y la sociolog\u00eda del conocimiento de Ludwik Fleck. Los resultados evidencian una hegemon\u00eda del estilo de pensamiento biom\u00e9dico para abordar la salud mental, representada principalmente en el empleo de la prevenci\u00f3n como estrategia de trabajo. De igual forma se constat\u00f3 que fueron los m\u00e9dicos, psiquiatras y salubristas de la \u00e9poca quienes asumieron para s\u00ed, como colectivo de pensamiento, la autoridad para hablar y actuar sobre la salud mental de la poblaci\u00f3n, relegando a un segundo plano otros colectivos de pensamiento.<\/p>\n<p style=\"text-align: right; padding-left: 240px;\">M\u00f3nica Mojica Perilla,\u00a0Docente Titular. Facultad de Ciencias de la Salud. Universidad Aut\u00f3noma de Bucaramanga. Bucaramanga-Colombia<\/p>\n","protected":false},"excerpt":{"rendered":"<p>Resumen.\u00a0La formaci\u00f3n del discurso en salud mental durante la primera mitad del siglo XX tiene en el Movimiento de Higiene Mental y en el Comit\u00e9 Nacional de Higiene Mental sus principales influencias. Como depositarios de un estilo de pensamiento biom\u00e9dico, los dos entes mencionados tomaron la vocer\u00eda en el campo de la salud mental, el<a class=\"sup-readmore\" href=\"https:\/\/redhistoriapsi.mora.edu.mx\/?page_id=1589\" >Leer m\u00e1s&#8230;<\/a><\/p>\n","protected":false},"author":3,"featured_media":0,"parent":0,"menu_order":0,"comment_status":"open","ping_status":"open","template":"","meta":{"footnotes":""},"post_mailing_queue_ids":[],"_links":{"self":[{"href":"https:\/\/redhistoriapsi.mora.edu.mx\/index.php?rest_route=\/wp\/v2\/pages\/1589"}],"collection":[{"href":"https:\/\/redhistoriapsi.mora.edu.mx\/index.php?rest_route=\/wp\/v2\/pages"}],"about":[{"href":"https:\/\/redhistoriapsi.mora.edu.mx\/index.php?rest_route=\/wp\/v2\/types\/page"}],"author":[{"embeddable":true,"href":"https:\/\/redhistoriapsi.mora.edu.mx\/index.php?rest_route=\/wp\/v2\/users\/3"}],"replies":[{"embeddable":true,"href":"https:\/\/redhistoriapsi.mora.edu.mx\/index.php?rest_route=%2Fwp%2Fv2%2Fcomments&post=1589"}],"version-history":[{"count":1,"href":"https:\/\/redhistoriapsi.mora.edu.mx\/index.php?rest_route=\/wp\/v2\/pages\/1589\/revisions"}],"predecessor-version":[{"id":1590,"href":"https:\/\/redhistoriapsi.mora.edu.mx\/index.php?rest_route=\/wp\/v2\/pages\/1589\/revisions\/1590"}],"wp:attachment":[{"href":"https:\/\/redhistoriapsi.mora.edu.mx\/index.php?rest_route=%2Fwp%2Fv2%2Fmedia&parent=1589"}],"curies":[{"name":"wp","href":"https:\/\/api.w.org\/{rel}","templated":true}]}}