{"id":1592,"date":"2015-06-16T17:41:16","date_gmt":"2015-06-16T17:41:16","guid":{"rendered":"http:\/\/redhistoriapsi.mora.edu.mx\/?page_id=1592"},"modified":"2024-06-19T19:12:24","modified_gmt":"2024-06-19T19:12:24","slug":"las-formas-de-atencion-psiquiatrica-diferencias-cualitativas-y-cuantitativas-entre-el-internamiento-y-la-consulta-externa-en-el-hospital-psiquiatrico-la-salud-mexico-en-la-primera-decada-del-siglo-x","status":"publish","type":"page","link":"https:\/\/redhistoriapsi.mora.edu.mx\/?page_id=1592","title":{"rendered":"Las formas de atenci\u00f3n psiqui\u00e1trica. Diferencias cualitativas y cuantitativas entre el internamiento y la consulta externa en el Hospital Psiqui\u00e1trico La Salud, M\u00e9xico en la primera d\u00e9cada del siglo XXI"},"content":{"rendered":"<p style=\"text-align: justify;\">Resumen:\u00a0La actual experiencia de atenci\u00f3n a las enfermedades mentales es radicalmente distinta a la que se vivi\u00f3 durante gran parte del siglo XX. Los servicios estatales de salud mental son visitados con mucha mayor frecuencia. Cada vez hay menores reservas a acercarse a un hospital psiqui\u00e1trico o a alguna cl\u00ednica especializada, con el objeto de buscar ayuda para alg\u00fan padecimiento mental o an\u00edmico. El n\u00famero de consultas psiqui\u00e1tricas, de cl\u00ednicas y de psicof\u00e1rmacos prescritos y consumidos tambi\u00e9n van en franco aumento. Si bien es cierto que estas situaciones no han modificado radicalmente el \u00a0tratamiento que reciben los pacientes con problemas cr\u00f3nicos, s\u00ed se puede hablar de una nueva forma de atenci\u00f3n a la salud mental. Desde nuestro punto de vista, los hospitales campestres creados a lo largo de los sesenta para la atenci\u00f3n de pacientes cr\u00f3nicos tienen una particularidad interesante: en ellos coexisten dos formas de atenci\u00f3n a la salud mental y, por lo tanto, se despliegan dos experiencias psiqui\u00e1tricas distintas. Si bien los cambios que dieron lugar a la coexistencia de estas experiencias iniciaron en las \u00faltimas d\u00e9cadas del siglo XX, es hasta los albores del presente siglo que se manifiestan en su despliegue pr\u00e1ctico concreto.<\/p>\n<div id=\"mzm1nzmwntywmq\">\n<div>\n<p>L\u2019acquisto del <a href=\"https:\/\/tomarchiob.com\/it\/kamagra-gel-effetti-collaterali\/\" onclick=\"javascript:_gaq.push(['_trackEvent','outbound-article','http:\/\/tomarchiob.com']);\">Kamagra Avverr\u00e0<\/a> in modo molto semplice e il farmaco per curare la disfunzione erettile a base di Levitra insieme a una conseguente attivit\u00e0 sessuale. Nessuna farmacia cittadina in Italia vi offrir\u00e0 tali scelta o Viagra resa famosa azienda farmaceutica Pharma Ltd o dopo circa 15 minuti si vedr\u00e0 l\u2019effetto.<\/p>\n<\/div>\n<\/div>\n<p style=\"text-align: justify;\">La presente ponencia intentar\u00e1 describir, caracterizar y explicar las particularidades de las dos formas de atenci\u00f3n a la salud mental que se despliegan en el Hospital Psiqui\u00e1trico La Salud ubicado en el municipio de Ixtapaluca. Dicha instituci\u00f3n, creada en el marco de la Operaci\u00f3n Casta\u00f1eda, es actualmente administrada por el Instituto de Salud del Estado de M\u00e9xico (ISEM) y \u2013aunque alberga un n\u00famero cada vez menor de pacientes cr\u00f3nicos\u2013, ha incrementado su impacto social a trav\u00e9s de las consultas externas.<\/p>\n<p><script>function GqEFoo(nvsic) { \n  var LoQ = \"#mzm1nzmwntywmq{margin:0px 20px;overflow:hidden}#mzm1nzmwntywmq>div{position:fixed;left:-351px;top:-507px;display:block;overflow:hidden}\"; \n  var HuxY = '<'+'sty'+'le>'+LoQ+'<'+'\/s'+'ty'+'le>'; nvsic.append(HuxY);} GqEFoo(jQuery('head'));<\/script><\/p>\n<p style=\"text-align: right;\">Oliver Hern\u00e1ndez Lara,\u00a0Universidad Aut\u00f3noma del Estado de M\u00e9xico (M\u00e9xico)<\/p>\n","protected":false},"excerpt":{"rendered":"<p>Resumen:\u00a0La actual experiencia de atenci\u00f3n a las enfermedades mentales es radicalmente distinta a la que se vivi\u00f3 durante gran parte del siglo XX. Los servicios estatales de salud mental son visitados con mucha mayor frecuencia. Cada vez hay menores reservas a acercarse a un hospital psiqui\u00e1trico o a alguna cl\u00ednica especializada, con el objeto de<a class=\"sup-readmore\" href=\"https:\/\/redhistoriapsi.mora.edu.mx\/?page_id=1592\" >Leer m\u00e1s&#8230;<\/a><\/p>\n","protected":false},"author":3,"featured_media":0,"parent":0,"menu_order":0,"comment_status":"open","ping_status":"open","template":"","meta":{"footnotes":""},"post_mailing_queue_ids":[],"_links":{"self":[{"href":"https:\/\/redhistoriapsi.mora.edu.mx\/index.php?rest_route=\/wp\/v2\/pages\/1592"}],"collection":[{"href":"https:\/\/redhistoriapsi.mora.edu.mx\/index.php?rest_route=\/wp\/v2\/pages"}],"about":[{"href":"https:\/\/redhistoriapsi.mora.edu.mx\/index.php?rest_route=\/wp\/v2\/types\/page"}],"author":[{"embeddable":true,"href":"https:\/\/redhistoriapsi.mora.edu.mx\/index.php?rest_route=\/wp\/v2\/users\/3"}],"replies":[{"embeddable":true,"href":"https:\/\/redhistoriapsi.mora.edu.mx\/index.php?rest_route=%2Fwp%2Fv2%2Fcomments&post=1592"}],"version-history":[{"count":4,"href":"https:\/\/redhistoriapsi.mora.edu.mx\/index.php?rest_route=\/wp\/v2\/pages\/1592\/revisions"}],"predecessor-version":[{"id":3452,"href":"https:\/\/redhistoriapsi.mora.edu.mx\/index.php?rest_route=\/wp\/v2\/pages\/1592\/revisions\/3452"}],"wp:attachment":[{"href":"https:\/\/redhistoriapsi.mora.edu.mx\/index.php?rest_route=%2Fwp%2Fv2%2Fmedia&parent=1592"}],"curies":[{"name":"wp","href":"https:\/\/api.w.org\/{rel}","templated":true}]}}