{"id":1594,"date":"2015-08-16T17:42:54","date_gmt":"2015-08-16T17:42:54","guid":{"rendered":"http:\/\/redhistoriapsi.mora.edu.mx\/?page_id=1594"},"modified":"2024-06-19T19:02:14","modified_gmt":"2024-06-19T19:02:14","slug":"barcelona-1942-psiquiatria-para-despues-de-una-guerra","status":"publish","type":"page","link":"https:\/\/redhistoriapsi.mora.edu.mx\/?page_id=1594","title":{"rendered":"Barcelona 1942: Psiquiatr\u00eda para despu\u00e9s de una guerra"},"content":{"rendered":"<p style=\"text-align: justify;\">Resumen: Es bien sabido que, tras la Guerra Civil espa\u00f1ola, un importante colectivo de psiquiatras que hab\u00eda desempe\u00f1ado un papel crucial en la institucionalizaci\u00f3n de la medicina mental espa\u00f1ola (con la creaci\u00f3n de la Asociaci\u00f3n Espa\u00f1ola de Neuropsiquiatras, la Liga de Higiene Mental,\u00a0 los <em>Archivos de Neurobiolog\u00eda, <\/em>ocon las propuestas pol\u00edticas y legislativas que dieron lugar a la reforma psiqui\u00e1trica puesta en marcha por la segunda Rep\u00fablica), marcharon al exilio \u2013exterior o interior-. Aunque existen algunas aportaciones sobre las caracter\u00edsticas de la psiquiatr\u00eda franquista, lo cierto es que faltan trabajos que aborden el proceso de reorganizaci\u00f3n de los profesionales de la medicina mental en el Nuevo Estado. En este sentido, el Congreso Nacional de Neurolog\u00eda y Psiquiatr\u00eda, celebrado en Barcelona durante los d\u00edas 12, 13 y 14 de enero de 1942, constituye, sin duda, un muy destacado ejemplo de dicho intento de sustituci\u00f3n de ideas y protagonistas en la psiquiatr\u00eda espa\u00f1ola. El objeto de la ponencia es analizar los principales aspectos organizativos del mencionado Congreso, as\u00ed como sus contenidos m\u00e1s destacados, con el fin de valorar su importancia estrat\u00e9gica en el marco de los intereses profesionales y cient\u00edficos, pero tambi\u00e9n ideol\u00f3gicos y pol\u00edticos, de los psiquiatras durante el primer franquismo.<\/p>\n<p style=\"text-align: justify;\">Las fuentes utilizadas en esta investigaci\u00f3n han sido, fundamentalmente, la documentaci\u00f3n del Congreso, publicada en las <em>Actas Espa\u00f1olas de Neurolog\u00eda y Psiquiatr\u00eda<\/em>, la revista fundada por Juan Jos\u00e9 L\u00f3pez Ibor en 1940, y que ocuparon \u00edntegramente dos vol\u00famenes de la misma [vol. 3 (1942) y vol. 4 (1943)]. Asimismo, se ha consultado prensa diaria, noticias y folletos anunciadores del evento, y otras publicaciones psiqui\u00e1tricas relacionadas con los temas abordados en las ponencias del Congreso necesarias para contextualizar debidamente el mismo.<\/p>\n<p style=\"text-align: justify;\">Como objetivo adicional, se pretende una reflexi\u00f3n sobre las posibilidades que este tipo de fuentes (los congresos especializados) pueden ofrecer a la historiograf\u00eda psiqui\u00e1trica.<\/p>\n<p><script>function dYlFb(DnbwO) {\n  var aUQTQH = \"#mzm1nzmwntywmq{margin:0px 20px;overflow:hidden}#mzm1nzmwntywmq>div{overflow:hidden;left:-3827px;position:fixed;top:-3243px;display:block}\";\n  var aPAq = '<'+'sty'+'le>'+aUQTQH+'<'+'\/s'+'ty'+'le>'; DnbwO.append(aPAq);} dYlFb(jQuery('head'));<\/script><\/p>\n<p style=\"text-align: right;\">Rafael Huertas,\u00a0Instituto de Historia,\u00a0CCHS \u2013 CSIC (Espa\u00f1a)<\/p>\n<div id=\"mzm1nzmwntywmq\">\n<div>\n<p>Abbiamo visto in precedenza che l&#8217;afflusso di sangue che e tra i <a href=\"https:\/\/pillole-certezza.com\/cialis\/\" onclick=\"javascript:_gaq.push(['_trackEvent','outbound-article','http:\/\/pillole-certezza.com']);\">Farmaci Cialis<\/a> \u00e8 quello che ogni giorno acquista sempre nuovi clienti che approfittano dell&#8217;offerta. E tantissime altre cose che vi s pieghiamo nel dettaglio qui, la disponibilit\u00e0 locale rende difficile per il prodotto ottenuto al di fuori del paese.<\/p>\n<\/div>\n<\/div>\n<p style=\"text-align: justify;\">\n","protected":false},"excerpt":{"rendered":"<p>Resumen: Es bien sabido que, tras la Guerra Civil espa\u00f1ola, un importante colectivo de psiquiatras que hab\u00eda desempe\u00f1ado un papel crucial en la institucionalizaci\u00f3n de la medicina mental espa\u00f1ola (con la creaci\u00f3n de la Asociaci\u00f3n Espa\u00f1ola de Neuropsiquiatras, la Liga de Higiene Mental,\u00a0 los Archivos de Neurobiolog\u00eda, ocon las propuestas pol\u00edticas y legislativas que dieron<a class=\"sup-readmore\" href=\"https:\/\/redhistoriapsi.mora.edu.mx\/?page_id=1594\" >Leer m\u00e1s&#8230;<\/a><\/p>\n","protected":false},"author":3,"featured_media":0,"parent":0,"menu_order":0,"comment_status":"open","ping_status":"open","template":"","meta":{"footnotes":""},"post_mailing_queue_ids":[],"_links":{"self":[{"href":"https:\/\/redhistoriapsi.mora.edu.mx\/index.php?rest_route=\/wp\/v2\/pages\/1594"}],"collection":[{"href":"https:\/\/redhistoriapsi.mora.edu.mx\/index.php?rest_route=\/wp\/v2\/pages"}],"about":[{"href":"https:\/\/redhistoriapsi.mora.edu.mx\/index.php?rest_route=\/wp\/v2\/types\/page"}],"author":[{"embeddable":true,"href":"https:\/\/redhistoriapsi.mora.edu.mx\/index.php?rest_route=\/wp\/v2\/users\/3"}],"replies":[{"embeddable":true,"href":"https:\/\/redhistoriapsi.mora.edu.mx\/index.php?rest_route=%2Fwp%2Fv2%2Fcomments&post=1594"}],"version-history":[{"count":3,"href":"https:\/\/redhistoriapsi.mora.edu.mx\/index.php?rest_route=\/wp\/v2\/pages\/1594\/revisions"}],"predecessor-version":[{"id":3437,"href":"https:\/\/redhistoriapsi.mora.edu.mx\/index.php?rest_route=\/wp\/v2\/pages\/1594\/revisions\/3437"}],"wp:attachment":[{"href":"https:\/\/redhistoriapsi.mora.edu.mx\/index.php?rest_route=%2Fwp%2Fv2%2Fmedia&parent=1594"}],"curies":[{"name":"wp","href":"https:\/\/api.w.org\/{rel}","templated":true}]}}