{"id":1599,"date":"2015-01-16T17:49:49","date_gmt":"2015-01-16T17:49:49","guid":{"rendered":"http:\/\/redhistoriapsi.mora.edu.mx\/?page_id=1599"},"modified":"2024-06-19T19:02:37","modified_gmt":"2024-06-19T19:02:37","slug":"conocimiento-hibrido-conocimiento-creativo-una-pericia-psiquiatrica-chilena-de-1915-entre-la-degeneracion-y-el-psicoanalisis","status":"publish","type":"page","link":"https:\/\/redhistoriapsi.mora.edu.mx\/?page_id=1599","title":{"rendered":"Conocimiento h\u00edbrido, conocimiento creativo. Una pericia psiqui\u00e1trica chilena de 1915 entre la degeneraci\u00f3n y el psicoan\u00e1lisis"},"content":{"rendered":"<p style=\"text-align: justify;\">Resumen.\u00a0El 21 de Diciembre de 1907, los obreros que hab\u00edan bajado desde las salitreras al puerto de Iquique, se reunieron en la Escuela Domingo Santa Mar\u00eda de dicha ciudad. La autoridad gubernamental orden\u00f3 el traslado a Iquique del Regimiento O\u2019Higgins, el que estaba al mando del General Roberto Silva Renard. Aquel d\u00eda, a una orden de Silva Renard se abri\u00f3 fuego de metralleta sobre la Escuela. Entre los masacrados se encontraba el obrero espa\u00f1ol Manuel Vaca. 7 a\u00f1os m\u00e1s tarde, El 14 de Diciembre de 1914, mientras se dirig\u00eda a su trabajo en la F\u00e1brica de Cartuchos del Ej\u00e9rcito, el General Roberto Silva Renard recib\u00eda varios golpes secos de una daga, 4 en la espalda y otra en el rostro. El agresor era el medio hermano de Manuel Vaca, Antonio Ram\u00f3n Ram\u00f3n, de 33 a\u00f1os.<\/p>\n<p style=\"text-align: justify;\">Los hermanos hab\u00edan crecido en el sur de Espa\u00f1a en ciudades contiguas a pocos kil\u00f3metros de distancia pero sin saber nada el uno del otro, hasta que un encuentro fortuito los reuni\u00f3 en una localidad del norte de \u00c1frica. Unidos en fraterna amistad viajaron Sudam\u00e9rica, quedando Antonio en Brasil y el otro en Argentina, desde d\u00f3nde pas\u00f3 a la regi\u00f3n salitrera chilena. Ante el silencio epistolar de Manuel Vaca, Antonio se traslad\u00f3 al puerto chileno, d\u00f3nde otros obreros le mostraron el lugar exacto en que hab\u00eda ca\u00eddo su hermano.<\/p>\n<p style=\"text-align: justify;\">Apresado luego del atentado al general Silva Renard, en el curso del proceso se pidi\u00f3 la intervenci\u00f3n de peritos alienistas. Concurrieron a esa designaci\u00f3n el m\u00e9dico Germ\u00e1n Greve, el primer divulgador de la obra de Freud en Sudam\u00e9rica, y un m\u00e9dico reci\u00e9n egresado de la Facultad de Medicina, de una fuerte impronta determinista, el dr. Hugo Lea Plaza.<\/p>\n<p style=\"text-align: justify;\">La pericia resultante diagnosticaba al reo con \u201cdegeneraci\u00f3n mental\u201d y \u201cestigmas hist\u00e9ricos\u201d, llevando ante el tribunal un diagn\u00f3stico reconocible, pero al que se hab\u00eda llegado por medios t\u00e9cnicos diversos: an\u00e1lisis de sue\u00f1os, historia del trauma, hipnosis, medici\u00f3n de cr\u00e1neo y pruebas de sensibilidad, dando paso a lo que estimamos puede caracterizarse como un conocimiento h\u00edbrido y creativo.<\/p>\n<p style=\"text-align: right; padding-left: 180px;\">Marcelo S\u00e1nchez y Mariano Rupperthuz, Centro de Estudios Culturales Latinoamericanos, Universidad de Chile (Chile)<\/p>\n<p>&nbsp;<\/p>\n<p>&nbsp;<\/p>\n<p>&nbsp;<\/p>\n<p>&nbsp;<\/p>\n<p>&nbsp;<\/p>\n","protected":false},"excerpt":{"rendered":"<p>Resumen.\u00a0El 21 de Diciembre de 1907, los obreros que hab\u00edan bajado desde las salitreras al puerto de Iquique, se reunieron en la Escuela Domingo Santa Mar\u00eda de dicha ciudad. La autoridad gubernamental orden\u00f3 el traslado a Iquique del Regimiento O\u2019Higgins, el que estaba al mando del General Roberto Silva Renard. Aquel d\u00eda, a una orden<a class=\"sup-readmore\" href=\"https:\/\/redhistoriapsi.mora.edu.mx\/?page_id=1599\" >Leer m\u00e1s&#8230;<\/a><\/p>\n","protected":false},"author":3,"featured_media":0,"parent":0,"menu_order":0,"comment_status":"open","ping_status":"open","template":"","meta":{"footnotes":""},"post_mailing_queue_ids":[],"_links":{"self":[{"href":"https:\/\/redhistoriapsi.mora.edu.mx\/index.php?rest_route=\/wp\/v2\/pages\/1599"}],"collection":[{"href":"https:\/\/redhistoriapsi.mora.edu.mx\/index.php?rest_route=\/wp\/v2\/pages"}],"about":[{"href":"https:\/\/redhistoriapsi.mora.edu.mx\/index.php?rest_route=\/wp\/v2\/types\/page"}],"author":[{"embeddable":true,"href":"https:\/\/redhistoriapsi.mora.edu.mx\/index.php?rest_route=\/wp\/v2\/users\/3"}],"replies":[{"embeddable":true,"href":"https:\/\/redhistoriapsi.mora.edu.mx\/index.php?rest_route=%2Fwp%2Fv2%2Fcomments&post=1599"}],"version-history":[{"count":1,"href":"https:\/\/redhistoriapsi.mora.edu.mx\/index.php?rest_route=\/wp\/v2\/pages\/1599\/revisions"}],"predecessor-version":[{"id":1600,"href":"https:\/\/redhistoriapsi.mora.edu.mx\/index.php?rest_route=\/wp\/v2\/pages\/1599\/revisions\/1600"}],"wp:attachment":[{"href":"https:\/\/redhistoriapsi.mora.edu.mx\/index.php?rest_route=%2Fwp%2Fv2%2Fmedia&parent=1599"}],"curies":[{"name":"wp","href":"https:\/\/api.w.org\/{rel}","templated":true}]}}