{"id":1604,"date":"2015-01-16T17:59:57","date_gmt":"2015-01-16T17:59:57","guid":{"rendered":"http:\/\/redhistoriapsi.mora.edu.mx\/?page_id=1604"},"modified":"2024-06-19T19:12:05","modified_gmt":"2024-06-19T19:12:05","slug":"los-simuladores-verdad-y-poder-en-la-psiquiatria-de-jose-ingenieros","status":"publish","type":"page","link":"https:\/\/redhistoriapsi.mora.edu.mx\/?page_id=1604","title":{"rendered":"Los simuladores: verdad y poder en la psiquiatr\u00eda de Jos\u00e9 Ingenieros"},"content":{"rendered":"<p>Resumen: Tomando como punto de partida el curso de Michel Foucault <em>El poder psiqui\u00e1trico,<\/em> este articulo analiza el libro <em>La simulaci\u00f3n de la locura<\/em>, publicado en 1903 por el psiquiatra argentino Jos\u00e9 Ingenieros. Foucault afirma que el problema de la simulaci\u00f3n recorre transversalmente toda la historia de la psiquiatr\u00eda moderna. Inicialmente se analizan las referencias que Jos\u00e9 Ingenieros dedica a la cuesti\u00f3n de la simulaci\u00f3n en la lucha por la vida, para luego abordar la tem\u00e1tica de la simulaci\u00f3n de los estados patol\u00f3gicos en general y, por fin, la simulaci\u00f3n de la locura y su relaci\u00f3n con la problem\u00e1tica de la degeneraci\u00f3n.\u00a0 Ingenieros participa de esa lucha epistemol\u00f3gica y pol\u00edtica que se entabla entre los peritos-psiquiatras y los simuladores en torno a la cuesti\u00f3n de la verdad.<\/p>\n<p style=\"text-align: right;\">Sandra Caponi, Universidade Federal de Santa Catarina (Brasil)<\/p>\n<p>&nbsp;<\/p>\n","protected":false},"excerpt":{"rendered":"<p>Resumen: Tomando como punto de partida el curso de Michel Foucault El poder psiqui\u00e1trico, este articulo analiza el libro La simulaci\u00f3n de la locura, publicado en 1903 por el psiquiatra argentino Jos\u00e9 Ingenieros. Foucault afirma que el problema de la simulaci\u00f3n recorre transversalmente toda la historia de la psiquiatr\u00eda moderna. Inicialmente se analizan las referencias<a class=\"sup-readmore\" href=\"https:\/\/redhistoriapsi.mora.edu.mx\/?page_id=1604\" >Leer m\u00e1s&#8230;<\/a><\/p>\n","protected":false},"author":3,"featured_media":0,"parent":0,"menu_order":0,"comment_status":"open","ping_status":"open","template":"","meta":{"footnotes":""},"post_mailing_queue_ids":[],"_links":{"self":[{"href":"https:\/\/redhistoriapsi.mora.edu.mx\/index.php?rest_route=\/wp\/v2\/pages\/1604"}],"collection":[{"href":"https:\/\/redhistoriapsi.mora.edu.mx\/index.php?rest_route=\/wp\/v2\/pages"}],"about":[{"href":"https:\/\/redhistoriapsi.mora.edu.mx\/index.php?rest_route=\/wp\/v2\/types\/page"}],"author":[{"embeddable":true,"href":"https:\/\/redhistoriapsi.mora.edu.mx\/index.php?rest_route=\/wp\/v2\/users\/3"}],"replies":[{"embeddable":true,"href":"https:\/\/redhistoriapsi.mora.edu.mx\/index.php?rest_route=%2Fwp%2Fv2%2Fcomments&post=1604"}],"version-history":[{"count":1,"href":"https:\/\/redhistoriapsi.mora.edu.mx\/index.php?rest_route=\/wp\/v2\/pages\/1604\/revisions"}],"predecessor-version":[{"id":1605,"href":"https:\/\/redhistoriapsi.mora.edu.mx\/index.php?rest_route=\/wp\/v2\/pages\/1604\/revisions\/1605"}],"wp:attachment":[{"href":"https:\/\/redhistoriapsi.mora.edu.mx\/index.php?rest_route=%2Fwp%2Fv2%2Fmedia&parent=1604"}],"curies":[{"name":"wp","href":"https:\/\/api.w.org\/{rel}","templated":true}]}}