{"id":1606,"date":"2015-01-16T18:02:44","date_gmt":"2015-01-16T18:02:44","guid":{"rendered":"http:\/\/redhistoriapsi.mora.edu.mx\/?page_id=1606"},"modified":"2024-06-19T19:13:37","modified_gmt":"2024-06-19T19:13:37","slug":"los-psiquiatras-espanoles-de-principios-del-siglo-xx-y-la-introduccion-del-psicoanalisis-enrique-fernandez-sanz-y-rafael-del-valle-y-aldabalde","status":"publish","type":"page","link":"https:\/\/redhistoriapsi.mora.edu.mx\/?page_id=1606","title":{"rendered":"Los psiquiatras espa\u00f1oles de principios del siglo XX y la introducci\u00f3n del psicoan\u00e1lisis: Enrique Fern\u00e1ndez Sanz y Rafael del Valle y Aldabalde"},"content":{"rendered":"<p style=\"text-align: justify;\">Resumen.<strong>\u00a0<\/strong>Los psiquiatras espa\u00f1oles de principios del siglo XX desempe\u00f1aron un papel principal en la apertura de la psiquiatr\u00eda a nuevas teor\u00edas y corrientes m\u00e9dicas. El af\u00e1n por hacer de la ciencia espa\u00f1ola una disciplina de referencia integr\u00e1ndola en el movimiento de progreso europeo anim\u00f3 a varios psiquiatras y m\u00e9dicos a formarse en el extranjero y a promover traducciones de las obras de mayor influencia de varios pa\u00edses. Este es el caso del psicoan\u00e1lisis, cuya entrada en Espa\u00f1a tiene su origen en estos psiquiatras y en sus primeros informes en torno a esta nueva doctrina.<\/p>\n<p style=\"text-align: justify;\">El objetivo de esta comunicaci\u00f3n es analizar, dentro de este contexto, la obra de Enrique Fern\u00e1ndez Sanz, psiquiatra espa\u00f1ol cuyo af\u00e1n por el estudio y el debate psiqui\u00e1trico tuvieron un papel crucial en la historia del psicoan\u00e1lisis espa\u00f1ol. Su articulo \u201cEl psicoan\u00e1lisis\u201d (1914) puede considerarse el primer texto cr\u00edtico sobre esta teor\u00eda escrito por un espa\u00f1ol. En \u00e9l Fern\u00e1ndez Sanz, a pesar de tomar distancia de algunos postulados psicoanal\u00edticos, analiza detenidamente y discute cr\u00edticamente las ideas freudianas, elaborando adem\u00e1s un informe sobre el estado en el que se encuentra el debate anal\u00edtico a nivel europeo y acompa\u00f1ando su texto de una extensa bibliograf\u00eda sobre el tema.<\/p>\n<p style=\"text-align: justify;\">Como punto de discusi\u00f3n con el texto de Fern\u00e1ndez Sanz, trabajar\u00e9 tambi\u00e9n la obra de Rafael del Valle y Aldabalde, psiquiatra espa\u00f1ol de igual relevancia para el psicoan\u00e1lisis en Espa\u00f1a. Su obra, \u201cEl psicoan\u00e1lisis de Freud\u201d(1913), supone la primera adhesi\u00f3n critica a las ideas del neur\u00f3logo vien\u00e9s.<\/p>\n<p style=\"text-align: right; padding-left: 300px;\">Silvia Levy Lazcano, Departamento de Historia de la Ciencia. Instituto de Historia. CSIC-CCHS. Madrid.<\/p>\n<p>&nbsp;<\/p>\n<p>&nbsp;<\/p>\n","protected":false},"excerpt":{"rendered":"<p>Resumen.\u00a0Los psiquiatras espa\u00f1oles de principios del siglo XX desempe\u00f1aron un papel principal en la apertura de la psiquiatr\u00eda a nuevas teor\u00edas y corrientes m\u00e9dicas. El af\u00e1n por hacer de la ciencia espa\u00f1ola una disciplina de referencia integr\u00e1ndola en el movimiento de progreso europeo anim\u00f3 a varios psiquiatras y m\u00e9dicos a formarse en el extranjero y<a class=\"sup-readmore\" href=\"https:\/\/redhistoriapsi.mora.edu.mx\/?page_id=1606\" >Leer m\u00e1s&#8230;<\/a><\/p>\n","protected":false},"author":3,"featured_media":0,"parent":0,"menu_order":0,"comment_status":"open","ping_status":"open","template":"","meta":{"footnotes":""},"post_mailing_queue_ids":[],"_links":{"self":[{"href":"https:\/\/redhistoriapsi.mora.edu.mx\/index.php?rest_route=\/wp\/v2\/pages\/1606"}],"collection":[{"href":"https:\/\/redhistoriapsi.mora.edu.mx\/index.php?rest_route=\/wp\/v2\/pages"}],"about":[{"href":"https:\/\/redhistoriapsi.mora.edu.mx\/index.php?rest_route=\/wp\/v2\/types\/page"}],"author":[{"embeddable":true,"href":"https:\/\/redhistoriapsi.mora.edu.mx\/index.php?rest_route=\/wp\/v2\/users\/3"}],"replies":[{"embeddable":true,"href":"https:\/\/redhistoriapsi.mora.edu.mx\/index.php?rest_route=%2Fwp%2Fv2%2Fcomments&post=1606"}],"version-history":[{"count":2,"href":"https:\/\/redhistoriapsi.mora.edu.mx\/index.php?rest_route=\/wp\/v2\/pages\/1606\/revisions"}],"predecessor-version":[{"id":3456,"href":"https:\/\/redhistoriapsi.mora.edu.mx\/index.php?rest_route=\/wp\/v2\/pages\/1606\/revisions\/3456"}],"wp:attachment":[{"href":"https:\/\/redhistoriapsi.mora.edu.mx\/index.php?rest_route=%2Fwp%2Fv2%2Fmedia&parent=1606"}],"curies":[{"name":"wp","href":"https:\/\/api.w.org\/{rel}","templated":true}]}}