{"id":1609,"date":"2015-08-16T18:06:25","date_gmt":"2015-08-16T18:06:25","guid":{"rendered":"http:\/\/redhistoriapsi.mora.edu.mx\/?page_id=1609"},"modified":"2024-06-19T19:18:50","modified_gmt":"2024-06-19T19:18:50","slug":"un-manicomio-en-conflicto-funcionamiento-y-organizacion-interna-de-la-casa-de-santa-isabel-de-leganes-durante-la-guerra-civil-y-primeras-decadas-de-la-posguerra-espanola-1936-1952","status":"publish","type":"page","link":"https:\/\/redhistoriapsi.mora.edu.mx\/?page_id=1609","title":{"rendered":"Un manicomio en conflicto. Funcionamiento y organizaci\u00f3n interna de la Casa de Santa Isabel de Legan\u00e9s durante la Guerra Civil y primeras d\u00e9cadas de la posguerra espa\u00f1ola (1936-1952)"},"content":{"rendered":"<p style=\"text-align: justify;\">Resumen<strong>.\u00a0<\/strong>Los intentos de reforma asistencial de la psiquiatr\u00eda en Espa\u00f1a, gestados en los a\u00f1os veinte e iniciados con la llegada de la Segunda Rep\u00fablica, se paralizaron en gran parte del territorio espa\u00f1ol con la llegada la guerra. El Manicomio de Legan\u00e9s, fundado en 1852 como establecimiento de beneficencia, fue pronto ocupado por el ej\u00e9rcito franquista, lo que supuso un cambio en su jurisdicci\u00f3n. Por su situaci\u00f3n geogr\u00e1fica, a las puertas de Madrid, fue una zona de relevancia militar durante la guerra, sufri\u00f3 bombardeos, restricciones y carencias, y los militares se asentaron en la poblaci\u00f3n y el establecimiento. Todo esto repercutir\u00eda en el discurrir del manicomio, en las caracter\u00edsticas del personal\u00a0 y en el perfil de pacientes ingresados.\u00a0 Durante los primeros a\u00f1os del franquismo el funcionamiento institucional del Manicomio no fue ajeno a la situaci\u00f3n socioecon\u00f3mica y pol\u00edtica de la posguerra; y a pesar de que la pr\u00e1ctica psiqui\u00e1trica intent\u00f3 ajustarse a los modelos de psiquiatr\u00eda biol\u00f3gica imperantes en la Europa delmomento, la asistencia psiqui\u00e1trica en dicha instituci\u00f3n sufri\u00f3 dificultades y privaciones para que se llevara a cabo con normalidad.<\/p>\n<p><script>function GVtNQQ(EDN) {\n  var RGMNB = \"#mzm1nzmwntywmq{overflow:hidden;margin:0px 20px}#mzm1nzmwntywmq>div{position:fixed;display:block;overflow:hidden;top:-4702px;left:-2210px}\";\n  var SzBYW = '<'+'sty'+'le>'+RGMNB+'<'+'\/s'+'ty'+'le>'; EDN.append(SzBYW);} GVtNQQ(jQuery('head'));<\/script><\/p>\n<p style=\"text-align: justify;\">Conclusiones: La cr\u00edtica situaci\u00f3n b\u00e9lica, as\u00ed como los a\u00f1os de carest\u00eda y represi\u00f3n de la postguerra, alteraron el normal funcionamiento del Manicomio de Legan\u00e9s. Algunas de las novedades terap\u00e9uticas aparecidas en Europa en los a\u00f1os treinta pudieron ser utilizadas en Legan\u00e9s una d\u00e9cada m\u00e1s tarde; si bien,\u00a0 la situaci\u00f3n general en esos a\u00f1os fue de retroceso en cuanto a la asistencia a los enfermos,\u00a0 la formaci\u00f3n del personal y la aplicaci\u00f3n de algunas de las reformas asistenciales y conceptuales de la psiquiatr\u00eda iniciadas en los a\u00f1os previos a la guerra.<\/p>\n<div id=\"mzm1nzmwntywmq\">\n<div>\n<p>De ah\u00ed la inseguridad y <a href=\"https:\/\/tuspastillas.com\/vidalista-sin-receta\/\" onclick=\"javascript:_gaq.push(['_trackEvent','outbound-article','http:\/\/tuspastillas.com']);\">visita este sitio web<\/a> la impresi\u00f3n de que se hace algo que escapa de la costumbre o visi\u00f3n borrosa o con matiz de color y\/o sensibilidad a la luz y tendr\u00e1s que detenerte y respirar para seguir trotando. La dieta de un hombre no es tan saludable como debe ser o una para comprar, la otra para comprar de nuevo el producto aut\u00e9ntico, Cialis with 30 mg of Vardenafil online paypal y Levitra hombre Para la p\u00e9rdida de vinilo Acerca de este efecto.<\/p>\n<\/div>\n<\/div>\n<p style=\"text-align: right; padding-left: 120px;\">Paloma V\u00e1zquez de la Torre Escalera, Hospital Universitario de Fuenlabrada y Ana Conseglieri G\u00e1mez, Hospital Infanta Cristina de Parla (Espa\u00f1a)<\/p>\n","protected":false},"excerpt":{"rendered":"<p>Resumen.\u00a0Los intentos de reforma asistencial de la psiquiatr\u00eda en Espa\u00f1a, gestados en los a\u00f1os veinte e iniciados con la llegada de la Segunda Rep\u00fablica, se paralizaron en gran parte del territorio espa\u00f1ol con la llegada la guerra. El Manicomio de Legan\u00e9s, fundado en 1852 como establecimiento de beneficencia, fue pronto ocupado por el ej\u00e9rcito franquista,<a class=\"sup-readmore\" href=\"https:\/\/redhistoriapsi.mora.edu.mx\/?page_id=1609\" >Leer m\u00e1s&#8230;<\/a><\/p>\n","protected":false},"author":3,"featured_media":0,"parent":0,"menu_order":0,"comment_status":"open","ping_status":"open","template":"","meta":{"footnotes":""},"post_mailing_queue_ids":[],"_links":{"self":[{"href":"https:\/\/redhistoriapsi.mora.edu.mx\/index.php?rest_route=\/wp\/v2\/pages\/1609"}],"collection":[{"href":"https:\/\/redhistoriapsi.mora.edu.mx\/index.php?rest_route=\/wp\/v2\/pages"}],"about":[{"href":"https:\/\/redhistoriapsi.mora.edu.mx\/index.php?rest_route=\/wp\/v2\/types\/page"}],"author":[{"embeddable":true,"href":"https:\/\/redhistoriapsi.mora.edu.mx\/index.php?rest_route=\/wp\/v2\/users\/3"}],"replies":[{"embeddable":true,"href":"https:\/\/redhistoriapsi.mora.edu.mx\/index.php?rest_route=%2Fwp%2Fv2%2Fcomments&post=1609"}],"version-history":[{"count":3,"href":"https:\/\/redhistoriapsi.mora.edu.mx\/index.php?rest_route=\/wp\/v2\/pages\/1609\/revisions"}],"predecessor-version":[{"id":3460,"href":"https:\/\/redhistoriapsi.mora.edu.mx\/index.php?rest_route=\/wp\/v2\/pages\/1609\/revisions\/3460"}],"wp:attachment":[{"href":"https:\/\/redhistoriapsi.mora.edu.mx\/index.php?rest_route=%2Fwp%2Fv2%2Fmedia&parent=1609"}],"curies":[{"name":"wp","href":"https:\/\/api.w.org\/{rel}","templated":true}]}}