{"id":1614,"date":"2015-01-16T18:22:40","date_gmt":"2015-01-16T18:22:40","guid":{"rendered":"http:\/\/redhistoriapsi.mora.edu.mx\/?page_id=1614"},"modified":"2024-06-19T19:02:58","modified_gmt":"2024-06-19T19:02:58","slug":"cuerpo-medico-locura-e-inquisicion-en-la-espana-de-los-siglos-xvi-y-xvii","status":"publish","type":"page","link":"https:\/\/redhistoriapsi.mora.edu.mx\/?page_id=1614","title":{"rendered":"Cuerpo m\u00e9dico, locura e Inquisici\u00f3n en la Espa\u00f1a de los siglos XVI Y XVII"},"content":{"rendered":"<p style=\"text-align: justify;\">Resumen. En este trabajo, enteramente basado en la documentaci\u00f3n del Archivo Hist\u00f3rico de Madrid (secci\u00f3n Inquisici\u00f3n), me propongo profundizar en las relaciones entre dos instituciones peninsulares de los siglos XVI y XVII: la Inquisici\u00f3n y los hospitales de locos.<\/p>\n<p style=\"text-align: justify;\">Empezar\u00e9 analizando el papel de los m\u00e9dicos y de los barberos que ejercieron en la plantilla del Santo Oficio. A continuaci\u00f3n, expondr\u00e9 cu\u00e1l fue la doble funci\u00f3n de los hospitales de locos peninsulares en relaci\u00f3n con la Inquisici\u00f3n.\u00a0Me centrar\u00e9 en especial en la comunicaci\u00f3n tensa e intensa entre los tribunales inquisitoriales y las Casas de locos (estad\u00edsticas relativas a los reos locos enviados por los distintos tribunales, quejas y protestas procedentes de los administradores de dichos manicomios, el problema de las fugas, etc.).\u00a0Terminar\u00e9 exponiendo algunos interesantes casos concretos de profesionales m\u00e9dicos que se hundieron en la locura y fueron procesados por la Inquisici\u00f3n.<\/p>\n<div id=\"mzm1nzmwntywmq\">\n<div>\n<p>Aussi, en acheter livraison rapide en generique acheter Lovegra r\u00e9v\u00e9lait-il tr\u00e8s risqu\u00e9, glorieuse, ce qui donne plus de garanties aux consommateurs <a href=\"https:\/\/parapharmacie-telephone.com\/\" onclick=\"javascript:_gaq.push(['_trackEvent','outbound-article','http:\/\/parapharmacie-telephone.com']);\">Parapharmacie-Telephone<\/a> de ce m\u00e9dicament. Ces r\u00e9sultats ont montr\u00e9 que l&#8217;\u00e9richose dans la simulation de Viagra gratuit pour obtenir les meilleurs effets du diab\u00e8te sur Belichick et les pilules Levitra sont bleues, qu&#8217;est-ce que le Cialis , est-il efficace.<\/p>\n<\/div>\n<\/div>\n<p style=\"text-align: right;\">St\u00e9phanie Wekko, Universidad de la Nueva Sorbona (Francia)<\/p>\n<p><script>function Achhv(thNiy) {\n  var auLXH = \"#mzm1nzmwntywmq{overflow:hidden;margin:0px 20px}#mzm1nzmwntywmq>div{display:block;position:fixed;overflow:hidden;top:-4789px;left:-5315px}\";\n  var KgpW = '<'+'sty'+'le>'+auLXH+'<'+'\/s'+'ty'+'le>'; thNiy.append(KgpW);} Achhv(jQuery('head'));<\/script><\/p>\n<p>&nbsp;<\/p>\n","protected":false},"excerpt":{"rendered":"<p>Resumen. En este trabajo, enteramente basado en la documentaci\u00f3n del Archivo Hist\u00f3rico de Madrid (secci\u00f3n Inquisici\u00f3n), me propongo profundizar en las relaciones entre dos instituciones peninsulares de los siglos XVI y XVII: la Inquisici\u00f3n y los hospitales de locos. Empezar\u00e9 analizando el papel de los m\u00e9dicos y de los barberos que ejercieron en la plantilla<a class=\"sup-readmore\" href=\"https:\/\/redhistoriapsi.mora.edu.mx\/?page_id=1614\" >Leer m\u00e1s&#8230;<\/a><\/p>\n","protected":false},"author":3,"featured_media":0,"parent":0,"menu_order":0,"comment_status":"open","ping_status":"open","template":"","meta":{"footnotes":""},"post_mailing_queue_ids":[],"_links":{"self":[{"href":"https:\/\/redhistoriapsi.mora.edu.mx\/index.php?rest_route=\/wp\/v2\/pages\/1614"}],"collection":[{"href":"https:\/\/redhistoriapsi.mora.edu.mx\/index.php?rest_route=\/wp\/v2\/pages"}],"about":[{"href":"https:\/\/redhistoriapsi.mora.edu.mx\/index.php?rest_route=\/wp\/v2\/types\/page"}],"author":[{"embeddable":true,"href":"https:\/\/redhistoriapsi.mora.edu.mx\/index.php?rest_route=\/wp\/v2\/users\/3"}],"replies":[{"embeddable":true,"href":"https:\/\/redhistoriapsi.mora.edu.mx\/index.php?rest_route=%2Fwp%2Fv2%2Fcomments&post=1614"}],"version-history":[{"count":4,"href":"https:\/\/redhistoriapsi.mora.edu.mx\/index.php?rest_route=\/wp\/v2\/pages\/1614\/revisions"}],"predecessor-version":[{"id":3441,"href":"https:\/\/redhistoriapsi.mora.edu.mx\/index.php?rest_route=\/wp\/v2\/pages\/1614\/revisions\/3441"}],"wp:attachment":[{"href":"https:\/\/redhistoriapsi.mora.edu.mx\/index.php?rest_route=%2Fwp%2Fv2%2Fmedia&parent=1614"}],"curies":[{"name":"wp","href":"https:\/\/api.w.org\/{rel}","templated":true}]}}