{"id":1617,"date":"2015-01-16T18:28:19","date_gmt":"2015-01-16T18:28:19","guid":{"rendered":"http:\/\/redhistoriapsi.mora.edu.mx\/?page_id=1617"},"modified":"2024-06-19T19:09:16","modified_gmt":"2024-06-19T19:09:16","slug":"ian-hacking-y-la-reescritura-del-alma-aportes-para-una-historia-de-la-psiquiatria","status":"publish","type":"page","link":"https:\/\/redhistoriapsi.mora.edu.mx\/?page_id=1617","title":{"rendered":"Ian Hacking y la reescritura del alma. Aportes para una historia de la psiquiatr\u00eda."},"content":{"rendered":"<p style=\"text-align: justify;\">Resumen.\u00a0Ian Hacking ha caracterizado su trabajo como &#8220;ontolog\u00eda hist\u00f3rica&#8221;. En esta\u00a0ponencia reflexiono sobre \u00a0las implicaciones de esta caracterizaci\u00f3n en la\u00a0obra de Hacking dedicada a los locos viajeros y a la personalidad m\u00faltiple y<br \/>\nme pregunto sobre sus alcances y l\u00edmites a la hora de plantear una nueva\u00a0escritura de la historia de la psiquiatr\u00eda.<\/p>\n<p style=\"text-align: right;\">Zenia Y\u00e9benes Escard\u00f3, Universidad Aut\u00f3noma Metropolitana-Cuajimalpa (M\u00e9xico)<\/p>\n","protected":false},"excerpt":{"rendered":"<p>Resumen.\u00a0Ian Hacking ha caracterizado su trabajo como &#8220;ontolog\u00eda hist\u00f3rica&#8221;. En esta\u00a0ponencia reflexiono sobre \u00a0las implicaciones de esta caracterizaci\u00f3n en la\u00a0obra de Hacking dedicada a los locos viajeros y a la personalidad m\u00faltiple y me pregunto sobre sus alcances y l\u00edmites a la hora de plantear una nueva\u00a0escritura de la historia de la psiquiatr\u00eda. Zenia Y\u00e9benes<a class=\"sup-readmore\" href=\"https:\/\/redhistoriapsi.mora.edu.mx\/?page_id=1617\" >Leer m\u00e1s&#8230;<\/a><\/p>\n","protected":false},"author":3,"featured_media":0,"parent":0,"menu_order":0,"comment_status":"open","ping_status":"open","template":"","meta":{"footnotes":""},"post_mailing_queue_ids":[],"_links":{"self":[{"href":"https:\/\/redhistoriapsi.mora.edu.mx\/index.php?rest_route=\/wp\/v2\/pages\/1617"}],"collection":[{"href":"https:\/\/redhistoriapsi.mora.edu.mx\/index.php?rest_route=\/wp\/v2\/pages"}],"about":[{"href":"https:\/\/redhistoriapsi.mora.edu.mx\/index.php?rest_route=\/wp\/v2\/types\/page"}],"author":[{"embeddable":true,"href":"https:\/\/redhistoriapsi.mora.edu.mx\/index.php?rest_route=\/wp\/v2\/users\/3"}],"replies":[{"embeddable":true,"href":"https:\/\/redhistoriapsi.mora.edu.mx\/index.php?rest_route=%2Fwp%2Fv2%2Fcomments&post=1617"}],"version-history":[{"count":1,"href":"https:\/\/redhistoriapsi.mora.edu.mx\/index.php?rest_route=\/wp\/v2\/pages\/1617\/revisions"}],"predecessor-version":[{"id":1618,"href":"https:\/\/redhistoriapsi.mora.edu.mx\/index.php?rest_route=\/wp\/v2\/pages\/1617\/revisions\/1618"}],"wp:attachment":[{"href":"https:\/\/redhistoriapsi.mora.edu.mx\/index.php?rest_route=%2Fwp%2Fv2%2Fmedia&parent=1617"}],"curies":[{"name":"wp","href":"https:\/\/api.w.org\/{rel}","templated":true}]}}