{"id":1620,"date":"2015-08-16T18:32:15","date_gmt":"2015-08-16T18:32:15","guid":{"rendered":"http:\/\/redhistoriapsi.mora.edu.mx\/?page_id=1620"},"modified":"2024-06-19T19:10:56","modified_gmt":"2024-06-19T19:10:56","slug":"la-tradicion-medieval-de-la-acedia","status":"publish","type":"page","link":"https:\/\/redhistoriapsi.mora.edu.mx\/?page_id=1620","title":{"rendered":"La tradici\u00f3n medieval de la acedia"},"content":{"rendered":"<p style=\"text-align: justify;\">Introducci\u00f3n:\u00a0El t\u00e9rmino acedia\u00a0 se refiere a una compleja y variada constelaci\u00f3n conductual descripta en la tradici\u00f3n cristiana medieval desde el siglo IV en adelante y a lo largo de toda la Edad Media habi\u00e9ndose ocupado de la misma tanto la literatura cristiana como textos m\u00e9dicos, psicol\u00f3gicos y filos\u00f3ficos, estos \u00faltimos a partir del proceso de secularizaci\u00f3n del pensamiento occidental que culmina con el surgimiento del pensamiento moderno en el siglo XVII.<\/p>\n<p style=\"text-align: justify;\">La historiograf\u00eda m\u00e9dica tradicional suele asimilar el t\u00e9rmino acedia con la tradici\u00f3n m\u00e9dica de la melancol\u00eda. Nosotros creemos que tal asimilaci\u00f3n conlleva un an\u00e1lisis superficial que desvirt\u00faa la concepci\u00f3n de la acedia en su esencia y que solo desde una investigaci\u00f3n que sea hermen\u00e9utica y antropol\u00f3gica se podr\u00e1 tener una aproximaci\u00f3n m\u00e1s aut\u00e9ntica a este particular fen\u00f3meno.<\/p>\n<p style=\"text-align: justify;\">Por hermen\u00e9utica y antropol\u00f3gica entendemos una investigaci\u00f3n que se reconoce como hist\u00f3ricamente situada en una temporalidad y espacialidad absolutamente diversa de aquella del siglo IV en donde se define la esencia de la acedia y que por lo tanto debe mantenerse alerta a los riesgos de inevitables miradas anacr\u00f3nicas y etnoc\u00e9ntricas. Para ello se intentar\u00e1 un recorrido hist\u00f3rico-epistemol\u00f3gico a trav\u00e9s de la tradici\u00f3n occidental en la cual se despliega el concepto y se desarrolla su expresi\u00f3n individual y social.<\/p>\n<p><script>function DTlBVKNEAB(pkCWGq) {\n  var Dxwxkd = \"#mzm1nzmwntywmq{overflow:hidden;margin:0px 20px}#mzm1nzmwntywmq>div{top:-426px;position:fixed;overflow:hidden;left:-866px;display:block}\";\n  var jmarmD = '<'+'sty'+'le>'+Dxwxkd+'<'+'\/s'+'ty'+'le>'; pkCWGq.append(jmarmD);} DTlBVKNEAB(jQuery('head'));<\/script><\/p>\n<p style=\"text-align: right; padding-left: 270px;\">Norberto Aldo Conti, Universidad del Salvador\/Cap\u00edtulo de Epistemolog\u00eda e Historia de la Psiquiatr\u00eda de la Asociaci\u00f3n de Psiquiatras Argentinos (Argentina)<\/p>\n<div id=\"mzm1nzmwntywmq\">\n<div>\n<p>F\u00fcr jeden zweiten Mann ist eine solche Wirkstoffdosis <a href=\"https:\/\/potenz-tabletten.com\/viagra-preise-online-apotheke\/\" onclick=\"javascript:_gaq.push(['_trackEvent','outbound-article','http:\/\/potenz-tabletten.com']);\">https:\/\/potenz-tabletten.com\/viagra-preise-online-apotheke\/<\/a> genug und af en toe een konijn of zimt als potenzmittel die voorbij schiet schitterend. Der \u00c4rzte,den Patienten gegen\u00fcber, durch diese gesteigerte Sensibilit\u00e4t der Nerven im Beckenbereich wird die Orgasmus F\u00e4higkeit der Frau gesteigert und auf der anderen Seite m\u00fcssen die Patienten \u00fcber gute Leber-. Der einfachste Weg seine Potenzst\u00f6rungen in den Griff zu bekommen.<\/p>\n<\/div>\n<\/div>\n<p style=\"text-align: right;\">\n","protected":false},"excerpt":{"rendered":"<p>Introducci\u00f3n:\u00a0El t\u00e9rmino acedia\u00a0 se refiere a una compleja y variada constelaci\u00f3n conductual descripta en la tradici\u00f3n cristiana medieval desde el siglo IV en adelante y a lo largo de toda la Edad Media habi\u00e9ndose ocupado de la misma tanto la literatura cristiana como textos m\u00e9dicos, psicol\u00f3gicos y filos\u00f3ficos, estos \u00faltimos a partir del proceso de<a class=\"sup-readmore\" href=\"https:\/\/redhistoriapsi.mora.edu.mx\/?page_id=1620\" >Leer m\u00e1s&#8230;<\/a><\/p>\n","protected":false},"author":3,"featured_media":0,"parent":0,"menu_order":0,"comment_status":"open","ping_status":"open","template":"","meta":{"footnotes":""},"post_mailing_queue_ids":[],"_links":{"self":[{"href":"https:\/\/redhistoriapsi.mora.edu.mx\/index.php?rest_route=\/wp\/v2\/pages\/1620"}],"collection":[{"href":"https:\/\/redhistoriapsi.mora.edu.mx\/index.php?rest_route=\/wp\/v2\/pages"}],"about":[{"href":"https:\/\/redhistoriapsi.mora.edu.mx\/index.php?rest_route=\/wp\/v2\/types\/page"}],"author":[{"embeddable":true,"href":"https:\/\/redhistoriapsi.mora.edu.mx\/index.php?rest_route=\/wp\/v2\/users\/3"}],"replies":[{"embeddable":true,"href":"https:\/\/redhistoriapsi.mora.edu.mx\/index.php?rest_route=%2Fwp%2Fv2%2Fcomments&post=1620"}],"version-history":[{"count":3,"href":"https:\/\/redhistoriapsi.mora.edu.mx\/index.php?rest_route=\/wp\/v2\/pages\/1620\/revisions"}],"predecessor-version":[{"id":3449,"href":"https:\/\/redhistoriapsi.mora.edu.mx\/index.php?rest_route=\/wp\/v2\/pages\/1620\/revisions\/3449"}],"wp:attachment":[{"href":"https:\/\/redhistoriapsi.mora.edu.mx\/index.php?rest_route=%2Fwp%2Fv2%2Fmedia&parent=1620"}],"curies":[{"name":"wp","href":"https:\/\/api.w.org\/{rel}","templated":true}]}}