{"id":1631,"date":"2015-01-21T16:15:11","date_gmt":"2015-01-21T16:15:11","guid":{"rendered":"http:\/\/redhistoriapsi.mora.edu.mx\/?page_id=1631"},"modified":"2024-06-19T19:15:24","modified_gmt":"2024-06-19T19:15:24","slug":"la-paralizacion-del-proceso-de-formacion-de-enfermeros-psiquiatricos-durante-la-posguerra-espanola","status":"publish","type":"page","link":"https:\/\/redhistoriapsi.mora.edu.mx\/?page_id=1631","title":{"rendered":"La paralizaci\u00f3n del proceso de formaci\u00f3n de \u201cenfermeros psiqui\u00e1tricos\u201d durante la posguerra espa\u00f1ola"},"content":{"rendered":"<p style=\"text-align: justify;\">Res\u00famen: Las primeras d\u00e9cadas del siglo XX supusieron un avance legislativo en la profesionalizaci\u00f3n de los cuidados a los enfermos mentales en Espa\u00f1a, surgido en el contexto de las reformas sanitarias republicanas. El Consejo Superior Psiqui\u00e1trico presidido por Gonzalo Rodr\u00edguez Lafora, impuls\u00f3 la formaci\u00f3n del personal sanitario y el 20 de mayo de 1932 se legislaron los requisitos para la obtenci\u00f3n del diploma de \u00abEnfermero Psiqui\u00e1trico\u00bb. Como consecuencia de esta nueva legislaci\u00f3n, durante la Segunda Rep\u00fablica, se celebraron cursos y se publicaron diferentes manuales para la formaci\u00f3n del personal subalterno de los establecimientos psiqui\u00e1tricos p\u00fablicos y privados. A pesar de la guerra civil, se mantuvieron algunas iniciativas de profesionalizaci\u00f3n como la Escuela de enfermeros psiqui\u00e1tricos de la Casa de Salud Valdecilla (Santander), donde se public\u00f3 la <em>Asistencia al enfermo mental <\/em>(1937).<\/p>\n<p style=\"text-align: justify;\">El objetivo de este trabajo es analizar la interrupci\u00f3n del incipiente proceso de profesionalizaci\u00f3n durante el periodo de la autarqu\u00eda franquista. Utilizando algunas fuentes de archivo, la <em>Gaceta de Madrid<\/em>, diversos manuales de formaci\u00f3n para enfermeros y bibliograf\u00eda secundaria se trata de conocer las iniciativas formativas para el personal a cargo del cuidado de enfermos mentales que tuvieron lugar en el periodo de posguerra.<\/p>\n<p style=\"text-align: justify;\">La discusi\u00f3n plantea que no se favoreci\u00f3 la continuaci\u00f3n del proceso comenzado antes de la guerra civil y que fue necesario esperar una d\u00e9cada para que se retomara oficialmente la formaci\u00f3n de la enfermer\u00eda. Si bien en junio de 1949 se edit\u00f3 una circular dirigida a la obtenci\u00f3n del diploma de enfermero psiqui\u00e1trico, la escasez de estructuras organizativas como asociaciones u \u00f3rganos de expresi\u00f3n espec\u00edficos y la escasez de personal cualificado en las instituciones psiqui\u00e1tricas, no ha permitido la consolidaci\u00f3n de la especialidad de \u201cenfermer\u00eda en salud mental\u201d hasta muchas d\u00e9cadas despu\u00e9s.<\/p>\n<p style=\"text-align: right;\">\u00a0Olga Villasante, \u00a0Hospital Universitario Severo Ochoa \u00a0(Espa\u00f1a)<\/p>\n","protected":false},"excerpt":{"rendered":"<p>Res\u00famen: Las primeras d\u00e9cadas del siglo XX supusieron un avance legislativo en la profesionalizaci\u00f3n de los cuidados a los enfermos mentales en Espa\u00f1a, surgido en el contexto de las reformas sanitarias republicanas. El Consejo Superior Psiqui\u00e1trico presidido por Gonzalo Rodr\u00edguez Lafora, impuls\u00f3 la formaci\u00f3n del personal sanitario y el 20 de mayo de 1932 se<a class=\"sup-readmore\" href=\"https:\/\/redhistoriapsi.mora.edu.mx\/?page_id=1631\" >Leer m\u00e1s&#8230;<\/a><\/p>\n","protected":false},"author":3,"featured_media":0,"parent":0,"menu_order":0,"comment_status":"open","ping_status":"open","template":"","meta":{"footnotes":""},"post_mailing_queue_ids":[],"_links":{"self":[{"href":"https:\/\/redhistoriapsi.mora.edu.mx\/index.php?rest_route=\/wp\/v2\/pages\/1631"}],"collection":[{"href":"https:\/\/redhistoriapsi.mora.edu.mx\/index.php?rest_route=\/wp\/v2\/pages"}],"about":[{"href":"https:\/\/redhistoriapsi.mora.edu.mx\/index.php?rest_route=\/wp\/v2\/types\/page"}],"author":[{"embeddable":true,"href":"https:\/\/redhistoriapsi.mora.edu.mx\/index.php?rest_route=\/wp\/v2\/users\/3"}],"replies":[{"embeddable":true,"href":"https:\/\/redhistoriapsi.mora.edu.mx\/index.php?rest_route=%2Fwp%2Fv2%2Fcomments&post=1631"}],"version-history":[{"count":1,"href":"https:\/\/redhistoriapsi.mora.edu.mx\/index.php?rest_route=\/wp\/v2\/pages\/1631\/revisions"}],"predecessor-version":[{"id":1632,"href":"https:\/\/redhistoriapsi.mora.edu.mx\/index.php?rest_route=\/wp\/v2\/pages\/1631\/revisions\/1632"}],"wp:attachment":[{"href":"https:\/\/redhistoriapsi.mora.edu.mx\/index.php?rest_route=%2Fwp%2Fv2%2Fmedia&parent=1631"}],"curies":[{"name":"wp","href":"https:\/\/api.w.org\/{rel}","templated":true}]}}