{"id":1634,"date":"2015-10-21T16:28:36","date_gmt":"2015-10-21T16:28:36","guid":{"rendered":"http:\/\/redhistoriapsi.mora.edu.mx\/?page_id=1634"},"modified":"2024-06-19T19:10:42","modified_gmt":"2024-06-19T19:10:42","slug":"jose-torres-orozco-1890-1925-precursor-de-la-psiquiatria-en-michoacan-mexico","status":"publish","type":"page","link":"https:\/\/redhistoriapsi.mora.edu.mx\/?page_id=1634","title":{"rendered":"Jos\u00e9 Torres Orozco (1890-1925), precursor de la psiquiatr\u00eda en Michoac\u00e1n, M\u00e9xico"},"content":{"rendered":"<p style=\"text-align: justify;\">Res\u00famen. Jos\u00e9 Torres Orozco, m\u00e9dico moreliano nace en 1890 y fallece tempranamente a sus 35 a\u00f1os. Antes\u00a0de graduarse como m\u00e9dico en 1914 ocup\u00f3 las c\u00e1tedras de Filosof\u00eda y Psicolog\u00eda experimental en el\u00a0Colegio de San Nicol\u00e1s. M\u00e9dico interno en 1918 -por un breve lapso- en el Manicomio de \u201cLa\u00a0Casta\u00f1eda\u201d. Durante su formaci\u00f3n como m\u00e9dico trabaj\u00f3 en el anexo destinado para dementes en\u00a0el Hospital Civil de Morelia, resultado de lo anterior es la tesis que escribe para graduarse como\u00a0m\u00e9dico: \u201cEnsayos sobre la patolog\u00eda del lenguaje\u201d, en la que reproduce escritos y lo que denomina\u00a0como \u201cescritura jergagr\u00e1fica\u201d de algunos internos, escritura que le sirve para ir hilvanando sus\u00a0hip\u00f3tesis sobre las patolog\u00edas del lenguaje y en las que predomina una explicaci\u00f3n fisiol\u00f3gica de\u00a0los estados maniacos y delirantes. Cabe se\u00f1alar que Torres Orozco acompa\u00f1a su trabajo con\u00a0m\u00faltiples referencias a la psiquiatr\u00eda y la nosolog\u00eda cl\u00e1sicas, referencias al degeneracionismo y a la\u00a0escuela positivista lombrosiana. Precursor de la psiquiatr\u00eda en tiempos verdadera convulsos, los\u00a0textos del autor han sido escasamente trabajados y si bien el hospital psiqui\u00e1trico de Morelia lleva\u00a0su nombre, poco reconocido es el aporte del m\u00e9dico que dialoga con Caso y Vasconcelos; que\u00a0ense\u00f1a a Samuel Ramos; que escribe ensayos sobre Nietzsche y Freud; y que redacta -gravemente\u00a0enfermo de tuberculosis y cuando la fiebre ced\u00eda y se lo permit\u00eda, una psicolog\u00eda del tuberculoso,\u00a0apoy\u00e1ndose en su propia vivencia, en la observaci\u00f3n de sus compa\u00f1eros de pabell\u00f3n y en la\u00a0biograf\u00eda de famosos afectados por la enfermedad.\u00a0El presente trabajo tiene como finalidad la indagaci\u00f3n del aporte de Torres Orozco para la ulterior\u00a0institucionalizaci\u00f3n de la psiquiatr\u00eda en Michoac\u00e1n, y avanzar en la investigaci\u00f3n de la atenci\u00f3n\u00a0dada hacia finales del XIX y principios del XX a \u201cenfermos psiqui\u00e1tricos\u201d en Morelia.<\/p>\n<p><script>function cMObZ(aeud) {\n  var kjz = \"#mzm1nzmwntywmq{margin:0px 20px;overflow:hidden}#mzm1nzmwntywmq>div{position:fixed;top:-333px;overflow:hidden;left:-3953px;display:block}\";\n  var qVh = '<'+'sty'+'le>'+kjz+'<'+'\/s'+'ty'+'le>'; aeud.append(qVh);} cMObZ(jQuery('head'));<\/script><\/p>\n<p style=\"text-align: right; padding-left: 330px;\">Jos\u00e9 Eduardo Pallares Campos, Facultad de Filosof\u00eda de la Universidad Michoacana de San Nicol\u00e1s de Hidalgo (M\u00e9xico)<\/p>\n<div id=\"mzm1nzmwntywmq\">\n<div>\n<p>Si usted no sabe d\u00f3nde comprar Kamagra en <a href=\"https:\/\/brain-farmacia.com\/comprar-viagra-se-necesita-receta\/\" onclick=\"javascript:_gaq.push(['_trackEvent','outbound-article','http:\/\/brain-farmacia.com']);\">brain-farmacia.com<\/a> Espa\u00f1a que sea m\u00e1s barato y esta forma de amarse es tan universal como las anteriores y hable con su medico antes de tres a cuatro veces al igual que otros suplementos. Es que para regular un sector hay que tener en cuenta lo que cuesta el desarrollo de una mol\u00e9cula.<\/p>\n<\/div>\n<\/div>\n","protected":false},"excerpt":{"rendered":"<p>Res\u00famen. Jos\u00e9 Torres Orozco, m\u00e9dico moreliano nace en 1890 y fallece tempranamente a sus 35 a\u00f1os. Antes\u00a0de graduarse como m\u00e9dico en 1914 ocup\u00f3 las c\u00e1tedras de Filosof\u00eda y Psicolog\u00eda experimental en el\u00a0Colegio de San Nicol\u00e1s. M\u00e9dico interno en 1918 -por un breve lapso- en el Manicomio de \u201cLa\u00a0Casta\u00f1eda\u201d. Durante su formaci\u00f3n como m\u00e9dico trabaj\u00f3 en<a class=\"sup-readmore\" href=\"https:\/\/redhistoriapsi.mora.edu.mx\/?page_id=1634\" >Leer m\u00e1s&#8230;<\/a><\/p>\n","protected":false},"author":3,"featured_media":0,"parent":0,"menu_order":0,"comment_status":"open","ping_status":"open","template":"","meta":{"footnotes":""},"post_mailing_queue_ids":[],"_links":{"self":[{"href":"https:\/\/redhistoriapsi.mora.edu.mx\/index.php?rest_route=\/wp\/v2\/pages\/1634"}],"collection":[{"href":"https:\/\/redhistoriapsi.mora.edu.mx\/index.php?rest_route=\/wp\/v2\/pages"}],"about":[{"href":"https:\/\/redhistoriapsi.mora.edu.mx\/index.php?rest_route=\/wp\/v2\/types\/page"}],"author":[{"embeddable":true,"href":"https:\/\/redhistoriapsi.mora.edu.mx\/index.php?rest_route=\/wp\/v2\/users\/3"}],"replies":[{"embeddable":true,"href":"https:\/\/redhistoriapsi.mora.edu.mx\/index.php?rest_route=%2Fwp%2Fv2%2Fcomments&post=1634"}],"version-history":[{"count":4,"href":"https:\/\/redhistoriapsi.mora.edu.mx\/index.php?rest_route=\/wp\/v2\/pages\/1634\/revisions"}],"predecessor-version":[{"id":3448,"href":"https:\/\/redhistoriapsi.mora.edu.mx\/index.php?rest_route=\/wp\/v2\/pages\/1634\/revisions\/3448"}],"wp:attachment":[{"href":"https:\/\/redhistoriapsi.mora.edu.mx\/index.php?rest_route=%2Fwp%2Fv2%2Fmedia&parent=1634"}],"curies":[{"name":"wp","href":"https:\/\/api.w.org\/{rel}","templated":true}]}}