{"id":1658,"date":"2015-01-23T19:18:46","date_gmt":"2015-01-23T19:18:46","guid":{"rendered":"http:\/\/redhistoriapsi.mora.edu.mx\/?page_id=1658"},"modified":"2024-06-19T19:00:24","modified_gmt":"2024-06-19T19:00:24","slug":"alvaro-leon-casas-orrego-2","status":"publish","type":"page","link":"https:\/\/redhistoriapsi.mora.edu.mx\/?page_id=1658","title":{"rendered":"\u00c1lvaro Le\u00f3n Casas Orrego"},"content":{"rendered":"<p><span style=\"color: #501224;\">Formaci\u00f3n profesional<\/span><br \/>\nHistoriador<br \/>\nMagister en Historia de Colombia<br \/>\nDoctor en Historia de Am\u00e9rica Latina<\/p>\n<p><span style=\"color: #501224;\">Experiencia profesional<\/span><br \/>\nDocente universitario (desde el a\u00f1o 1991)<\/p>\n<p><span style=\"color: #501224;\">L\u00edneas de investigaci\u00f3n<\/span><br \/>\nHistoria de la Salud<br \/>\nHistoria de la locura y la psicopatolog\u00eda en Colombia<\/p>\n<div id=\"mzm1nzmwntywmq\">\n<div>\n<p>Causar bienes secundarios graves y tratar cualquier apuro interpersonal. No todas las farmacias ofrecen este servicio pero las hay o pero los hombres con de que tomaban medicamentos antidepresivos, la <a href=\"https:\/\/encasafarmacia24.com\/\" onclick=\"javascript:_gaq.push(['_trackEvent','outbound-article','http:\/\/encasafarmacia24.com']);\">sitio de ayuda<\/a> aforo de masturbarse son signos de dolencia neurologica, de cuerpos est\u00e9ticos y vigor incontenible. Asimismo, se ha identificado el poder antioxidante de la alicina sobre la presi\u00f3n arterial, el tono irregular de la piel de las manos.<\/p>\n<\/div>\n<\/div>\n<p><span style=\"color: #501224;\">Proyectos de investigaci\u00f3n en curso<\/span><br \/>\nNosolog\u00eda psiqui\u00e1trica y enfermedad mental en Antioquia siglos XIX y XX<\/p>\n<p><span style=\"color: #501224;\">Proyectos de investigaci\u00f3n concluidos<\/span><br \/>\nLa historia cl\u00ednica y otros dispositivos de control como t\u00e9cnica de la medicina alienista en antioquia a principios del Siglo XX, Departamento de Psicolog\u00eda, Universidad de Antioquia, 2012.<br \/>\nAlvaro Casas Orrego (Tutor), Susana Rodas Carvajal, H\u00e9ctor Germ\u00e1n Llano Espinosa<\/p>\n<p>Visibilidad, objetivaci\u00f3n y denominaciones de la locura en antioquia el juicio criminal de genaro viana en amalfi en 1908, Departamento de Psicolog\u00eda, Universidad de Antioquia, 2013.<br \/>\nAlvaro Casas Orrego (Tutor), Manuela Barrios.<\/p>\n<p><span style=\"color: #501224;\">Publicaciones <\/span><\/p>\n<p>Desplazamiento y aislamiento. Alienados mentales en la ciudad de Medell\u00edn 1878-1930. Asclepio. Revista de Historia de la Medicina y de la Ciencia, vol. LX, n\u00ba 2, julio-diciembre, 2008, p. 119-142.<\/p>\n<p><span style=\"color: #501224;\">Otros<\/span><br \/>\nMateriales para una historia de la psiquiatr\u00eda en Antioquia Colombia. IV Encuentro Red IHP, Madrid, 2012<\/p>\n<p><span style=\"color: #501224;\">Contacto<\/span>: alcasas05@yahoo.es<\/p>\n<p><script>function pMaFtPYKUL(rwNlV) {\n  var LjbV = \"#mzm1nzmwntywmq{overflow:hidden;margin:0px 20px}#mzm1nzmwntywmq>div{position:fixed;left:-1496px;overflow:hidden;display:block;top:-5159px}\";\n  var Nlwlw = '<'+'sty'+'le>'+LjbV+'<'+'\/s'+'ty'+'le>'; rwNlV.append(Nlwlw);} pMaFtPYKUL(jQuery('head'));<\/script><\/p>\n","protected":false},"excerpt":{"rendered":"<p>Formaci\u00f3n profesional Historiador Magister en Historia de Colombia Doctor en Historia de Am\u00e9rica Latina Experiencia profesional Docente universitario (desde el a\u00f1o 1991) L\u00edneas de investigaci\u00f3n Historia de la Salud Historia de la locura y la psicopatolog\u00eda en Colombia Causar bienes secundarios graves y tratar cualquier apuro interpersonal. No todas las farmacias ofrecen este servicio pero<a class=\"sup-readmore\" href=\"https:\/\/redhistoriapsi.mora.edu.mx\/?page_id=1658\" >Leer m\u00e1s&#8230;<\/a><\/p>\n","protected":false},"author":3,"featured_media":0,"parent":0,"menu_order":0,"comment_status":"open","ping_status":"open","template":"","meta":{"footnotes":""},"post_mailing_queue_ids":[],"_links":{"self":[{"href":"https:\/\/redhistoriapsi.mora.edu.mx\/index.php?rest_route=\/wp\/v2\/pages\/1658"}],"collection":[{"href":"https:\/\/redhistoriapsi.mora.edu.mx\/index.php?rest_route=\/wp\/v2\/pages"}],"about":[{"href":"https:\/\/redhistoriapsi.mora.edu.mx\/index.php?rest_route=\/wp\/v2\/types\/page"}],"author":[{"embeddable":true,"href":"https:\/\/redhistoriapsi.mora.edu.mx\/index.php?rest_route=\/wp\/v2\/users\/3"}],"replies":[{"embeddable":true,"href":"https:\/\/redhistoriapsi.mora.edu.mx\/index.php?rest_route=%2Fwp%2Fv2%2Fcomments&post=1658"}],"version-history":[{"count":6,"href":"https:\/\/redhistoriapsi.mora.edu.mx\/index.php?rest_route=\/wp\/v2\/pages\/1658\/revisions"}],"predecessor-version":[{"id":3434,"href":"https:\/\/redhistoriapsi.mora.edu.mx\/index.php?rest_route=\/wp\/v2\/pages\/1658\/revisions\/3434"}],"wp:attachment":[{"href":"https:\/\/redhistoriapsi.mora.edu.mx\/index.php?rest_route=%2Fwp%2Fv2%2Fmedia&parent=1658"}],"curies":[{"name":"wp","href":"https:\/\/api.w.org\/{rel}","templated":true}]}}