{"id":1844,"date":"2015-08-12T16:41:45","date_gmt":"2015-08-12T16:41:45","guid":{"rendered":"http:\/\/redhistoriapsi.mora.edu.mx\/?page_id=1844"},"modified":"2024-06-19T19:02:54","modified_gmt":"2024-06-19T19:02:54","slug":"1844-2","status":"publish","type":"page","link":"https:\/\/redhistoriapsi.mora.edu.mx\/?page_id=1844","title":{"rendered":"Cuando el sexo lleva a la locura"},"content":{"rendered":"<p><a href=\"https:\/\/redhistoriapsi.mora.edu.mx\/wp-content\/uploads\/2015\/08\/tesis-Alejandro-Giraldo.jpg\" ><img decoding=\"async\" loading=\"lazy\" class=\"alignleft size-full wp-image-1845\" src=\"https:\/\/redhistoriapsi.mora.edu.mx\/wp-content\/uploads\/2015\/08\/tesis-Alejandro-Giraldo.jpg\" alt=\"sexo lleva a la locura\" width=\"427\" height=\"324\" \/><\/a><span style=\"color: black;\">Giraldo Granada, <\/span><span style=\"color: black;\">Alejandro, &#8220;Cuando el sexo lleva a la locura. Diagn\u00f3stico y tratamiento de los pacientes con par\u00e1lisis general progresiva en el Manicomio General La Casta\u00f1eda, 1910-1968&#8221;,<\/span><i><span style=\"color: black;\">\u00a0<\/span><\/i><span style=\"color: black;\">T<\/span><span style=\"color: black;\">esis de Maestr\u00eda, Universidad nacional Aut\u00f2noma de M\u00e8xico, M\u00e9xico, 2015.\u00a0<\/span>\u00a0<a href=\"http:\/\/132.248.9.195\/ptd2015\/junio\/514350581\/Index.html\" onclick=\"javascript:_gaq.push(['_trackEvent','outbound-article','http:\/\/132.248.9.195']);\" target=\"_blank\" rel=\"noopener\">PDF completo<\/a><\/p>\n<p style=\"text-align: justify;\">Resumen:<br \/>\nLa par\u00e1lisis general progresiva, enfermedad mental que actualmente es poco conocida e inusual, se manifestaba entre los 10 y 20 a\u00f1os despu\u00e9s de haberse contra\u00eddo la infecci\u00f3n sifil\u00edtica, causando cuadros patol\u00f3gicos que no s\u00f3lo se observaban en el cerebro del enfermo, sino tambi\u00e9n en su cuerpo, en sus movimientos, e inclusive, despidiendo un olor tan fuerte, que algunos m\u00e9dicos aseguraban oler a estos enfermos cuadras antes de llegar a la instituci\u00f3n psiqui\u00e1trica. El objetivo central del texto es realizar un estudio hist\u00f3rico de la PGP como un problema cl\u00ednico psiqui\u00e1trico, abordando temas relacionados con la clasificaci\u00f3n nosol\u00f3gica, criterios cl\u00ednicos psiqui\u00e1tricos, diagn\u00f3sticos y modelos terap\u00e9uticos. Para ello tom\u00e9 como herramienta principal una base de datos que contiene informaci\u00f3n del 20% de los pacientes ingresados con esta enfermedad, tesis realizadas por los mismos m\u00e9dicos-psiquiatras, art\u00edculos de revistas m\u00e9dicas especializadas, adem\u00e1s de las historias cl\u00ednicas de estos enfermos que se encuentran en el Archivo Hist\u00f3rico de la Secretaria de Salud.<br \/>\nLa primera parte del texto es un breve an\u00e1lisis sobre la clasificaci\u00f3n nosol\u00f3gica de la PGP en los albores del siglo XIX franc\u00e9s. Posteriormente, se dar\u00e1 relevancia a la paulatina relaci\u00f3n de la PGP con la s\u00edfilis, pues este hallazgo signific\u00f3 una carga inmoral y de estigmatizaci\u00f3n hac\u00eda el paralitico y su familia. De all\u00ed, pasar\u00e9 a explicar el caso de un enfermo con PGP, esto con el objetivo de brindar un ejemplo claro del padecimiento, su evoluci\u00f3n, diagn\u00f3stico y medicaci\u00f3n. Seguido, abordar\u00e9 el estudio de la PGP en el Manicomio dividido en tres grandes momentos definidos por las caracter\u00edsticas demogr\u00e1ficas de estos pacientes en el establecimiento psiqui\u00e1trico, ello relacionado a temas de diagn\u00f3sticos, terap\u00e9uticas, aumento de entradas especialmente en las d\u00e9cadas de 1920 a 1930 y, finalmente, el descenso poblacional a partir de la d\u00e9cada de 1940. Esto \u00faltimo como consecuencia del uso de la penicilina para el tratamiento de la s\u00edfilis, antibi\u00f3tico que repercuti\u00f3 en la sucesiva eliminaci\u00f3n de esta enfermedad en el Manicomio.<\/p>\n","protected":false},"excerpt":{"rendered":"<p>Giraldo Granada, Alejandro, &#8220;Cuando el sexo lleva a la locura. Diagn\u00f3stico y tratamiento de los pacientes con par\u00e1lisis general progresiva en el Manicomio General La Casta\u00f1eda, 1910-1968&#8221;,\u00a0Tesis de Maestr\u00eda, Universidad nacional Aut\u00f2noma de M\u00e8xico, M\u00e9xico, 2015.\u00a0\u00a0PDF completo Resumen: La par\u00e1lisis general progresiva, enfermedad mental que actualmente es poco conocida e inusual, se manifestaba entre los<a class=\"sup-readmore\" href=\"https:\/\/redhistoriapsi.mora.edu.mx\/?page_id=1844\" >Leer m\u00e1s&#8230;<\/a><\/p>\n","protected":false},"author":3,"featured_media":0,"parent":0,"menu_order":0,"comment_status":"open","ping_status":"open","template":"","meta":{"footnotes":""},"post_mailing_queue_ids":[],"_links":{"self":[{"href":"https:\/\/redhistoriapsi.mora.edu.mx\/index.php?rest_route=\/wp\/v2\/pages\/1844"}],"collection":[{"href":"https:\/\/redhistoriapsi.mora.edu.mx\/index.php?rest_route=\/wp\/v2\/pages"}],"about":[{"href":"https:\/\/redhistoriapsi.mora.edu.mx\/index.php?rest_route=\/wp\/v2\/types\/page"}],"author":[{"embeddable":true,"href":"https:\/\/redhistoriapsi.mora.edu.mx\/index.php?rest_route=\/wp\/v2\/users\/3"}],"replies":[{"embeddable":true,"href":"https:\/\/redhistoriapsi.mora.edu.mx\/index.php?rest_route=%2Fwp%2Fv2%2Fcomments&post=1844"}],"version-history":[{"count":8,"href":"https:\/\/redhistoriapsi.mora.edu.mx\/index.php?rest_route=\/wp\/v2\/pages\/1844\/revisions"}],"predecessor-version":[{"id":3440,"href":"https:\/\/redhistoriapsi.mora.edu.mx\/index.php?rest_route=\/wp\/v2\/pages\/1844\/revisions\/3440"}],"wp:attachment":[{"href":"https:\/\/redhistoriapsi.mora.edu.mx\/index.php?rest_route=%2Fwp%2Fv2%2Fmedia&parent=1844"}],"curies":[{"name":"wp","href":"https:\/\/api.w.org\/{rel}","templated":true}]}}