{"id":1853,"date":"2015-08-12T17:02:55","date_gmt":"2015-08-12T17:02:55","guid":{"rendered":"http:\/\/redhistoriapsi.mora.edu.mx\/?page_id=1853"},"modified":"2024-06-19T19:03:51","modified_gmt":"2024-06-19T19:03:51","slug":"de-la-psiquiatria-infantil-a-la-educacion-especial","status":"publish","type":"page","link":"https:\/\/redhistoriapsi.mora.edu.mx\/?page_id=1853","title":{"rendered":"De la psiquiatr\u00eda infantil a la educaci\u00f3n especial"},"content":{"rendered":"<p style=\"text-align: justify;\">L\u00f3pez Carrillo, Ximena, \u201cDe la psiquiatr\u00eda infantil a la educaci\u00f3n especial: una reforma m\u00e9dico pedag\u00f3gica en torno a la infancia \u201canormal\u201d en la SEP\u201d Tesis de Licenciatura en Historia, Facultad de Filosof\u00eda y Letras, Universidad Nacional Aut\u00f3noma de M\u00e9xico, 2015.\u00a0<a href=\"https:\/\/redhistoriapsi.mora.edu.mx\/wp-content\/uploads\/2015\/08\/De-la-psiquiatr\u00eda-infantil-a-la-infancia-anormal_pdf.pdf\" onclick=\"javascript:_gaq.push(['_trackEvent','download','http:\/\/redhistoriapsi.mora.edu.mx\/wp-content\/uploads\/2015\/08\/De-la-psiquiatr\u00eda-infantil-a-la-infancia-anormal_pdf.pdf']);\">PDF completo<\/a><\/p>\n<p style=\"text-align: justify;\">Resumen<\/p>\n<p style=\"text-align: justify;\">En 1970, como parte de una reforma administrativa a gran escala, la Secretar\u00eda de Educaci\u00f3n P\u00fablica inaugur\u00f3 la Direcci\u00f3n General de Educaci\u00f3n Especial, encargada de coordinar y supervisar los servicios de atenci\u00f3n, detecci\u00f3n e investigaci\u00f3n sobre los ni\u00f1os conocidos como \u201canormales\u201d porque ten\u00edan trastornos escolares como la reprobaci\u00f3n, deserci\u00f3n escolar, la mala conducta y los problemas de aprendizaje. Con esta fundaci\u00f3n, la SEP sustituy\u00f3 los servicios de psiquiatr\u00eda infantil proporcionados a estos ni\u00f1os por la Cl\u00ednica de la Conducta desde 1937 por los de la educaci\u00f3n especial, generando as\u00ed un cambio en la concepci\u00f3n y estudio de la \u201canormalidad\u201d infantil.<\/p>\n<p style=\"text-align: justify;\">Esta tesis es una investigaci\u00f3n sobre dicho fen\u00f3meno desde la historia institucional. En la primera parte se estudia c\u00f3mo era el modelo psiqui\u00e1trico aplicado por la Cl\u00ednica de la Conducta y la concepci\u00f3n psiqui\u00e1trica en torno a los ni\u00f1os que reprobaban o ten\u00edan mala conducta, cu\u00e1les fueron sus alcances y, sobre todo, sus limitaciones con respecto a los intereses administrativos y educativos de la SEP. En la segunda se aborda el proceso de conformaci\u00f3n de nuevos especialistas sobre los problemas de aprendizaje, el desarrollo e impulso que recibi\u00f3 la educaci\u00f3n especial a partir de la d\u00e9cada de 1960, los cambios conceptuales y pr\u00e1cticos que promovi\u00f3 esta disciplina, as\u00ed como las ventajas que represent\u00f3 frente a la psiquiatr\u00eda infantil y que permitieron su institucionalizaci\u00f3n.<\/p>\n","protected":false},"excerpt":{"rendered":"<p>L\u00f3pez Carrillo, Ximena, \u201cDe la psiquiatr\u00eda infantil a la educaci\u00f3n especial: una reforma m\u00e9dico pedag\u00f3gica en torno a la infancia \u201canormal\u201d en la SEP\u201d Tesis de Licenciatura en Historia, Facultad de Filosof\u00eda y Letras, Universidad Nacional Aut\u00f3noma de M\u00e9xico, 2015.\u00a0PDF completo Resumen En 1970, como parte de una reforma administrativa a gran escala, la Secretar\u00eda<a class=\"sup-readmore\" href=\"https:\/\/redhistoriapsi.mora.edu.mx\/?page_id=1853\" >Leer m\u00e1s&#8230;<\/a><\/p>\n","protected":false},"author":3,"featured_media":0,"parent":0,"menu_order":0,"comment_status":"open","ping_status":"open","template":"","meta":{"footnotes":""},"post_mailing_queue_ids":[],"_links":{"self":[{"href":"https:\/\/redhistoriapsi.mora.edu.mx\/index.php?rest_route=\/wp\/v2\/pages\/1853"}],"collection":[{"href":"https:\/\/redhistoriapsi.mora.edu.mx\/index.php?rest_route=\/wp\/v2\/pages"}],"about":[{"href":"https:\/\/redhistoriapsi.mora.edu.mx\/index.php?rest_route=\/wp\/v2\/types\/page"}],"author":[{"embeddable":true,"href":"https:\/\/redhistoriapsi.mora.edu.mx\/index.php?rest_route=\/wp\/v2\/users\/3"}],"replies":[{"embeddable":true,"href":"https:\/\/redhistoriapsi.mora.edu.mx\/index.php?rest_route=%2Fwp%2Fv2%2Fcomments&post=1853"}],"version-history":[{"count":4,"href":"https:\/\/redhistoriapsi.mora.edu.mx\/index.php?rest_route=\/wp\/v2\/pages\/1853\/revisions"}],"predecessor-version":[{"id":1877,"href":"https:\/\/redhistoriapsi.mora.edu.mx\/index.php?rest_route=\/wp\/v2\/pages\/1853\/revisions\/1877"}],"wp:attachment":[{"href":"https:\/\/redhistoriapsi.mora.edu.mx\/index.php?rest_route=%2Fwp%2Fv2%2Fmedia&parent=1853"}],"curies":[{"name":"wp","href":"https:\/\/api.w.org\/{rel}","templated":true}]}}