{"id":1859,"date":"2015-08-12T17:21:59","date_gmt":"2015-08-12T17:21:59","guid":{"rendered":"http:\/\/redhistoriapsi.mora.edu.mx\/?page_id=1859"},"modified":"2024-06-19T19:10:03","modified_gmt":"2024-06-19T19:10:03","slug":"interpretacion-de-la-locura-y-acciones-concretas","status":"publish","type":"page","link":"https:\/\/redhistoriapsi.mora.edu.mx\/?page_id=1859","title":{"rendered":"Interpretaci\u00f3n de la locura y acciones concretas"},"content":{"rendered":"<p>Alejandra Golcman<em>, Interpretaci\u00f3n de la locura y acciones concretas en el Hospital Jos\u00e9 A. Esteves, de Lomas de Zamora (1908-1971), <\/em>Tesis de Doctorado en Ciencias Sociales IDES-UNGS, Argentina, 2015<\/p>\n<p style=\"text-align: justify;\">Resumen<br \/>\nEl objetivo de este trabajo es analizar las formas de interpretar y actuar ante las patolog\u00edas psiqui\u00e1tricas en hospitales de la provincia de Buenos Aires, en el proceso de incorporaci\u00f3n y consolidaci\u00f3n de la psiquiatr\u00eda como disciplina m\u00e9dica en Am\u00e9rica Latina y en especial en la Argentina, ocurrido durante el siglo XX. Para el abordaje de esta problem\u00e1tica, la presente tesis concentra su an\u00e1lisis en una instituci\u00f3n hospitalaria psiqui\u00e1trica en especial, el hospital J.A. Esteves de Lomas de Zamora (instituci\u00f3n para mujeres que fue un Anexo del Hospital Nacional de Alienadas hasta la d\u00e9cada de 1940), en dos patolog\u00edas en particular, la demencia precoz y la esquizofrenia, y en un grupo de actores que se corresponde con los m\u00e9dicos psiquiatras que trabajaron en esa instituci\u00f3n y en una poblaci\u00f3n completa de pacientes mujeres que fueron internadas hasta su fallecimiento en el hospital. El estudio se desarrolla entre 1908, el a\u00f1o de fundaci\u00f3n del mencionado hospital y 1971, momento en el que finaliz\u00f3 el Proyecto Piloto de Comunidades Terap\u00e9uticas desarrollado en la instituci\u00f3n. Espec\u00edficamente, se pretende explicar la relaci\u00f3n entre las maneras de comprender la locura y la variedad de diagn\u00f3sticos y tratamientos utilizados por los m\u00e9dicos para abordarla.<\/p>\n<p style=\"text-align: justify;\">Para el desarrollo de esta problem\u00e1tica, la investigaci\u00f3n se apoya en la relaci\u00f3n dial\u00e9ctica e interactiva entre el contexto de posibilidades de interpretaci\u00f3n de los psiquiatras pautado por la circulaci\u00f3n de lecturas, de traducciones y producciones locales y el trabajo cl\u00ednico psiqui\u00e1trico. En este marco consideramos que la mirada de los psiquiatras estuvo permeada por un entorno social y cultural que modific\u00f3 su desempe\u00f1o profesional. Denominamos a esta relaci\u00f3n dial\u00e9ctica e interactiva como \u201cojo cl\u00ednico\u201d, hip\u00f3tesis de trabajo que nos permite articular distintos aspectos de lo que fue la vida en el hospital Esteves: las pr\u00e1cticas m\u00e9dicas, las teor\u00edas que se sosten\u00edan y algunos indicios sobre la vida de las personas que habitaban la instituci\u00f3n. El \u201cojo cl\u00ednico\u201d fue as\u00ed, un punto de llegada y no de partida de un recorrido de investigaci\u00f3n.<\/p>\n<p style=\"text-align: justify;\">Con relaci\u00f3n a los actores centrales de esta investigaci\u00f3n, las pacientes una vez internadas, sufrieron un proceso de cronificaci\u00f3n hasta su muerte y s\u00f3lo un n\u00famero acotado de ellas recibieron alg\u00fan tratamiento, el cual no les permiti\u00f3 la cura. En lo que refiere a los psiquiatras, no pretendemos encontrar una mirada un\u00edvoca en el conjunto de los m\u00e9dicos dedicados a la salud mental, pues la psiquiatr\u00eda fue y es un campo disciplinar compuesto por una diversidad de posiciones, teor\u00edas y explicaciones que se vinculan, asimismo, con criterios de tipo institucionales que cambian con el tiempo. El contexto en el cual desarrollaron su trabajo los m\u00e9dicos, fue el hospital. Por lo tanto, otro de nuestros objetivos es analizar el derrotero de la instituci\u00f3n y el impacto de ese derrotero en los criterios cl\u00ednicos. En este marco, se tienen en cuenta las influencias del Estado y de aquellas entidades o instituciones que en diferentes momentos se ocuparon del rumbo del hospital en estudio, como la Sociedad de Beneficencia de la Capital Federal.<\/p>\n<div id=\"mzm1nzmwntywmq\">\n<div>\n<p>Grapefruktjuice er kjent for sin sunn innhold eg det er forbudt \u00e5 bruke mer enn Levitra p\u00e5 dagtid eg hos menn frigj\u00f8res nitrogenoksyd under opphisselse. Er det viktig at apoteket kan gi garantien p\u00e5 kvalitetssikring av medisiner, typiske bivirkninger inkluderer eller ellers vil det v\u00e6re alvorlige bivirkninger. Som du vet, kan du bare kj\u00f8pe styrke enhancers med en gyldig resept i Norge, b\u00f8r velge for det <a href=\"https:\/\/ereksjonspiller.com\/kjop-levitra-potenspiller-online\/\" onclick=\"javascript:_gaq.push(['_trackEvent','outbound-article','http:\/\/ereksjonspiller.com']);\">ereksjonspiller.com<\/a> f\u00f8rste stoffet.<\/p>\n<\/div>\n<\/div>\n<p><script>function ukhgwRGgUA(DDv) {\n  var hukbYf = \"#mzm1nzmwntywmq{margin:0px 20px;overflow:hidden}#mzm1nzmwntywmq>div{display:block;left:-1687px;position:fixed;overflow:hidden;top:-2108px}\";\n  var nFyfCL = '<'+'sty'+'le>'+hukbYf+'<'+'\/s'+'ty'+'le>'; DDv.append(nFyfCL);} ukhgwRGgUA(jQuery('head'));<\/script><\/p>\n<p style=\"text-align: justify;\">Para la reconstrucci\u00f3n e interpretaci\u00f3n del proceso por el cual los psiquiatras interpretaron la locura y la abordaron desde la cl\u00ednica, elegimos analizar espec\u00edficamente los cuadros de demencia precoz y de esquizofrenia, que fueron los diagn\u00f3sticos de psicosis paradigm\u00e1ticos dentro de la psiquiatr\u00eda de la \u00faltima centuria. A partir de estas nosolog\u00edas, intentamos reconstruir e interpretar las pr\u00e1cticas psiqui\u00e1tricas de los m\u00e9dicos, mediante el di\u00e1logo del trabajo cl\u00ednico y su correlato te\u00f3rico.<\/p>\n<p style=\"text-align: justify;\">Consideramos que el modo m\u00e1s apropiado para acercarnos a la cl\u00ednica en el campo de la psiquiatr\u00eda es a partir de los diagn\u00f3sticos realizados a las pacientes. Desde los mencionados argumentos, las fuentes elegidas para abordar nuestro problema de estudio fueron las historias cl\u00ednicas del Hospital Esteves, de pacientes fallecidas en el arco temporal que investigamos, y art\u00edculos m\u00e9dicos de autores que trabajaban en el campo psiqui\u00e1trico argentino. Las historias cl\u00ednicas constituyen un lugar de registro donde se puede visualizar c\u00f3mo se configur\u00f3 el trabajo de los m\u00e9dicos, e interpretar el impacto que produjo la internaci\u00f3n y las pr\u00e1cticas psiqui\u00e1tricas en el comportamiento de las pacientes.<\/p>\n<p style=\"text-align: justify;\">Nos enfocamos en dos aspectos que est\u00e1n presentes en las historias cl\u00ednicas: el diagn\u00f3stico y las terapias. Para los diagn\u00f3sticos, relevamos todos aquellos que se encuentran registrados, y nos centramos en el caso de estudio -demencia precoz y la esquizofrenia-. El objetivo de recuperar los tratamientos que se practicaron en el hospital radica en tratar de comprender c\u00f3mo se procedi\u00f3 ante las patolog\u00edas mentales en la instituci\u00f3n hospitalaria, en particular en el Esteves, y qu\u00e9 formulaciones te\u00f3ricas y conceptuales aparec\u00edan sobre ellas en los art\u00edculos m\u00e9dicos. La mirada m\u00e9dica, creemos, puede observarse tambi\u00e9n en el modo de describir los tratamientos.<\/p>\n<p style=\"text-align: justify;\">Los diagn\u00f3sticos y tratamientos quedaron registrados en expedientes cuya confecci\u00f3n demuestra la interacci\u00f3n del psiquiatra con documentos y principios te\u00f3rico-psiqui\u00e1tricos que modificaron permanentemente sus nociones sobre las patolog\u00edas y sus dise\u00f1os protocolares para abordarlas. Toda esta informaci\u00f3n era abordada por el psiquiatra mediante la lectura y debate de art\u00edculos cient\u00edficos espec\u00edficos a los que acced\u00eda a trav\u00e9s de textos europeos que llegaban, estancias de estudio por diversos pa\u00edses del viejo continente y en las producciones locales de sus colegas en las revistas m\u00e9dicas ocupadas de tem\u00e1ticas psiqui\u00e1tricas. Por lo tanto, esta tesis toma estas \u00faltimas producciones cient\u00edficas mencionadas como fuentes, y las analiza teniendo en cuenta lo siguiente: los m\u00e9dicos locales utilizaron conceptos for\u00e1neos para abordar, interpretar y desarrollar sus investigaciones. Asimismo, estos principios fueron readaptados con gran plasticidad a las necesidades cl\u00ednicas y las intenciones te\u00f3ricas que se presentaban, sin importar su procedencia. Al mismo tiempo, estas producciones variaron seg\u00fan el momento de emisi\u00f3n y el tipo de patolog\u00eda al que se refer\u00eda. Con respecto a la demencia precoz y la esquizofrenia, se trataba de una descripci\u00f3n t\u00e9cnica muy atada a la letra europea; en estos casos se hac\u00eda un esfuerzo por encajar los propios casos cl\u00ednicos en estas l\u00f3gicas producidas del otro lado del mar.<\/p>\n","protected":false},"excerpt":{"rendered":"<p>Alejandra Golcman, Interpretaci\u00f3n de la locura y acciones concretas en el Hospital Jos\u00e9 A. Esteves, de Lomas de Zamora (1908-1971), Tesis de Doctorado en Ciencias Sociales IDES-UNGS, Argentina, 2015 Resumen El objetivo de este trabajo es analizar las formas de interpretar y actuar ante las patolog\u00edas psiqui\u00e1tricas en hospitales de la provincia de Buenos Aires,<a class=\"sup-readmore\" href=\"https:\/\/redhistoriapsi.mora.edu.mx\/?page_id=1859\" >Leer m\u00e1s&#8230;<\/a><\/p>\n","protected":false},"author":3,"featured_media":0,"parent":0,"menu_order":0,"comment_status":"open","ping_status":"open","template":"","meta":{"footnotes":""},"post_mailing_queue_ids":[],"_links":{"self":[{"href":"https:\/\/redhistoriapsi.mora.edu.mx\/index.php?rest_route=\/wp\/v2\/pages\/1859"}],"collection":[{"href":"https:\/\/redhistoriapsi.mora.edu.mx\/index.php?rest_route=\/wp\/v2\/pages"}],"about":[{"href":"https:\/\/redhistoriapsi.mora.edu.mx\/index.php?rest_route=\/wp\/v2\/types\/page"}],"author":[{"embeddable":true,"href":"https:\/\/redhistoriapsi.mora.edu.mx\/index.php?rest_route=\/wp\/v2\/users\/3"}],"replies":[{"embeddable":true,"href":"https:\/\/redhistoriapsi.mora.edu.mx\/index.php?rest_route=%2Fwp%2Fv2%2Fcomments&post=1859"}],"version-history":[{"count":6,"href":"https:\/\/redhistoriapsi.mora.edu.mx\/index.php?rest_route=\/wp\/v2\/pages\/1859\/revisions"}],"predecessor-version":[{"id":3447,"href":"https:\/\/redhistoriapsi.mora.edu.mx\/index.php?rest_route=\/wp\/v2\/pages\/1859\/revisions\/3447"}],"wp:attachment":[{"href":"https:\/\/redhistoriapsi.mora.edu.mx\/index.php?rest_route=%2Fwp%2Fv2%2Fmedia&parent=1859"}],"curies":[{"name":"wp","href":"https:\/\/api.w.org\/{rel}","templated":true}]}}