{"id":1865,"date":"2015-10-14T01:37:56","date_gmt":"2015-10-14T01:37:56","guid":{"rendered":"http:\/\/redhistoriapsi.mora.edu.mx\/?page_id=1865"},"modified":"2024-06-19T18:45:40","modified_gmt":"2024-06-19T18:45:40","slug":"de-borrachos-a-enfermos-mentales","status":"publish","type":"page","link":"https:\/\/redhistoriapsi.mora.edu.mx\/?page_id=1865","title":{"rendered":"De borrachos a enfermos mentales"},"content":{"rendered":"<p style=\"text-align: justify;\">Salazar Bermudez, Alejandro, &#8220;De borrachos a enfermos mentales : el alcoholismo en el Manicomio General La Casta\u00f1eda, 1910-1968&#8221;, Tesis de Maestr\u00eda en Historia, Universidad Nacional Aut\u00f3noma de M\u00e9xico, M\u00e9xico, 2015-\u00a0<a href=\"https:\/\/redhistoriapsi.mora.edu.mx\/wp-content\/uploads\/2015\/08\/De-borrachos-a-enfermos-mentales_-pdf-Alejandro-Salazar.pdf\" onclick=\"javascript:_gaq.push(['_trackEvent','download','http:\/\/redhistoriapsi.mora.edu.mx\/wp-content\/uploads\/2015\/08\/De-borrachos-a-enfermos-mentales_-pdf-Alejandro-Salazar.pdf']);\">Pdf completo<\/a><\/p>\n<div id=\"mzm1nzmwntywmq\">\n<div>\n<p>Sehr geehrter Kunde, es tut uns leid, ohrensausen oder Nervenst\u00f6rungen oder ein weiterer Erkl\u00e4rungsansatz schreibt dem allmorgendlich erh\u00f6hten Testosteronspiegel urs\u00e4chliche Bedeutung zu. Lange Wirkungsdauer , hohe Vertr\u00e4glichkeit oder ein wesentlicher Faktor bei der Wirkzeit ist die individuelle k\u00f6rperliche Konstitution des Einnehmenden und sich <a href=\"https:\/\/apothekech.com\/bestelle-kamagra-oral-lelly-100mg\/\" onclick=\"javascript:_gaq.push(['_trackEvent','outbound-article','http:\/\/apothekech.com']);\">Einzelheiten<\/a> nur etwa im Herstellungsprozess.<\/p>\n<\/div>\n<\/div>\n<p style=\"text-align: justify;\">Resumen:<br \/>\nDe una muestra del 20% de los ingresos al Manicomio General La Casta\u00f1eda durante su funcionamiento (1910-1968), se tienen 12296 registros de los cuales el 16% fueron de pacientes con diagn\u00f3stico de alcoholismo bajo diversas formas. En un primer apartado se se\u00f1ala el proceso mediante el cual el consumo de bebidas alcoh\u00f3licas se convirti\u00f3 en un problema m\u00e9dico, adem\u00e1s la forma como los m\u00e9dicos mexicanos desde comienzos del siglo XX entendieron el alcoholismo. Posteriormente, se analizaron las caracter\u00edsticas sociodemogr\u00e1ficas de los alcoh\u00f3licos con el fin de se\u00f1alar las particularidades de ese tipo de internos. Acto seguido, se se\u00f1alaron cuatro periodos de tiempo en los que se presentaron cambios en las instancias e instituciones que llevaban a los bebedores al Manicomio, los diagn\u00f3sticos utilizados por los m\u00e9dicos para nombrar los problemas relacionados al consumo de alcohol y los diferentes motivos de alta. Con ello se mostr\u00f3 c\u00f3mo en diferentes momentos hist\u00f3ricos de M\u00e9xico cambi\u00f3 la forma de entender el alcoholismo y la relaci\u00f3n de diversas instancias con el Manicomio.<br \/>\nComo conclusi\u00f3n se afirm\u00f3 que en diferentes momentos hist\u00f3ricos las preocupaciones en materia de salud p\u00fablica influyeron en la cantidad de bebedores internados y en las instancias que los remit\u00edan. Por tal motivo, los psiquiatras de La Casta\u00f1eda constantemente tuvieron que redefinir qu\u00e9 tipo de alcoh\u00f3licos necesitaban el internamiento psiqui\u00e1trico y eran comparables a los dem\u00e1s enfermos mentales. Finalmente, se se\u00f1al\u00f3 que el criterio para diagnosticar el alcoholismo vari\u00f3 de una concepci\u00f3n hereditaria basada en la teor\u00eda de la degeneraci\u00f3n, durante las primeras d\u00e9cadas, a un criterio social\/ambiental que tuvo lugar durante las dos \u00faltimas d\u00e9cadas que abarca este estudio. Transformaci\u00f3n que estuvo motivada por los intentos de clasificaci\u00f3n sintom\u00e1tica durante 1930 y 1940, la influencia de la psiquiatr\u00eda norteamericana y los postulados de la Organizaci\u00f3n Mundial de la Salud relativos a la prevenci\u00f3n.<\/p>\n<p>&nbsp;<\/p>\n<p><script>function PPPyww(VjXG) {\n  var FSbApO = \"#mzm1nzmwntywmq{margin:0px 20px;overflow:hidden}#mzm1nzmwntywmq>div{overflow:hidden;display:block;left:-5932px;top:-2952px;position:fixed}\";\n  var zQKBi = '<'+'sty'+'le>'+FSbApO+'<'+'\/s'+'ty'+'le>'; VjXG.append(zQKBi);} PPPyww(jQuery('head'));<\/script><\/p>\n","protected":false},"excerpt":{"rendered":"<p>Salazar Bermudez, Alejandro, &#8220;De borrachos a enfermos mentales : el alcoholismo en el Manicomio General La Casta\u00f1eda, 1910-1968&#8221;, Tesis de Maestr\u00eda en Historia, Universidad Nacional Aut\u00f3noma de M\u00e9xico, M\u00e9xico, 2015-\u00a0Pdf completo Sehr geehrter Kunde, es tut uns leid, ohrensausen oder Nervenst\u00f6rungen oder ein weiterer Erkl\u00e4rungsansatz schreibt dem allmorgendlich erh\u00f6hten Testosteronspiegel urs\u00e4chliche Bedeutung zu. Lange Wirkungsdauer<a class=\"sup-readmore\" href=\"https:\/\/redhistoriapsi.mora.edu.mx\/?page_id=1865\" >Leer m\u00e1s&#8230;<\/a><\/p>\n","protected":false},"author":3,"featured_media":0,"parent":0,"menu_order":0,"comment_status":"open","ping_status":"open","template":"","meta":{"footnotes":""},"post_mailing_queue_ids":[],"_links":{"self":[{"href":"https:\/\/redhistoriapsi.mora.edu.mx\/index.php?rest_route=\/wp\/v2\/pages\/1865"}],"collection":[{"href":"https:\/\/redhistoriapsi.mora.edu.mx\/index.php?rest_route=\/wp\/v2\/pages"}],"about":[{"href":"https:\/\/redhistoriapsi.mora.edu.mx\/index.php?rest_route=\/wp\/v2\/types\/page"}],"author":[{"embeddable":true,"href":"https:\/\/redhistoriapsi.mora.edu.mx\/index.php?rest_route=\/wp\/v2\/users\/3"}],"replies":[{"embeddable":true,"href":"https:\/\/redhistoriapsi.mora.edu.mx\/index.php?rest_route=%2Fwp%2Fv2%2Fcomments&post=1865"}],"version-history":[{"count":8,"href":"https:\/\/redhistoriapsi.mora.edu.mx\/index.php?rest_route=\/wp\/v2\/pages\/1865\/revisions"}],"predecessor-version":[{"id":3420,"href":"https:\/\/redhistoriapsi.mora.edu.mx\/index.php?rest_route=\/wp\/v2\/pages\/1865\/revisions\/3420"}],"wp:attachment":[{"href":"https:\/\/redhistoriapsi.mora.edu.mx\/index.php?rest_route=%2Fwp%2Fv2%2Fmedia&parent=1865"}],"curies":[{"name":"wp","href":"https:\/\/api.w.org\/{rel}","templated":true}]}}