{"id":1898,"date":"2015-11-20T17:51:42","date_gmt":"2015-11-20T17:51:42","guid":{"rendered":"http:\/\/redhistoriapsi.mora.edu.mx\/?page_id=1898"},"modified":"2024-06-19T19:10:14","modified_gmt":"2024-06-19T19:10:14","slug":"jairo-gutierrez-avendano","status":"publish","type":"page","link":"https:\/\/redhistoriapsi.mora.edu.mx\/?page_id=1898","title":{"rendered":"Jairo Guti\u00e9rrez Avenda\u00f1o"},"content":{"rendered":"<p>Doctorado en Ciencias Humanas y Sociales, Universidad Nacional de Colombia;\u00a0Mag\u00edster en Educaci\u00f3n, Universidad de Medell\u00edn; Licenciatura en\u00a0Fil\u00f3sof\u00eda, Universidad de Antioquia.<\/p>\n<p style=\"text-align: justify;\"><strong><span style=\"color: #501224;\">Experiencia profesional<\/span><\/strong><br \/>\nHa sido director, coordinador y docente del \u00e1rea de investigaci\u00f3n en instituciones universitarias de Antioquia \u2013Colombia: Instituci\u00f3n Universitaria de Envigado, Instituci\u00f3n Universitaria Tecnol\u00f3gico de Antioquia, Uniminuto, Fundaci\u00f3n Universitaria del \u00c1rea Andina. Integrante del grupo de investigaci\u00f3n Producci\u00f3n, Circulaci\u00f3n y Apropiaci\u00f3n de Saberes, adscrito a la Universidad Nacional de Colombia. Integrante de la Red Colombiana de Etnopsiquiatr\u00eda y estudios sociales y culturales de salud \u2013 enfermedad, adscrita a la Universidad de los Andes, Colombia. Integrante de la Red Colombiana de Historia de la Salud Mental, adscrita a la Universidad de Antioquia y la Universidad Nacional de Colombia. Socio del Centro de Historia de Bello &#8211; Antioquia.<\/p>\n<p><strong><span style=\"color: #501224;\">L\u00edneas de investigaci\u00f3n<\/span><\/strong><br \/>\nPr\u00e1cticas y representaciones sobre salud, enfermedad y terap\u00e9uticas<br \/>\nHistoria de la medicalizaci\u00f3n<br \/>\nHistoria de la filantrop\u00eda y la pobreza<\/p>\n<p style=\"text-align: justify;\"><strong><span style=\"color: #501224;\">Proyectos de investigaci\u00f3n en curso<\/span><\/strong><br \/>\nPol\u00edticas, representaciones y pr\u00e1cticas de asistencia social y medicalizaci\u00f3n de la pobreza en Colombia, 1850-1960. Financiado por el Programa Nacional de Proyectos para el Fortalecimiento de la Investigaci\u00f3n, la Creaci\u00f3n y la Innovaci\u00f3n en posgrados de la Universidad Nacional de Colombia 2013-2015<\/p>\n<p style=\"text-align: justify;\"><strong><span style=\"color: #501224;\">Proyectos de investigaci\u00f3n concluidos<\/span><\/strong><br \/>\nCoinvestigador: Memoria, Identidad y Territorio en el municipio de Bello, Colombia. Centro de Historia de Bello, 2013.<br \/>\nCoinvestigador: Trabajo, Conducta y Capital en una ciudad obrera, Bello, Colombia. Centro de Historia de Bello, 2012.<br \/>\nInvestigador principal: Potencial epist\u00e9mico-did\u00e1ctico de los art\u00edculos cient\u00edficos publicados en las revistas de alto nivel A1 y A2 de Antioquia, para la ense\u00f1anza basada en la investigaci\u00f3n. Tesis de Maestr\u00eda en Educaci\u00f3n\u00a0Universidad de Medell\u00edn, 2011.<br \/>\nCoinvestigador: Bello y Antioquia en el Bicentenario de la Rep\u00fablica de Colombia, Centro de Historia de Bello, 2010.<\/p>\n<p style=\"text-align: justify;\"><span style=\"color: #501224;\"><strong>Publicaciones m\u00e1s relevantes<\/strong><br \/>\n<span style=\"color: #000000;\">&#8220;Cl\u00ednica de los delirios en la narrativa doliente de pacientes psiqui\u00e1tricos en Colombia, 1920-1960&#8221;, <a href=\"http:\/\/www.funlam.edu.co\/uploads\/centroinvestigaciones\/156_XVIII_ENCUENTRO_NACIONAL_DE_INVESTIGACION.pdf\" onclick=\"javascript:_gaq.push(['_trackEvent','download','http:\/\/www.funlam.edu.co\/uploads\/centroinvestigaciones\/156_XVIII_ENCUENTRO_NACIONAL_DE_INVESTIGACION.pdf']);\" target=\"_blank\" rel=\"noopener\"><em>XVIII Encuentro Nacional de Investigaci\u00f3n<\/em><\/a>, Vicerrector\u00eda de Investigaciones Fundaci\u00f3n Universitaria Luis Amig\u00f3 Medell\u00edn &#8211; Colombia, 2015.\u00a0<strong><a href=\"https:\/\/redhistoriapsi.mora.edu.mx\/wp-content\/uploads\/2015\/11\/Clinica-de-los-delirios_-Jairo.pdf\" onclick=\"javascript:_gaq.push(['_trackEvent','download','http:\/\/redhistoriapsi.mora.edu.mx\/wp-content\/uploads\/2015\/11\/Clinica-de-los-delirios_-Jairo.pdf']);\">PDF<\/a><\/strong><\/span><\/span><\/p>\n<p style=\"text-align: justify;\">&#8220;Caracterizaci\u00f3n sociodemogr\u00e1fica, psicopatol\u00f3gica y terap\u00e9utica en la primera d\u00e9cada de servicio (1958-1968) del Hospital Psiqui\u00e1trico San Isidro del Valle del Cauca&#8221;, <em>Revista Colombiana de Psiquiatr\u00eda<\/em>, Asociaci\u00f3n Colombiana de Psiquiatr\u00eda, 2015. <strong><a href=\"http:\/\/www.elsevier.es\/es-revista-revista-colombiana-psiquiatra-379-avance-resumen-caracterizacion-sociodemografica-psicopatologica-terapeutica-primera-S0034-7450(15)00102-X?referer=buscador\" onclick=\"javascript:_gaq.push(['_trackEvent','outbound-article','http:\/\/www.elsevier.es']);\" target=\"_blank\" rel=\"noopener\">Resumen<\/a><\/strong><\/p>\n<p>&#8220;Pobreza y locura como enfermedades sociales en la mentalidad civilizadora de la modernidad colombiana, 1900-1960&#8221;, <em>Revista Facultad Nacional de Salud P\u00fablica<\/em>, Universidad de Antioquia, vol. 32, 2014. <strong><a href=\"http:\/\/aprendeenlinea.udea.edu.co\/revistas\/index.php\/fnsp\/article\/view\/19928\" onclick=\"javascript:_gaq.push(['_trackEvent','outbound-article','http:\/\/aprendeenlinea.udea.edu.co']);\" target=\"_blank\" rel=\"noopener\">Resumen<\/a><\/strong><\/p>\n<p style=\"text-align: justify;\">&#8220;Poder psiqui\u00e1trico y clasificaci\u00f3n de la locura como \u201cenfermedad social\u201d en el Manicomio Departamental de Antioquia, Colombia 1920-1950&#8221;, Revista <em>Katharsis, <\/em>Instituci\u00f3n Universitaria de Envigado, No. 14, enero-junio de 2012. <strong><a href=\"http:\/\/revistas.iue.edu.co\/index.php\/katharsis\/article\/view\/179\" onclick=\"javascript:_gaq.push(['_trackEvent','outbound-article','http:\/\/revistas.iue.edu.co']);\" target=\"_blank\" rel=\"noopener\">Resumen<\/a><\/strong><\/p>\n<p style=\"text-align: justify;\">&#8220;La escritura de la ciencia en cuatro conceptos: c\u00f3digo, g\u00e9nero, epistemograf\u00eda y paradigma&#8221;, Revista <em>Katharsis, <\/em>Instituci\u00f3n Universitaria de Envigado, No. 11, enero-junio de 2011, pp. 27-50.<\/p>\n<p style=\"text-align: justify;\">&#8220;Despliegue de la carne, la palabra y el rostro: de Merleau-Ponty a Levinas&#8221;, <em>Cuadernos de Filosof\u00eda Latinoamericana, <\/em>vol. 31, \u00a0n\u00fam. 103, 2010.<\/p>\n<p>&#8220;Los falsos pobres. Mentalidades y pol\u00edticas del control social sobre los vagos en la jurisdicci\u00f3n de Medell\u00edn y Hatoviejo&#8221;, Revista <em>Huellas de Ciudad.<\/em> Centro de Historia de Bello, n\u00fam. 12, abril 2010.<\/p>\n<p style=\"text-align: justify;\">&#8220;El r\u00e9gimen del lector. Vigilancia moral de la lectura y acceso a la cultura de los obreros&#8221;, Revista <em>Huellas de Ciudad.<\/em> Centro de Historia de Bello, n\u00fam. 13, mayo 2011.<\/p>\n<p style=\"text-align: justify;\"><strong><span style=\"color: #501224;\">Contacto<\/span><\/strong>: jojgutierrezav@unal.edu.co<\/p>\n","protected":false},"excerpt":{"rendered":"<p>Doctorado en Ciencias Humanas y Sociales, Universidad Nacional de Colombia;\u00a0Mag\u00edster en Educaci\u00f3n, Universidad de Medell\u00edn; Licenciatura en\u00a0Fil\u00f3sof\u00eda, Universidad de Antioquia. Experiencia profesional Ha sido director, coordinador y docente del \u00e1rea de investigaci\u00f3n en instituciones universitarias de Antioquia \u2013Colombia: Instituci\u00f3n Universitaria de Envigado, Instituci\u00f3n Universitaria Tecnol\u00f3gico de Antioquia, Uniminuto, Fundaci\u00f3n Universitaria del \u00c1rea Andina. Integrante del<a class=\"sup-readmore\" href=\"https:\/\/redhistoriapsi.mora.edu.mx\/?page_id=1898\" >Leer m\u00e1s&#8230;<\/a><\/p>\n","protected":false},"author":3,"featured_media":0,"parent":0,"menu_order":0,"comment_status":"open","ping_status":"open","template":"","meta":{"footnotes":""},"post_mailing_queue_ids":[],"_links":{"self":[{"href":"https:\/\/redhistoriapsi.mora.edu.mx\/index.php?rest_route=\/wp\/v2\/pages\/1898"}],"collection":[{"href":"https:\/\/redhistoriapsi.mora.edu.mx\/index.php?rest_route=\/wp\/v2\/pages"}],"about":[{"href":"https:\/\/redhistoriapsi.mora.edu.mx\/index.php?rest_route=\/wp\/v2\/types\/page"}],"author":[{"embeddable":true,"href":"https:\/\/redhistoriapsi.mora.edu.mx\/index.php?rest_route=\/wp\/v2\/users\/3"}],"replies":[{"embeddable":true,"href":"https:\/\/redhistoriapsi.mora.edu.mx\/index.php?rest_route=%2Fwp%2Fv2%2Fcomments&post=1898"}],"version-history":[{"count":6,"href":"https:\/\/redhistoriapsi.mora.edu.mx\/index.php?rest_route=\/wp\/v2\/pages\/1898\/revisions"}],"predecessor-version":[{"id":3398,"href":"https:\/\/redhistoriapsi.mora.edu.mx\/index.php?rest_route=\/wp\/v2\/pages\/1898\/revisions\/3398"}],"wp:attachment":[{"href":"https:\/\/redhistoriapsi.mora.edu.mx\/index.php?rest_route=%2Fwp%2Fv2%2Fmedia&parent=1898"}],"curies":[{"name":"wp","href":"https:\/\/api.w.org\/{rel}","templated":true}]}}