{"id":239,"date":"2013-06-28T13:48:30","date_gmt":"2013-06-28T13:48:30","guid":{"rendered":"http:\/\/rihpblog.wordpress.com\/?page_id=239"},"modified":"2026-01-12T10:17:18","modified_gmt":"2026-01-12T16:17:18","slug":"directorio","status":"publish","type":"page","link":"https:\/\/redhistoriapsi.mora.edu.mx\/?page_id=239","title":{"rendered":"Directorio"},"content":{"rendered":"<p class=\"x_MsoNormal\"><strong><span style=\"color: #aa2000;\">Coordinaci\u00f3n colegiada 2026-2027<\/p>\n<p class=\"x_MsoNormal\" style=\"padding-left: 40px;\">Norberto Conti, Argentina<br \/>\nSilvia Levy, Espa\u00f1a<br \/>\nAlejandro Salazar, Colombia<br \/>\nMart\u00edn Manzanares, M\u00e9xico<br \/>\nNicol\u00e1s Morales, Chile<br \/>\nYonissa Wadi, Brasil<\/p>\n<p><strong><span style=\"color: #aa2000;\">Coordinaci\u00f3n colegiada 2024-2025<\/span><\/strong><\/p>\n<p style=\"padding-left: 40px;\">Aida Alejandra Golcman, Argentina<br \/>\nAndr\u00e9s R\u00edos Molina, M\u00e9xico<br \/>\nRicardo Campos, Espa\u00f1a<br \/>\nYonissa Wadi, Brasil<\/p>\n<p><span style=\"color: #aa2000;\"><strong>Coordinadores para el periodo\u00a0 2018-2023<\/strong><\/span><\/p>\n<p style=\"padding-left: 40px;\"><strong>Norberto Aldo Conti<\/strong><br \/>\nUniversidad de Buenos Aires, Argentina<br \/>\nContacto: <span style=\"color: #0000ff;\"><a href=\"mailto:norbertoaldoconti@gmail.com\"><span style=\"color: #0000ff;\">norbertoaldoconti@gmail.com<\/span><\/a><\/span><\/p>\n<p style=\"padding-left: 40px;\"><strong>Cristina Sacrist\u00e1n<\/strong><br \/>\nInstituto Mora, M\u00e9xico<br \/>\nContacto: <span style=\"color: #0000ff;\"><a href=\"mailto:csacristan@mora.edu.mx\"><span style=\"color: #0000ff;\">csacristan@mora.edu.mx<\/span><\/a><\/span><\/p>\n<p><span style=\"color: #aa2000;\"><strong>Coordinadores por pa\u00eds<\/strong><\/span><\/p>\n<p style=\"padding-left: 40px;\"><strong><span style=\"color: #000000;\">Argentina<\/span><\/strong><br \/>\n<span style=\"color: #000000;\"> Norberto Conti, norbertoaldoconti@gmail.com<\/span><\/p>\n<p style=\"padding-left: 40px;\"><strong><span style=\"color: #000000;\">Brasil<\/span><\/strong><br \/>\n<span style=\"color: #000000;\"> Ana Teresa Venancio, anavenancio@coc.fiocruz.br<\/span><\/p>\n<p style=\"padding-left: 40px;\"><strong><span style=\"color: #000000;\">Colombia<\/span><\/strong><br \/>\n<span style=\"color: #000000;\"> \u00c1lvaro Le\u00f3n Casas Orrego, alcasas05@yahoo.es<\/span><\/p>\n<p style=\"padding-left: 40px;\"><strong><span style=\"color: #000000;\">Chile<\/span><\/strong><br \/>\n<span style=\"color: #000000;\"> C\u00e9sar Leyton, cleyton@odontologia.uchile.cl<\/span><\/p>\n<p style=\"padding-left: 40px;\"><strong><span style=\"color: #000000;\">Espa\u00f1a<\/span><\/strong><br \/>\n<span style=\"color: #000000;\"> Rafael Huertas Garc\u00eda-Alejo, rafael.huertas@cchs.csic.es<\/span><\/p>\n<p style=\"padding-left: 40px;\"><strong><span style=\"color: #000000;\">Francia<\/span><\/strong><br \/>\n<span style=\"color: #000000;\"> H\u00e9l\u00e8ne Trop\u00e9, Helene, trope@univ-paris3.fr<\/span><\/p>\n<p style=\"padding-left: 40px;\"><strong><span style=\"color: #000000;\">M\u00e9xico<\/span><\/strong><br \/>\n<span style=\"color: #000000;\"> Cristina Sacrist\u00e1n, csacristan@mora.edu.mx<\/span><\/p>\n","protected":false},"excerpt":{"rendered":"<p>Coordinaci\u00f3n colegiada 2026-2027 Norberto Conti, Argentina Silvia Levy, Espa\u00f1a Alejandro Salazar, Colombia Mart\u00edn Manzanares, M\u00e9xico Nicol\u00e1s Morales, Chile Yonissa Wadi, Brasil Coordinaci\u00f3n colegiada 2024-2025 Aida Alejandra Golcman, Argentina Andr\u00e9s R\u00edos Molina, M\u00e9xico Ricardo Campos, Espa\u00f1a Yonissa Wadi, Brasil Coordinadores para el periodo\u00a0 2018-2023 Norberto Aldo Conti Universidad de Buenos Aires, Argentina Contacto: norbertoaldoconti@gmail.com Cristina Sacrist\u00e1n<a class=\"sup-readmore\" href=\"https:\/\/redhistoriapsi.mora.edu.mx\/?page_id=239\" >Leer m\u00e1s&#8230;<\/a><\/p>\n","protected":false},"author":7854,"featured_media":0,"parent":0,"menu_order":0,"comment_status":"closed","ping_status":"closed","template":"","meta":{"footnotes":""},"post_mailing_queue_ids":[],"_links":{"self":[{"href":"https:\/\/redhistoriapsi.mora.edu.mx\/index.php?rest_route=\/wp\/v2\/pages\/239"}],"collection":[{"href":"https:\/\/redhistoriapsi.mora.edu.mx\/index.php?rest_route=\/wp\/v2\/pages"}],"about":[{"href":"https:\/\/redhistoriapsi.mora.edu.mx\/index.php?rest_route=\/wp\/v2\/types\/page"}],"author":[{"embeddable":true,"href":"https:\/\/redhistoriapsi.mora.edu.mx\/index.php?rest_route=\/wp\/v2\/users\/7854"}],"replies":[{"embeddable":true,"href":"https:\/\/redhistoriapsi.mora.edu.mx\/index.php?rest_route=%2Fwp%2Fv2%2Fcomments&post=239"}],"version-history":[{"count":42,"href":"https:\/\/redhistoriapsi.mora.edu.mx\/index.php?rest_route=\/wp\/v2\/pages\/239\/revisions"}],"predecessor-version":[{"id":3600,"href":"https:\/\/redhistoriapsi.mora.edu.mx\/index.php?rest_route=\/wp\/v2\/pages\/239\/revisions\/3600"}],"wp:attachment":[{"href":"https:\/\/redhistoriapsi.mora.edu.mx\/index.php?rest_route=%2Fwp%2Fv2%2Fmedia&parent=239"}],"curies":[{"name":"wp","href":"https:\/\/api.w.org\/{rel}","templated":true}]}}