{"id":3004,"date":"2023-01-03T03:03:43","date_gmt":"2023-01-03T03:03:43","guid":{"rendered":"http:\/\/redhistoriapsi.mora.edu.mx\/?page_id=3004"},"modified":"2024-06-19T18:58:48","modified_gmt":"2024-06-19T18:58:48","slug":"alejandro-salazar-bermudez","status":"publish","type":"page","link":"https:\/\/redhistoriapsi.mora.edu.mx\/?page_id=3004","title":{"rendered":"Alejandro Salazar Berm\u00fadez"},"content":{"rendered":"<p><span style=\"color: #993300;\">Formaci\u00f3n profesional<\/span><br \/>\nHistoriador, Universidad de Antioquia, 2013<br \/>\nMaestro en Historia con menci\u00f3n honor\u00edfica, Universidad Nacional Aut\u00f3noma de M\u00e9xico, 2015<br \/>\nDoctor en Historia con menci\u00f3n honor\u00edfica, Universidad Nacional Aut\u00f3noma de M\u00e9xico, 2015-2019<\/p>\n<p><span style=\"color: #993300;\">Experiencia profesional<\/span><br \/>\n&#8211; Coordinador de Procesos Acad\u00e9micos del Laboratorio de Fuentes Hist\u00f3ricas, Universidad Nacional de Colombia, 2021-Actual<br \/>\n&#8211; Textos y curadur\u00eda de exposici\u00f3n <em>Manicomio. De la locura a la memoria<\/em>. Instalada en Centro Cultural Aranjuez (Medell\u00edn, Colombia), edificio donde se alojaba el Manicomio Departamental de Antioquia<br \/>\n&#8211; Docente de investigaci\u00f3n, epistemolog\u00eda de las ciencias sociales, y realidad y problemas sociales para el programa de Trabajo Social de Uniminuto (actual)<\/p>\n<p><span style=\"color: #993300;\">L\u00edneas de investigaci\u00f3n<\/span><br \/>\nHistoria de la psiquiatr\u00eda y salud mental<br \/>\nHistoria del alcohol y las drogas<br \/>\nHistoria de la salud p\u00fablica<br \/>\nCiencias sociales y salud mental<\/p>\n<p><span style=\"color: #993300;\">Proyectos de investigaci\u00f3n en curso<\/span><br \/>\n&#8211; Desarrollo archiv\u00edstico y divulgaci\u00f3n del Fondo de Historias Cl\u00ednicas del Hospital Mental de Antioquia, en el Laboratorio de Fuentes Hist\u00f3ricas<br \/>\n&#8211; An\u00e1lisis cuantitativo de la poblaci\u00f3n psiqui\u00e1trica del Manicomio Departamental de Antioquia, 1920-1958<br \/>\n&#8211; <span style=\"color: #000000;\">Semillero de Investigaci\u00f3n Pasado y Presente de la Salud P\u00fablica, Uniminuto<\/span><\/p>\n<p><span style=\"color: #993300;\">Proyectos de investigaci\u00f3n concluidos<\/span><br \/>\n-Participante del proyecto PAPIIT IN 402520 \u201cDe manicomios a instituciones de salud mental. Inicios y desarrollo de la psiquiatr\u00eda en Am\u00e9rica Latina\u201d, dirigido por el Dr. Andr\u00e9s R\u00edos Molina. Proyecto financiado por el Programa de Apoyos a Proyectos de Investigaci\u00f3n e Innovaci\u00f3n Tecnol\u00f3gica (PAPIIT) de la Direcci\u00f3n General de Asuntos del Personal Acad\u00e9mico (DGAPA) de la UNAM.<\/p>\n<p><span style=\"color: #993300;\">Publicaciones m\u00e1s relevantes<\/span><br \/>\n1- Cap\u00edtulo de Libro: Alejandro Salazar Berm\u00fadez, \u201cUna reforma psiqui\u00e1trica que nunca lo fue: Colombia y el caso del Manicomio Departamental de Antioquia, 1920-1946\u201d, en: Andr\u00e9s R\u00edos Molina y Mariano Ruperthuz (coords.), <em>De manicomios a instituciones psiqui\u00e1tricas. Experiencias en Iberoam\u00e9rica, siglos XIX y XX<\/em>, M\u00e9xico, Madrid, Universidad Nacional Aut\u00f3noma de M\u00e9xico\/Instituto de Investigaciones Hist\u00f3ricas, Ed. S\u00edlex, 2022.<br \/>\n2- Art\u00edculo: Alejandro Salazar Berm\u00fadez, \u201cLa pugna por un modelo multidisciplinar del alcoholismo en M\u00e9xico. Expertos, definiciones y redes institucionales, 1950-1985\u201d, <em>INTERdisciplina<\/em>, vol. 9, n\u00fam. 25, 2021, p. 257-183: <a href=\"https:\/\/doi.org\/10.22201\/ceiich.24485705e.2021.25.79976\" onclick=\"javascript:_gaq.push(['_trackEvent','outbound-article','http:\/\/doi.org']);\">https:\/\/doi.org\/10.22201\/ceiich.24485705e.2021.25.79976<\/a><br \/>\n3- Cap\u00edtulo de Libro: Alejandro Salazar Berm\u00fadez, \u201cAlcoholismo\u201d, en: Andr\u00e9s R\u00edos Molina (Coord.), Los pacientes del Manicomio General La Casta\u00f1eda y sus diagn\u00f3sticos. Una historia de la cl\u00ednica psiqui\u00e1trica en M\u00e9xico, 1910-1968\u201d, M\u00e9xico, Universidad Nacional Aut\u00f3noma de M\u00e9xico, Instituto de Investigaciones Hist\u00f3ricas, Instituto de Investigaciones Doctor Jos\u00e9 Mar\u00eda Luis Mora, 2017, pp. 323-372: <a href=\"https:\/\/historicas.unam.mx\/publicaciones\/publicadigital\/libros\/687\/687_04_09_CapituloSeptimo.pdf\" onclick=\"javascript:_gaq.push(['_trackEvent','download','http:\/\/historicas.unam.mx\/publicaciones\/publicadigital\/libros\/687\/687_04_09_CapituloSeptimo.pdf']);\">https:\/\/historicas.unam.mx\/publicaciones\/publicadigital\/libros\/687\/687_04_09_CapituloSeptimo.pdf<\/a><br \/>\n4- Art\u00edculo: Alejandro Salazar Berm\u00fadez, \u201cAlcoholismo y degeneraci\u00f3n en el Manicomio Departamental de Antioquia, Colombia, 1920-1930\u201d, Asclepio. Revista de Historia de la Medicina y de la Ciencia, vol. 69, n\u00fam. 2, 2017, p. 191. DOI: <a href=\"https:\/\/doi.org\/10.3989\/asclepio.2017.14\" onclick=\"javascript:_gaq.push(['_trackEvent','outbound-article','http:\/\/doi.org']);\">https:\/\/doi.org\/10.3989\/asclepio.2017.14<\/a><br \/>\n5- Art\u00edculo: Alejandro Salazar Berm\u00fadez, \u201cVisiones sobre el alcohol y la prohibici\u00f3n en los debates m\u00e9dicos y la prensa en Colombia, 1918-1923\u201d, Trashumante. Revista Americana de Historia Social, n\u00fam. 9, 2017, pp. 78-97. DOI: <a href=\"https:\/\/doi.org\/10.17533\/udea.trahs.n9a0\" onclick=\"javascript:_gaq.push(['_trackEvent','outbound-article','http:\/\/doi.org']);\">https:\/\/doi.org\/10.17533\/udea.trahs.n9a0<\/a><\/p>\n<p><span style=\"color: #993300;\">Contacto<\/span>: asalazarbe@unal.edu.co<\/p>\n","protected":false},"excerpt":{"rendered":"<p>Formaci\u00f3n profesional Historiador, Universidad de Antioquia, 2013 Maestro en Historia con menci\u00f3n honor\u00edfica, Universidad Nacional Aut\u00f3noma de M\u00e9xico, 2015 Doctor en Historia con menci\u00f3n honor\u00edfica, Universidad Nacional Aut\u00f3noma de M\u00e9xico, 2015-2019 Experiencia profesional &#8211; Coordinador de Procesos Acad\u00e9micos del Laboratorio de Fuentes Hist\u00f3ricas, Universidad Nacional de Colombia, 2021-Actual &#8211; Textos y curadur\u00eda de exposici\u00f3n Manicomio.<a class=\"sup-readmore\" href=\"https:\/\/redhistoriapsi.mora.edu.mx\/?page_id=3004\" >Leer m\u00e1s&#8230;<\/a><\/p>\n","protected":false},"author":3,"featured_media":0,"parent":0,"menu_order":0,"comment_status":"open","ping_status":"closed","template":"","meta":{"footnotes":""},"post_mailing_queue_ids":[],"_links":{"self":[{"href":"https:\/\/redhistoriapsi.mora.edu.mx\/index.php?rest_route=\/wp\/v2\/pages\/3004"}],"collection":[{"href":"https:\/\/redhistoriapsi.mora.edu.mx\/index.php?rest_route=\/wp\/v2\/pages"}],"about":[{"href":"https:\/\/redhistoriapsi.mora.edu.mx\/index.php?rest_route=\/wp\/v2\/types\/page"}],"author":[{"embeddable":true,"href":"https:\/\/redhistoriapsi.mora.edu.mx\/index.php?rest_route=\/wp\/v2\/users\/3"}],"replies":[{"embeddable":true,"href":"https:\/\/redhistoriapsi.mora.edu.mx\/index.php?rest_route=%2Fwp%2Fv2%2Fcomments&post=3004"}],"version-history":[{"count":5,"href":"https:\/\/redhistoriapsi.mora.edu.mx\/index.php?rest_route=\/wp\/v2\/pages\/3004\/revisions"}],"predecessor-version":[{"id":3010,"href":"https:\/\/redhistoriapsi.mora.edu.mx\/index.php?rest_route=\/wp\/v2\/pages\/3004\/revisions\/3010"}],"wp:attachment":[{"href":"https:\/\/redhistoriapsi.mora.edu.mx\/index.php?rest_route=%2Fwp%2Fv2%2Fmedia&parent=3004"}],"curies":[{"name":"wp","href":"https:\/\/api.w.org\/{rel}","templated":true}]}}