{"id":3012,"date":"2023-01-03T03:43:25","date_gmt":"2023-01-03T03:43:25","guid":{"rendered":"http:\/\/redhistoriapsi.mora.edu.mx\/?page_id=3012"},"modified":"2024-06-19T19:13:50","modified_gmt":"2024-06-19T19:13:50","slug":"martin-manzanares-ruiz","status":"publish","type":"page","link":"https:\/\/redhistoriapsi.mora.edu.mx\/?page_id=3012","title":{"rendered":"Mart\u00edn Manzanares Ruiz"},"content":{"rendered":"<p><span style=\"color: #993300;\">Formaci\u00f3n profesional<\/span><br \/>\nDoctor en Historia por la Universidad Iberoamericana, Ciudad de M\u00e9xico. Maestro en Historia Moderna y Contempor\u00e1nea por el Instituto de Investigaciones Dr. Jos\u00e9 Mar\u00eda Luis Mora. Licenciado en Psicolog\u00eda por la Universidad Aut\u00f3noma Metropolitana. Egresado del Colegio de Estudios Latinoamericanos por la Universidad Nacional Aut\u00f3noma de M\u00e9xico<\/p>\n<p><span style=\"color: #993300;\">Experiencia profesional<\/span><br \/>\nGesti\u00f3n cultural, en la Secretar\u00eda de Cultura del gobierno federal en M\u00e9xico. Ha sido profesor en la Universidad Aut\u00f3noma de la Ciudad de M\u00e9xico, el Tecnol\u00f3gico de Estudios Superiores de Monterrey, y de la Escuela de la Letra Psicoanal\u00edtica. Asistente de investigaci\u00f3n en diversos proyectos vinculados con la Historia del Tiempo Presente, la Historia Oral, Historia Social y Cultural en el Instituto de Investigaciones Dr. Jos\u00e9 Mar\u00eda Luis Mora y en el Instituto de Investigaciones Hist\u00f3ricas de la UNAM.<\/p>\n<p><span style=\"color: #993300;\">L\u00edneas de investigaci\u00f3n<\/span><br \/>\nHistoria del psicoan\u00e1lisis;<br \/>\nHistoria de los exilios en M\u00e9xico durante el siglo XX;<br \/>\nHistoria reciente en Am\u00e9rica Latina;<br \/>\nGuerra Fr\u00eda<\/p>\n<p><span style=\"color: #993300;\">Proyectos de investigaci\u00f3n en curso<\/span><br \/>\n\u201cAproximaciones desde la historia del tiempo presente a la salud mental en M\u00e9xico en el contexto del covid-19\u201d: para el proyecto \u201cLa casa y sus efectos de presencia durante el Covid-19\u201d coordinado por la Dra. Graciela de Garay (Instituto Mora)<\/p>\n<p>\u201c\u00a1Infiltrados y enemigos de Per\u00f3n! Construcci\u00f3n y concepci\u00f3n de los trabajadores de la salud mental a trav\u00e9s del semanario <em>El Caudillo <\/em>(1973-1975)\u201d para el proyecto &#8220;Historia y memoria del campo &#8220;psi&#8221; y del terrorismo de Estado en Argentina&#8221;, CONICET-Argentina, Coordinado por los doctores Soledad Lastra y Luis Sanfelippo.<\/p>\n<p><span style=\"color: #993300;\">Proyectos de investigaci\u00f3n concluidos<\/span><br \/>\n<a href=\"https:\/\/www.academia.edu\/84747455\/REVOLUCIONAR_LA_MENTE_ORGANIZACI%C3%93N_MILITANCIA_Y_SOLIDARIDAD_PSI_DEL_CORDOBAZO_AL_EXILIO_EN_M%C3%89XICO_DEL_DESTIERRO_A_LA_PARTICIPACI%C3%93N_DEL_PROYECTO_SANDINISTA_1969_1990_\" onclick=\"javascript:_gaq.push(['_trackEvent','outbound-article','http:\/\/www.academia.edu']);\">\u201cRevolucionar la mente. Organizaci\u00f3n, militancia y solidaridad psi. Del Cordobazo al exilio en M\u00e9xico, del destierro a la participaci\u00f3n del proyecto sandinista (1969-1990)\u201d<\/a> (2021)<\/p>\n<p><a href=\"https:\/\/www.institutomora.edu.mx\/Seminarios\/Sshsc\/SiteAssets\/SitePages\/Tesis\/Manzanares_Los%20psicoanalistas%20rioplatenses%20en%20el%20exilio.pdf\" onclick=\"javascript:_gaq.push(['_trackEvent','download','http:\/\/www.institutomora.edu.mx\/Seminarios\/Sshsc\/SiteAssets\/SitePages\/Tesis\/Manzanares_Los%20psicoanalistas%20rioplatenses%20en%20el%20exilio.pdf']);\">\u201cLos psicoanalistas rioplatenses en el exilio: di\u00e1logos, aportes y discusiones m\u00e1s all\u00e1 de los divanes mexicanos (1974-1985)\u201d<\/a> (2016)<\/p>\n<p><span style=\"color: #993300;\">Publicaciones relevantes<\/span><br \/>\n<a href=\"https:\/\/moderna.historicas.unam.mx\/index.php\/ehm\/article\/view\/77744\" onclick=\"javascript:_gaq.push(['_trackEvent','outbound-article','http:\/\/moderna.historicas.unam.mx']);\">\u201cMarx de d\u00eda, Freud de noche la recepci\u00f3n de Herbert Marcuse en M\u00e9xico (1963-1973)\u201d<\/a> en coautor\u00eda con Mariana Reyna, en\u00a0<em>Estudios de historia moderna y contempor\u00e1nea de M\u00e9xico<\/em>, IIH-UNAM, n\u00famero especial, Septiembre de 2022;<br \/>\n<a href=\"https:\/\/ediciones.ungs.edu.ar\/wp-content\/uploads\/2021\/12\/9789876305723-completo.pdf\" onclick=\"javascript:_gaq.push(['_trackEvent','download','http:\/\/ediciones.ungs.edu.ar\/wp-content\/uploads\/2021\/12\/9789876305723-completo.pdf']);\">\u201cOrganizaci\u00f3n, asistencia cl\u00ednica y solidaridad internacional. Trabajadores de la Salud Mental Argentinos en M\u00e9xico (1974-1983)\u201d<\/a> en coautor\u00eda con Malena Alfonso en\u00a0<em>Exilios y salud mental en la historia reciente<\/em>\u00a0Soledad Lastra (coord.), 2021<br \/>\n<a href=\"https:\/\/praxispsy.udp.cl\/index.php\/praxispsi\/article\/view\/22\" onclick=\"javascript:_gaq.push(['_trackEvent','outbound-article','http:\/\/praxispsy.udp.cl']);\">\u201cDivanes despatriados: El exilio de los psicoanalistas del R\u00edo de la Plata en M\u00e9xico (1974-1985)\u201d<\/a> en\u00a0<em>Praxis: revista de psicolog\u00eda<\/em>,\u00a0 Universidad Diego Portales, 2019<\/p>\n<p><span style=\"color: #993300;\">Otros<\/span><br \/>\nParticipaci\u00f3n en el documental <a href=\"http:\/\/www7.bbk.ac.uk\/hiddenpersuaders\/documentaries\/chasing-the-revolution-marie-langer-psychoanalysis-and-society\/\" onclick=\"javascript:_gaq.push(['_trackEvent','outbound-article','http:\/\/www7.bbk.ac.uk']);\">\u201cChaising the revolution\u201d<\/a> (2021) dirigido por Lily Ford, London University.<br \/>\n&#8220;https:\/\/discapacidades.nexos.com.mx\/persiguiendo-la-revolucion-marie-langer-psicoanalisis-y-sociedad\/&#8221;&gt;\u201cPersiguiendo la revoluci\u00f3n: Marie Langer, psicoan\u00e1lisis y sociedad\u201d\u00a0en Revista Nexos, 2021<\/p>\n<p><span style=\"color: #993300;\">Contacto<\/span>:\u00a0martin.manzanares.ruiz@gmail.com<\/p>\n","protected":false},"excerpt":{"rendered":"<p>Formaci\u00f3n profesional Doctor en Historia por la Universidad Iberoamericana, Ciudad de M\u00e9xico. Maestro en Historia Moderna y Contempor\u00e1nea por el Instituto de Investigaciones Dr. Jos\u00e9 Mar\u00eda Luis Mora. Licenciado en Psicolog\u00eda por la Universidad Aut\u00f3noma Metropolitana. Egresado del Colegio de Estudios Latinoamericanos por la Universidad Nacional Aut\u00f3noma de M\u00e9xico Experiencia profesional Gesti\u00f3n cultural, en la<a class=\"sup-readmore\" href=\"https:\/\/redhistoriapsi.mora.edu.mx\/?page_id=3012\" >Leer m\u00e1s&#8230;<\/a><\/p>\n","protected":false},"author":3,"featured_media":0,"parent":0,"menu_order":0,"comment_status":"open","ping_status":"open","template":"","meta":{"footnotes":""},"post_mailing_queue_ids":[],"_links":{"self":[{"href":"https:\/\/redhistoriapsi.mora.edu.mx\/index.php?rest_route=\/wp\/v2\/pages\/3012"}],"collection":[{"href":"https:\/\/redhistoriapsi.mora.edu.mx\/index.php?rest_route=\/wp\/v2\/pages"}],"about":[{"href":"https:\/\/redhistoriapsi.mora.edu.mx\/index.php?rest_route=\/wp\/v2\/types\/page"}],"author":[{"embeddable":true,"href":"https:\/\/redhistoriapsi.mora.edu.mx\/index.php?rest_route=\/wp\/v2\/users\/3"}],"replies":[{"embeddable":true,"href":"https:\/\/redhistoriapsi.mora.edu.mx\/index.php?rest_route=%2Fwp%2Fv2%2Fcomments&post=3012"}],"version-history":[{"count":2,"href":"https:\/\/redhistoriapsi.mora.edu.mx\/index.php?rest_route=\/wp\/v2\/pages\/3012\/revisions"}],"predecessor-version":[{"id":3014,"href":"https:\/\/redhistoriapsi.mora.edu.mx\/index.php?rest_route=\/wp\/v2\/pages\/3012\/revisions\/3014"}],"wp:attachment":[{"href":"https:\/\/redhistoriapsi.mora.edu.mx\/index.php?rest_route=%2Fwp%2Fv2%2Fmedia&parent=3012"}],"curies":[{"name":"wp","href":"https:\/\/api.w.org\/{rel}","templated":true}]}}