{"id":3040,"date":"2023-03-29T21:26:53","date_gmt":"2023-03-29T21:26:53","guid":{"rendered":"http:\/\/redhistoriapsi.mora.edu.mx\/?page_id=3040"},"modified":"2024-06-19T19:19:35","modified_gmt":"2024-06-19T19:19:35","slug":"ximena-lopez-carrillo","status":"publish","type":"page","link":"https:\/\/redhistoriapsi.mora.edu.mx\/?page_id=3040","title":{"rendered":"Ximena L\u00f3pez Carrillo"},"content":{"rendered":"<p><span style=\"color: #993300;\"><strong>Instituci\u00f3n de adscripci\u00f3n<\/strong><\/span><br \/>\nYale University, Departamento de Etnicidad, Raza y Migraci\u00f3n.<\/p>\n<p><strong><span style=\"color: #993300;\">Formaci\u00f3n profesiona<\/span>l<\/strong><br \/>\nDoctora y Maestra en Historia por la Universidad de Stony Brook, SUNY<br \/>\nLicenciada en Historia por la Universidad Nacional Aut\u00f3noma de M\u00e9xico<\/p>\n<p><span style=\"color: #993300;\"><strong>Experiencia profesional<\/strong><\/span><br \/>\nDesde enero del 2022: Lecturer in Latinx Studies en el Departamento de Etnicidad, Raza y Migraci\u00f3n de la Universidad de Yale y profesora afiliada al Center for the Study of Race, Indigeneity, and Transnational Migration de la Universidad de Yale.<\/p>\n<p><span style=\"color: #993300;\"><strong>L\u00edneas de investigaci\u00f3n<\/strong><\/span><br \/>\nHistoria de las pol\u00edticas de salud en Estados Unidos con concentraci\u00f3n en la poblaci\u00f3n mexicana y puertorrique\u00f1a<br \/>\nHistoria de la migraci\u00f3n y la di\u00e1spora mexicana en Estados Unidos.<br \/>\nHistoria de la psicolog\u00eda y el activismo de salud mental de la d\u00e9cada de 1960 a 1980.<br \/>\nEstudios de la poblaci\u00f3n latina en Estados Unidos.<\/p>\n<p><span style=\"color: #993300;\"><strong>Proyectos de investigaci\u00f3n en curso<\/strong><\/span><br \/>\nHistoria de la salud mental comunitaria y del activismo latino en el campo de la psicolog\u00eda, 1963-1981<\/p>\n<p><span style=\"color: #993300;\"><strong>Proyectos de investigaci\u00f3n concluidos<\/strong><\/span><br \/>\nHistoria de la discapacidad intelectual y la psiquiatr\u00eda infantil en M\u00e9xico<\/p>\n<p><span style=\"color: #993300;\"><strong>Publicaciones m\u00e1s relevantes<\/strong><\/span><br \/>\n\u25cf \u201cLecciones para la Historia: el movimiento de la psicolog\u00eda antirracista en Estados Unidos\u201d en Nexos (Dis)capacidades, dispnible en: https:\/\/discapacidades.nexos.com.mx\/author\/ximena-lopez-carrillo\/2017:<\/p>\n<p>\u25cf \u201cRetraso Mental,\u201d in R\u00edos Molina, Andr\u00e9s (coord.), Los pacientes del Manicomio La Casta\u00f1eda y sus diagn\u00f3sticos. Una historia de la cl\u00ednica psiqui\u00e1trica en M\u00e9xico, 1910-1968, M\u00e9xico, Universidad Nacional Aut\u00f3noma de M\u00e9xico, Instituto de Investigaciones Dr. Jos\u00e9 Mar\u00eda Luis Mora, 2017.<\/p>\n<p>\u25cf \u201cLa psiquiatr\u00eda infantil en la Secretar\u00eda de Educaci\u00f3n P\u00fablica y la emergencia de la educaci\u00f3n especial,\u201d in R\u00edos Molina, Andr\u00e9s (coord.), La psiquiatr\u00eda m\u00e1s all\u00e1 de sus fronteras. Instituciones y representaciones en el M\u00e9xico Contempor\u00e1neo, M\u00e9xico, Universidad Nacional Aut\u00f3noma de M\u00e9xico, 2017<\/p>\n<p>\u25cf 2016: R\u00edos Molina, Andr\u00e9s, Cristina Sacrist\u00e1n, Teresa Ordorika and Ximena L\u00f3pez Carrillo. \u201cLos pacientes del Manicomio General La Casta\u00f1eda y sus diagn\u00f3sticos. Una propuesta desde la historia cuantitativa (M\u00e9xico, 1910-1968)\u201d, in Asclepio. Revista de Historia de la Medicina y de la Ciencia, n. 68, v.1, 2016<\/p>\n<p><span style=\"color: #993300;\"><strong>Otros<\/strong><\/span><br \/>\n-Colaboradora en la creaci\u00f3n de la p\u00e1gina \u201cThe Mexican Restaurants of New york City. A Visual History of Mexican People &amp; their Cuisine\u201d disponible en: https:\/\/storymaps.arcgis.com\/stories\/5d130c3dc16b4a86a5066c36b3b72b16<br \/>\n-Miembro de la Red de Estudios de las Ciencias y los Saberes en Latinoam\u00e9rica y el Caribe donde soy voluntaria para la creaci\u00f3n de un sitio web que promueva la ense\u00f1anza de la historia de la ciencia y la medicina de Latinoam\u00e9rica, y facilite el di\u00e1logo entre acad\u00e9micos de Latinoam\u00e9rica y Estados Unidos interesados en estos temas de estudio. P\u00e1gina en construcci\u00f3n\u2026<\/p>\n<p><span style=\"color: #993300;\">Contacto<\/span> ximena.lopezcarrillo@yale.edu<br \/>\nTel: +1-631-413-7942<\/p>\n","protected":false},"excerpt":{"rendered":"<p>Instituci\u00f3n de adscripci\u00f3n Yale University, Departamento de Etnicidad, Raza y Migraci\u00f3n. Formaci\u00f3n profesional Doctora y Maestra en Historia por la Universidad de Stony Brook, SUNY Licenciada en Historia por la Universidad Nacional Aut\u00f3noma de M\u00e9xico Experiencia profesional Desde enero del 2022: Lecturer in Latinx Studies en el Departamento de Etnicidad, Raza y Migraci\u00f3n de la<a class=\"sup-readmore\" href=\"https:\/\/redhistoriapsi.mora.edu.mx\/?page_id=3040\" >Leer m\u00e1s&#8230;<\/a><\/p>\n","protected":false},"author":3,"featured_media":0,"parent":0,"menu_order":0,"comment_status":"open","ping_status":"open","template":"","meta":{"footnotes":""},"post_mailing_queue_ids":[],"_links":{"self":[{"href":"https:\/\/redhistoriapsi.mora.edu.mx\/index.php?rest_route=\/wp\/v2\/pages\/3040"}],"collection":[{"href":"https:\/\/redhistoriapsi.mora.edu.mx\/index.php?rest_route=\/wp\/v2\/pages"}],"about":[{"href":"https:\/\/redhistoriapsi.mora.edu.mx\/index.php?rest_route=\/wp\/v2\/types\/page"}],"author":[{"embeddable":true,"href":"https:\/\/redhistoriapsi.mora.edu.mx\/index.php?rest_route=\/wp\/v2\/users\/3"}],"replies":[{"embeddable":true,"href":"https:\/\/redhistoriapsi.mora.edu.mx\/index.php?rest_route=%2Fwp%2Fv2%2Fcomments&post=3040"}],"version-history":[{"count":5,"href":"https:\/\/redhistoriapsi.mora.edu.mx\/index.php?rest_route=\/wp\/v2\/pages\/3040\/revisions"}],"predecessor-version":[{"id":3361,"href":"https:\/\/redhistoriapsi.mora.edu.mx\/index.php?rest_route=\/wp\/v2\/pages\/3040\/revisions\/3361"}],"wp:attachment":[{"href":"https:\/\/redhistoriapsi.mora.edu.mx\/index.php?rest_route=%2Fwp%2Fv2%2Fmedia&parent=3040"}],"curies":[{"name":"wp","href":"https:\/\/api.w.org\/{rel}","templated":true}]}}