{"id":3087,"date":"2023-10-03T23:35:58","date_gmt":"2023-10-03T23:35:58","guid":{"rendered":"http:\/\/redhistoriapsi.mora.edu.mx\/?page_id=3087"},"modified":"2024-06-19T19:19:08","modified_gmt":"2024-06-19T19:19:08","slug":"viii-encuentro-de-la-red-iberoamericana-de-historia-de-la-psquiatria","status":"publish","type":"page","link":"https:\/\/redhistoriapsi.mora.edu.mx\/?page_id=3087","title":{"rendered":"VIII Encuentro de la Red Iberoamericana de Historia de la Psquiatr\u00eda"},"content":{"rendered":"<p>Entre los d\u00edas 21 y 23 de septiembre de 2023 tuvo lugar el <strong><a href=\"https:\/\/redhistoriapsi.mora.edu.mx\/?page_id=258\" >VIII Encuentro\u00a0de la RIHP<\/a><em>\u00a0<\/em><\/strong>en la ciudad de Buenos Aires, Argentina, en el emblem\u00e1tico Hospital Jos\u00e9 Tiburcio Borda. En dicho Encuentro se conmemor\u00f3 el XV Aniversario de la fundaci\u00f3n de la Red. Adem\u00e1s de la discusi\u00f3n de ponencias en formato presencial y virtual, se presentaron libros publicados por integrantes de la Red. Como colof\u00f3n del evento, tuvo lugar una visita al Museo del Hospital Borda, que cumpli\u00f3 160 a\u00f1os de su fundaci\u00f3n. El <em>VIII Encuentro<\/em> estuvo auspiciado por el Cap\u00edtulo de Epistemolog\u00eda e Historia de la Psiquiatr\u00eda de APSA bajo la coordinaci\u00f3n de Norberto Aldo Conti. <strong>Programa. Res\u00famenes. <\/strong><br \/>\nEn esta edici\u00f3n del encuentro se llevaron a cabo presentaciones de libros.<\/p>\n","protected":false},"excerpt":{"rendered":"<p>Entre los d\u00edas 21 y 23 de septiembre de 2023 tuvo lugar el VIII Encuentro\u00a0de la RIHP\u00a0en la ciudad de Buenos Aires, Argentina, en el emblem\u00e1tico Hospital Jos\u00e9 Tiburcio Borda. En dicho Encuentro se conmemor\u00f3 el XV Aniversario de la fundaci\u00f3n de la Red. Adem\u00e1s de la discusi\u00f3n de ponencias en formato presencial y virtual,<a class=\"sup-readmore\" href=\"https:\/\/redhistoriapsi.mora.edu.mx\/?page_id=3087\" >Leer m\u00e1s&#8230;<\/a><\/p>\n","protected":false},"author":3,"featured_media":0,"parent":0,"menu_order":0,"comment_status":"open","ping_status":"open","template":"","meta":{"footnotes":""},"post_mailing_queue_ids":[],"_links":{"self":[{"href":"https:\/\/redhistoriapsi.mora.edu.mx\/index.php?rest_route=\/wp\/v2\/pages\/3087"}],"collection":[{"href":"https:\/\/redhistoriapsi.mora.edu.mx\/index.php?rest_route=\/wp\/v2\/pages"}],"about":[{"href":"https:\/\/redhistoriapsi.mora.edu.mx\/index.php?rest_route=\/wp\/v2\/types\/page"}],"author":[{"embeddable":true,"href":"https:\/\/redhistoriapsi.mora.edu.mx\/index.php?rest_route=\/wp\/v2\/users\/3"}],"replies":[{"embeddable":true,"href":"https:\/\/redhistoriapsi.mora.edu.mx\/index.php?rest_route=%2Fwp%2Fv2%2Fcomments&post=3087"}],"version-history":[{"count":2,"href":"https:\/\/redhistoriapsi.mora.edu.mx\/index.php?rest_route=\/wp\/v2\/pages\/3087\/revisions"}],"predecessor-version":[{"id":3089,"href":"https:\/\/redhistoriapsi.mora.edu.mx\/index.php?rest_route=\/wp\/v2\/pages\/3087\/revisions\/3089"}],"wp:attachment":[{"href":"https:\/\/redhistoriapsi.mora.edu.mx\/index.php?rest_route=%2Fwp%2Fv2%2Fmedia&parent=3087"}],"curies":[{"name":"wp","href":"https:\/\/api.w.org\/{rel}","templated":true}]}}