{"id":449,"date":"2013-09-17T23:57:32","date_gmt":"2013-09-17T23:57:32","guid":{"rendered":"http:\/\/rihpblog.wordpress.com\/?page_id=449"},"modified":"2024-06-19T18:43:40","modified_gmt":"2024-06-19T18:43:40","slug":"proyectos","status":"publish","type":"page","link":"https:\/\/redhistoriapsi.mora.edu.mx\/?page_id=449","title":{"rendered":"Proyectos"},"content":{"rendered":"<p><strong>Ana Maria Galdini Raimundo Oda<\/strong><br \/>\n<span style=\"color: #000000;\"><a href=\"http:\/\/rihpblog.files.wordpress.com\/2013\/09\/resumo-projeto-atual-ana-maria-g-r-oda.pdf\" onclick=\"javascript:_gaq.push(['_trackEvent','download','http:\/\/rihpblog.files.wordpress.com\/2013\/09\/resumo-projeto-atual-ana-maria-g-r-oda.pdf']);\" target=\"_blank\" rel=\"noopener\"><span style=\"color: #000000;\">Malestar en la esclavitud: concepciones m\u00e9dicas de psicopatolog\u00eda, cautiverio, libertad, raza, civilizaci\u00f3n y progreso (c.1830-1918)<\/span><\/a><\/span><\/p>\n<p><span style=\"color: #501224;\"><strong>Ana Teresa A. Venancio<\/strong><\/span><br \/>\n<a href=\"http:\/\/rihpblog.files.wordpress.com\/2013\/09\/resumo-projeto-atual-ana-teresa.pdf\" onclick=\"javascript:_gaq.push(['_trackEvent','download','http:\/\/rihpblog.files.wordpress.com\/2013\/09\/resumo-projeto-atual-ana-teresa.pdf']);\" target=\"_blank\" rel=\"noopener\"><span style=\"color: #000000;\"><span style=\"color: #000000;\">Atores, id\u00e9ias, pr\u00e1ticas psiqui\u00e1tricas e constru\u00e7\u00e3o social da diferen\u00e7a (Rio de Janeiro, 1903-1970).<\/span><\/span><\/a><\/p>\n<p><span style=\"color: #501224;\"><strong>Anna Beatriz de S\u00e1 Almeida<\/strong><\/span><br \/>\n<span style=\"color: #000000;\"><a href=\"http:\/\/rihpblog.files.wordpress.com\/2013\/09\/resumo-projeto-atual-anna-beatriz.pdf\" onclick=\"javascript:_gaq.push(['_trackEvent','download','http:\/\/rihpblog.files.wordpress.com\/2013\/09\/resumo-projeto-atual-anna-beatriz.pdf']);\" target=\"_blank\" rel=\"noopener\"><span style=\"color: #000000;\">Hist\u00f3ria do Pavilh\u00e3o Nossa Senhora dos Rem\u00e9dio<span class=\"zem_slink\">s<\/span> da Col\u00f4nia Juliano Moreira e das suas prov\u00e1veis internas, Rio de Janeiro, Brasil, 1940-1970<\/span><\/a>.<\/span><\/p>\n<p><strong><span style=\"color: #501224;\">Flavio Coelho Edler<\/span><\/strong><br \/>\n<span style=\"color: #000000;\"><a href=\"http:\/\/rihpblog.files.wordpress.com\/2013\/09\/resumo-projeto-atual-flavio-edler.pdf\" onclick=\"javascript:_gaq.push(['_trackEvent','download','http:\/\/rihpblog.files.wordpress.com\/2013\/09\/resumo-projeto-atual-flavio-edler.pdf']);\" target=\"_blank\" rel=\"noopener\"><span style=\"color: #000000;\">Corpo, mente e alma: o discurso m\u00e9dico-antropol\u00f3gico sobre o comportamento criminoso no Brasil (1830-1889).<\/span><\/a><\/span><\/p>\n<p><strong><span style=\"color: #501224;\">Robert Wegner<\/span><\/strong><br \/>\n<span style=\"color: #000000;\"><a href=\"http:\/\/rihpblog.files.wordpress.com\/2013\/09\/resumo-projeto-atual-robert-wegner.pdf\" onclick=\"javascript:_gaq.push(['_trackEvent','download','http:\/\/rihpblog.files.wordpress.com\/2013\/09\/resumo-projeto-atual-robert-wegner.pdf']);\" target=\"_blank\" rel=\"noopener\"><span style=\"color: #000000;\">Identidade, educa\u00e7\u00e3o e doen\u00e7a em intelectuais brasileiros (1918-1939)<\/span><\/a><\/span><\/p>\n<p><span style=\"color: #501224;\"><strong>Cristiana Facchinetti<\/strong><\/span><br \/>\n<span style=\"color: #000000;\"><a href=\"http:\/\/rihpblog.files.wordpress.com\/2013\/09\/resumo-projeto-atual-cristiana.pdf\" onclick=\"javascript:_gaq.push(['_trackEvent','download','http:\/\/rihpblog.files.wordpress.com\/2013\/09\/resumo-projeto-atual-cristiana.pdf']);\" target=\"_blank\" rel=\"noopener\"><span style=\"color: #000000;\">Circulando saberes: Las relaciones Brasil-Alemania en el contexto de la psiquiatr\u00eda (1903-1938)<\/span><\/a><\/span><\/p>\n<p><strong><span style=\"color: #501224;\">Yonissa Marmitt Wadi<\/span><\/strong><br \/>\n<span style=\"color: #000000;\"><a href=\"http:\/\/rihpblog.files.wordpress.com\/2013\/09\/resumo-projeto-atual-yonissa-wadi.pdf\" onclick=\"javascript:_gaq.push(['_trackEvent','download','http:\/\/rihpblog.files.wordpress.com\/2013\/09\/resumo-projeto-atual-yonissa-wadi.pdf']);\" target=\"_blank\" rel=\"noopener\"><span style=\"color: #000000;\">G\u00eanero, institui\u00e7\u00f5es e saber psiqui\u00e1trico em narrativas da loucura.<\/span><\/a><\/span><br \/>\n<span style=\"color: #000000;\"><a href=\"http:\/\/rihpblog.files.wordpress.com\/2013\/09\/resumo-projeto-atual-yonissa-wadi.pdf\" onclick=\"javascript:_gaq.push(['_trackEvent','download','http:\/\/rihpblog.files.wordpress.com\/2013\/09\/resumo-projeto-atual-yonissa-wadi.pdf']);\" target=\"_blank\" rel=\"noopener\"><span style=\"color: #000000;\"> Hist\u00f3ria da loucura e da psiquiatria: bibliografia de refer\u00eancia e percursos historiogr\u00e1ficos.<\/span><\/a><\/span><br \/>\n<span style=\"color: #000000;\"><a href=\"http:\/\/rihpblog.files.wordpress.com\/2013\/09\/resumo-projeto-atual-yonissa-wadi.pdf\" onclick=\"javascript:_gaq.push(['_trackEvent','download','http:\/\/rihpblog.files.wordpress.com\/2013\/09\/resumo-projeto-atual-yonissa-wadi.pdf']);\" target=\"_blank\" rel=\"noopener\"><span style=\"color: #000000;\"> Hist\u00f3rias sobre experi\u00eancias, pr\u00e1ticas, institui\u00e7\u00f5es e saberes sobre sa\u00fade e doen\u00e7a.<\/span><\/a><\/span><\/p>\n<p><strong>\u00a0<\/strong><\/p>\n","protected":false},"excerpt":{"rendered":"<p>Ana Maria Galdini Raimundo Oda Malestar en la esclavitud: concepciones m\u00e9dicas de psicopatolog\u00eda, cautiverio, libertad, raza, civilizaci\u00f3n y progreso (c.1830-1918) Ana Teresa A. Venancio Atores, id\u00e9ias, pr\u00e1ticas psiqui\u00e1tricas e constru\u00e7\u00e3o social da diferen\u00e7a (Rio de Janeiro, 1903-1970). Anna Beatriz de S\u00e1 Almeida Hist\u00f3ria do Pavilh\u00e3o Nossa Senhora dos Rem\u00e9dios da Col\u00f4nia Juliano Moreira e das<a class=\"sup-readmore\" href=\"https:\/\/redhistoriapsi.mora.edu.mx\/?page_id=449\" >Leer m\u00e1s&#8230;<\/a><\/p>\n","protected":false},"author":7854,"featured_media":0,"parent":0,"menu_order":0,"comment_status":"closed","ping_status":"closed","template":"","meta":{"footnotes":""},"post_mailing_queue_ids":[],"_links":{"self":[{"href":"https:\/\/redhistoriapsi.mora.edu.mx\/index.php?rest_route=\/wp\/v2\/pages\/449"}],"collection":[{"href":"https:\/\/redhistoriapsi.mora.edu.mx\/index.php?rest_route=\/wp\/v2\/pages"}],"about":[{"href":"https:\/\/redhistoriapsi.mora.edu.mx\/index.php?rest_route=\/wp\/v2\/types\/page"}],"author":[{"embeddable":true,"href":"https:\/\/redhistoriapsi.mora.edu.mx\/index.php?rest_route=\/wp\/v2\/users\/7854"}],"replies":[{"embeddable":true,"href":"https:\/\/redhistoriapsi.mora.edu.mx\/index.php?rest_route=%2Fwp%2Fv2%2Fcomments&post=449"}],"version-history":[{"count":9,"href":"https:\/\/redhistoriapsi.mora.edu.mx\/index.php?rest_route=\/wp\/v2\/pages\/449\/revisions"}],"predecessor-version":[{"id":3226,"href":"https:\/\/redhistoriapsi.mora.edu.mx\/index.php?rest_route=\/wp\/v2\/pages\/449\/revisions\/3226"}],"wp:attachment":[{"href":"https:\/\/redhistoriapsi.mora.edu.mx\/index.php?rest_route=%2Fwp%2Fv2%2Fmedia&parent=449"}],"curies":[{"name":"wp","href":"https:\/\/api.w.org\/{rel}","templated":true}]}}