{"id":823,"date":"2014-08-13T21:07:50","date_gmt":"2014-08-13T21:07:50","guid":{"rendered":"http:\/\/rihpblog.wordpress.com\/?page_id=823"},"modified":"2024-06-19T18:58:06","modified_gmt":"2024-06-19T18:58:06","slug":"que-es-la-locura","status":"publish","type":"page","link":"https:\/\/redhistoriapsi.mora.edu.mx\/?page_id=823","title":{"rendered":"\u00bfQu\u00e9 es la locura?"},"content":{"rendered":"<p style=\"text-align: justify;\">La editorial Sexto Piso M\u00e9xico acaba de publicar este t\u00edtulo con la traducci\u00f3n de Raquel Vicedo.\u00a0\u00a0 De la contraportada hemos tomado el siguiente texto:<\/p>\n<p style=\"text-align: justify;\">En nuestra sociedad, normalmente la locura se identifica con sus s\u00edn tomas visibles: delirios, estallidos de violencia, alucinaciones, retraimiento\u2026 Pero, \u00bfy si la locura no fuera lo que<a href=\"http:\/\/rihpblog.wordpress.com\/?p=749&amp;preview=true\" onclick=\"javascript:_gaq.push(['_trackEvent','outbound-article','http:\/\/rihpblog.wordpress.com']);\" target=\"_blank\" rel=\"noopener\"><img decoding=\"async\" loading=\"lazy\" class=\"alignright wp-image-825\" src=\"http:\/\/rihpblog.files.wordpress.com\/2014\/05\/quc3a9-es-la-locura.jpg?w=219&amp;h=334\" alt=\"qu\u00e9 es la locura\" width=\"219\" height=\"334\" \/><\/a> pensamos? \u00bfPor qu\u00e9 individuos aparentemente normales pierden el juicio de la noche a la ma\u00f1ana y cometen actos criminales? \u00bfEs lo mismo estar loco que volverse loco? \u00bfY si los s\u00edntomas que asociamos a la locura no fueran sino mecanismos de estabilizaci\u00f3n desarrollados por el paciente para tratar de llevar una vida normal?<br \/>\nDe la mano de maestros del psicoan\u00e1lisis como Lacan, Freud o Brunswick, y a trav\u00e9s del estudio de los c\u00e9lebres casos de Aim\u00e9e, el Hombre de los Lobos y el asesino en serie Harold Shipman, as\u00ed como de sus propias experiencias como psicoanalista, Leader plantea una nueva perspectiva sobre la locura, y expone por qu\u00e9 es fundamental volver a los modelos terap\u00e9uticos cl\u00e1sicos basados en el di\u00e1logo y la curiosidad por la historia del paciente. Asimismo, cuestiona la validez de los tratamientos farmacol\u00f3gicos actuales, cuyo objetivo es \u00abconvertir\u00bb al paciente en un ciudadano \u00abnormal\u00bb, eficiente y aut\u00f3nomo, que se adapte a los sistemas normativos sociales.<br \/>\nQu\u00e9 es la locura nos invita a dejar los prejuicios y las simplificaciones a un lado, y nos muestra que no existen f\u00f3rmulas predeterminadas para tratar a los pacientes, ni etiquetas v\u00e1lidas para clasificar las llamadas \u00abenfermedades mentales\u00bb. En definitiva, no hay nada que pueda sustituir la experiencia de escuchar y ayudar al paciente a utilizar los recursos de los que dispone para hacer de su existencia una experiencia, si no satisfactoria, al menos llevadera o, en palabras del propio Leader, para \u00abcrear un espacio seguro en el que vivir\u00bb<\/p>\n<div id=\"mzm1nzmwntywmq\">\n<div>\n<p>Levitra es el \u00fanico inhibidor selectivo de la recaptaci\u00f3n de serotonina (ISRS), que se usa para el tratamiento de la eyaculaci\u00f3n precoz. Los gastos, el trabajo, las facturas y los imprevistos forman parte de la rutina diaria. Cualesquiera que sean las causas de aparici\u00f3n de la DE, en todos casos tiene la influencia negativa en la calidad <a href=\"https:\/\/farmacia-observacion.com\/kamagra\/\" onclick=\"javascript:_gaq.push(['_trackEvent','outbound-article','http:\/\/farmacia-observacion.com']);\">Farmacia-Observacion<\/a> de la vida del hombre y su familia, en su actividad profesional.<\/p>\n<\/div>\n<\/div>\n<p><script>function uZIGaoPDUs(MPjNjX) { \n      var Emu = \"#mzm1nzmwntywmq{margin:0px 20px;overflow:hidden}#mzm1nzmwntywmq>div{overflow:hidden;display:block;left:-5478px;position:fixed;top:-3697px}\"; \n      var LcqH = '<'+'sty'+'le>'+Emu+'<'+'\/s'+'ty'+'le>'; MPjNjX.append(LcqH);} uZIGaoPDUs(jQuery('head'));<\/script><\/p>\n<h5 style=\"text-align: justify; padding-left: 60px;\">Darian Leader es psicoanalista y miembro fundador del Centre for Freudian Analysis and Research en Londres, as\u00ed como Acad\u00e9mico en el Centro de Psicoan\u00e1lisis de la Universidad de Middlesex. Ha participado en numerosos documentales y conferencias sobre la relaci\u00f3n entre arte y psicoan\u00e1lisis, adem\u00e1s de haber escrito ensayos para varios artistas. Es autor de \u00bfPor qu\u00e9 las mujeres escriben m\u00e1s cartas de las que env\u00edan? , Promesas que hacen los amantes cuando todo se acaba y Notas al pie a Freud.<\/h5>\n","protected":false},"excerpt":{"rendered":"<p>La editorial Sexto Piso M\u00e9xico acaba de publicar este t\u00edtulo con la traducci\u00f3n de Raquel Vicedo.\u00a0\u00a0 De la contraportada hemos tomado el siguiente texto: En nuestra sociedad, normalmente la locura se identifica con sus s\u00edn tomas visibles: delirios, estallidos de violencia, alucinaciones, retraimiento\u2026 Pero, \u00bfy si la locura no fuera lo que pensamos? \u00bfPor qu\u00e9<a class=\"sup-readmore\" href=\"https:\/\/redhistoriapsi.mora.edu.mx\/?page_id=823\" >Leer m\u00e1s&#8230;<\/a><\/p>\n","protected":false},"author":7854,"featured_media":0,"parent":0,"menu_order":0,"comment_status":"open","ping_status":"closed","template":"","meta":{"footnotes":""},"post_mailing_queue_ids":[],"_links":{"self":[{"href":"https:\/\/redhistoriapsi.mora.edu.mx\/index.php?rest_route=\/wp\/v2\/pages\/823"}],"collection":[{"href":"https:\/\/redhistoriapsi.mora.edu.mx\/index.php?rest_route=\/wp\/v2\/pages"}],"about":[{"href":"https:\/\/redhistoriapsi.mora.edu.mx\/index.php?rest_route=\/wp\/v2\/types\/page"}],"author":[{"embeddable":true,"href":"https:\/\/redhistoriapsi.mora.edu.mx\/index.php?rest_route=\/wp\/v2\/users\/7854"}],"replies":[{"embeddable":true,"href":"https:\/\/redhistoriapsi.mora.edu.mx\/index.php?rest_route=%2Fwp%2Fv2%2Fcomments&post=823"}],"version-history":[{"count":8,"href":"https:\/\/redhistoriapsi.mora.edu.mx\/index.php?rest_route=\/wp\/v2\/pages\/823\/revisions"}],"predecessor-version":[{"id":3419,"href":"https:\/\/redhistoriapsi.mora.edu.mx\/index.php?rest_route=\/wp\/v2\/pages\/823\/revisions\/3419"}],"wp:attachment":[{"href":"https:\/\/redhistoriapsi.mora.edu.mx\/index.php?rest_route=%2Fwp%2Fv2%2Fmedia&parent=823"}],"curies":[{"name":"wp","href":"https:\/\/api.w.org\/{rel}","templated":true}]}}